{"id":167,"date":"2017-04-05T12:21:35","date_gmt":"2017-04-05T11:21:35","guid":{"rendered":"https:\/\/www.valyder.com\/?page_id=167"},"modified":"2017-04-18T17:05:01","modified_gmt":"2017-04-18T16:05:01","slug":"aspectes-legals","status":"publish","type":"page","link":"https:\/\/www.valyder.com\/ca\/aspectes-legals\/","title":{"rendered":"Aspectes legals"},"content":{"rendered":"<h3>Responsabilitat del lloc web<\/h3>\n<p><strong>Valyder<\/strong>\u00a0\u00e9s una marca comercial de <strong>Fesomia<\/strong> (Enraona Internet SL, amb CIF ESB55506232, amb domicili al carrer del Comte de Sicart, 16 2n. 43480 Vila-seca), la qual actua com a titular, dinamitzadora i gestora de continguts del web <strong>valyder.com<\/strong><\/p>\n<h2>Concepte d&#8217;usuari<\/h2>\n<p>La utilitzaci\u00f3 del web atribueix la condici\u00f3 d&#8217;usuari, i implica l&#8217;acceptaci\u00f3 plena i sense reserves de totes i cadascuna de les disposicions incloses en aquest \u00abAv\u00eds legal\u00bb en la versi\u00f3 publicada per Valyder\u00a0en el mateix moment que l&#8217;usuari accedeixi al web. En conseq\u00fc\u00e8ncia, l&#8217;usuari ha de llegir atentament el present \u00abAv\u00eds legal\u00bb en cadascuna de les ocasions que es proposi utilitzar el web, ja que poden produir-se modificacions.<\/p>\n<h2>Informaci\u00f3 sobre els enlla\u00e7os o <em>links<\/em><\/h2>\n<p>Valyder no es fa responsable dels llocs webs no propis als quals es pot accedir mitjan\u00e7ant vincles o de qualsevol contingut posat a disposici\u00f3 per tercers. Qualsevol \u00fas d&#8217;un vincle o acc\u00e9s a un web no propi \u00e9s realitzat per voluntat i risc exclusiu de l&#8217;usuari i Valyder no recomana ni garanteix cap informaci\u00f3 obtinguda a trav\u00e9s d&#8217;un vincle ali\u00e8 al web de Valyder ni es responsabilitza de cap p\u00e8rdua, reclamaci\u00f3 o perjudici derivada de l&#8217;\u00fas o mal \u00fas d&#8217;un vincle, o de la informaci\u00f3 obtinguda a trav\u00e9s d&#8217;ell, inclosos altres vincles o webs, de la interrupci\u00f3 en el servei o en l&#8217;acc\u00e9s, o de l&#8217;intent d&#8217;usar o usar malament un vincle, tant en connectar al web de Valyder com en accedir a la informaci\u00f3 d&#8217;altres llocs web des del web de Valyder.<\/p>\n<h2>Informaci\u00f3 sobre la utilitzaci\u00f3 de galetes o <em>cookies<\/em><\/h2>\n<p>En aquest web es poden estar utilitzant <em>cookies<\/em> en algunes p\u00e0gines. La finalitat d&#8217;aquestes <em>cookies<\/em> \u00e9s millorar el servei que ofereixen als seus clients i als nostres visitants. Les <em>cookies<\/em> s\u00f3n petits fitxers de dades que es generen en l&#8217;ordinador de l&#8217;usuari i que permeten obtenir la seg\u00fcent informaci\u00f3:<\/p>\n<ul>\n<li>Data i hora de l&#8217;\u00faltima vegada que l&#8217;usuari visita el web.<\/li>\n<li>Disseny de contingut que l&#8217;usuari va escollir en la seva primera visita al web.<\/li>\n<li>Elements de seguretat que intervenen en el control d&#8217;acc\u00e9s a les \u00e0rees restringides.<\/li>\n<\/ul>\n<h2>Ren\u00fancia i limitaci\u00f3 de la responsabilitat<\/h2>\n<p>La informaci\u00f3 i serveis inclosos o disponibles a trav\u00e9s de les p\u00e0gines web poden incloure incorreccions o errors tipogr\u00e0fics. De forma peri\u00f2dica s&#8217;incorporen canvis a la informaci\u00f3 continguda. Valyder pot introduir en qualsevol moment millores i\/o canvis en els serveis o continguts.<\/p>\n<p>Valyder ha obtingut la informaci\u00f3 i els materials inclosos en el web de fonts considerades com fiables, per\u00f2, si b\u00e9 s&#8217;han pres les mesures corresponents per a assegurar que la informaci\u00f3 continguda sigui correcta, no garanteix que sigui exacta i actualitzada.<\/p>\n<p>Tamb\u00e9 s&#8217;adverteix que els continguts d&#8217;aquest web, tenen dues finalitats, una finalitat informativa quant a la qualitat, situaci\u00f3, serveis i tarifes i altra de venda de productes segons el previst en el present av\u00eds legal i la resta de textos legals del present web.<\/p>\n<h3>Informaci\u00f3 sobre l&#8217;exempci\u00f3 de tota la responsabilitat derivada d&#8217;una fallada t\u00e8cnica i de contingut<\/h3>\n<p>Valyder declina qualsevol responsabilitat en cas que existeixin interrupcions o un mal funcionament dels serveis o continguts oferts en Internet, qualsevol que sigui la seva causa. Aix\u00ed mateix, Valyder no es fa responsable per caigudes de la xarxa, p\u00e8rdues de negoci a conseq\u00fc\u00e8ncia d&#8217;aquestes caigudes, suspensions temporals del fluid el\u00e8ctric o qualsevol altre tipus. Valyder no declara ni garanteix que els serveis o continguts no siguin interromputs o que estiguin lliures d&#8217;errors, que els defectes siguin corregits, o que el servei o el servidor que ho posa a disposici\u00f3 estiguin lliures de virus o altres components nocius, sense perjudici que Valyder realitza els seus millors esfor\u00e7os a evitar aquest tipus d&#8217;incidents. En cas que l&#8217;usuari prengu\u00e9s determinades decisions o realitz\u00e9s accions amb base a la informaci\u00f3 inclosa en qualsevol dels llocs web, es recomana la comprovaci\u00f3 de la informaci\u00f3 rebuda amb altres fonts.<\/p>\n<h2>Propietat industrial i intel\u00b7lectual<\/h2>\n<p>Els continguts creats i generats per Valyder aix\u00ed com els continguts abocats a\u00a0la xarxa a trav\u00e9s de les seves p\u00e0gines web s\u00f3n propietat de Valyder.<\/p>\n<p>No obstant els logotips, icones, botons, programari, noms comercials, marques, dibuixos industrials o qualsevol altres signes propietat de tercers titulars que han autoritzat degudament la seva inclusi\u00f3 en els diferents llocs web de Valyder, queden exclosos d&#8217;aquesta llic\u00e8ncia d&#8217;\u00fas.<\/p>\n<p>Els continguts, imatges, formes, opinions, \u00edndexs i altres expressions formals que formin part de les p\u00e0gines web, aix\u00ed com el programari necessari per al funcionament i visualitzaci\u00f3 d&#8217;aquestes, constitueixen aix\u00ed mateix una obra en el sentit del Dret d&#8217;Autor i queden, per tant, protegides per les convencions internacionals i legislacions nacionals en mat\u00e8ria de Propietat intel\u00b7lectual que resultin aplicables. L&#8217;incompliment de l&#8217;assenyalat implica la comissi\u00f3 de greus actes il\u00b7l\u00edcits i la seva sanci\u00f3 per la legislaci\u00f3 civil i penal.<\/p>\n<p>Valyder \u00e9s lliure de limitar l&#8217;acc\u00e9s a les p\u00e0gines web, i als productes i\/o serveis en ella oferts, aix\u00ed com la conseg\u00fcent publicaci\u00f3 de les opinions, observacions, imatges o comentaris que els usuaris puguin fer-li arribar a trav\u00e9s del correu electr\u00f2nic.<\/p>\n<p>Valyder, en aquest sentit, podr\u00e0 establir, si ho considera oport\u00fa, sense perjudici de l&#8217;\u00fanica i exclusiva responsabilitat dels usuaris, els filtres necessaris a fi d&#8217;evitar que a trav\u00e9s de les seves p\u00e0gines web puguin abocar-se en la xarxa continguts o opinions, considerats com racistes, xen\u00f2fobs, discriminatoris, pornogr\u00e0fics, difamatoris o que, de qualsevol manera, fomentin la viol\u00e8ncia o la disseminaci\u00f3 de continguts clarament il\u00b7l\u00edcits o nocius.<\/p>\n<p>Aquells usuaris que envi\u00efn als llocs web de Valyder, al seu departament de suggeriments, observacions, opinions o comentaris per mitj\u00e0 del servei de correu electr\u00f2nic, tret que expressin de manera certa i vera\u00e7 el contrari, en els casos en els quals per la naturalesa dels serveis o continguts aix\u00f2 sigui possible, s&#8217;ent\u00e9n que autoritzen a Valyder per a la reproducci\u00f3, distribuci\u00f3, exhibici\u00f3, transmissi\u00f3, retransmissi\u00f3, emissi\u00f3 en qualsevol format, emmagatzematge en suports f\u00edsics o l\u00f2gics (per exemple, disquets o disc dur d&#8217;ordinadors), digitalitzaci\u00f3, posada a disposici\u00f3 des de bases de dades pertanyents a Valyder, traducci\u00f3, adaptaci\u00f3, arranjament o qualsevol altra transformaci\u00f3 de tals observacions, opinions o comentaris, per tot el temps de protecci\u00f3 de dret d&#8217;autor que estigui previst legalment.<\/p>\n<p>Aix\u00ed mateix, s&#8217;ent\u00e9n que aquesta autoritzaci\u00f3 es fa a t\u00edtol gratu\u00eft, i que pel sol fet d&#8217;enviar per correu electr\u00f2nic tals observacions, opinions o comentaris, els usuaris declinen qualsevol pretensi\u00f3 remunerat\u00f2ria per part de Valyder.<\/p>\n<p>D&#8217;acord amb l&#8217;assenyalat en el par\u00e0graf anterior, Valyder queda autoritzada igualment per a procedir a la modificaci\u00f3 o alteraci\u00f3 de tals observacions, opinions o comentaris, a fi d&#8217;adaptar-los a les necessitats de format editorial de les p\u00e0gines web, sense que per aix\u00f2 pugui entendre&#8217;s que existeix en absolut qualsevol tipus de lesi\u00f3 de qualsevol de les facultats morals de dret d&#8217;autor que els usuaris poguessin ostentar sobre aquelles.<\/p>\n","protected":false},"excerpt":{"rendered":"<p>Responsabilitat del lloc web Valyder\u00a0\u00e9s una marca comercial de Fesomia (Enraona Internet SL, amb CIF ESB55506232, amb domicili al carrer del Comte de Sicart, 16 2n. 43480 Vila-seca), la qual actua com a titular, dinamitzadora i gestora de continguts del web valyder.com Concepte d&#8217;usuari La utilitzaci\u00f3 del web atribueix la condici\u00f3 d&#8217;usuari, i implica l&#8217;acceptaci\u00f3 &hellip; <\/p>\n<p class=\"link-more\"><a href=\"https:\/\/www.valyder.com\/ca\/aspectes-legals\/\" class=\"more-link\">Continua llegint <span class=\"screen-reader-text\">\u00abAspectes legals\u00bb<\/span><\/a><\/p>\n","protected":false},"author":1,"featured_media":0,"parent":0,"menu_order":0,"comment_status":"closed","ping_status":"closed","template":"","meta":{"footnotes":""},"class_list":["post-167","page","type-page","status-publish","hentry"],"yoast_head":"<!-- This site is optimized with the Yoast SEO plugin v27.3 - https:\/\/yoast.com\/product\/yoast-seo-wordpress\/ -->\n<title>Aspectes legals &#8211; Valyder<\/title>\n<meta name=\"description\" content=\"Conegueu les condicions legals d&#039;\u00fas de Valyder.\" \/>\n<meta name=\"robots\" content=\"noindex, nofollow\" \/>\n<meta property=\"og:locale\" content=\"ca_ES\" \/>\n<meta property=\"og:type\" content=\"article\" \/>\n<meta property=\"og:title\" content=\"Aspectes legals &#8211; Valyder\" \/>\n<meta property=\"og:description\" content=\"Conegueu les condicions legals d&#039;\u00fas de Valyder.\" \/>\n<meta property=\"og:url\" content=\"https:\/\/www.valyder.com\/ca\/aspectes-legals\/\" \/>\n<meta property=\"og:site_name\" content=\"Valyder\" \/>\n<meta property=\"article:modified_time\" content=\"2017-04-18T16:05:01+00:00\" \/>\n<meta name=\"twitter:card\" content=\"summary_large_image\" \/>\n<meta name=\"twitter:site\" content=\"@valyder\" \/>\n<meta name=\"twitter:label1\" content=\"Temps estimat de lectura\" \/>\n\t<meta name=\"twitter:data1\" content=\"6 minuts\" \/>\n<script type=\"application\/ld+json\" class=\"yoast-schema-graph\">{\"@context\":\"https:\\\/\\\/schema.org\",\"@graph\":[{\"@type\":\"WebPage\",\"@id\":\"https:\\\/\\\/www.valyder.com\\\/ca\\\/aspectes-legals\\\/\",\"url\":\"https:\\\/\\\/www.valyder.com\\\/ca\\\/aspectes-legals\\\/\",\"name\":\"Aspectes legals &#8211; Valyder\",\"isPartOf\":{\"@id\":\"https:\\\/\\\/www.valyder.com\\\/ca\\\/#website\"},\"datePublished\":\"2017-04-05T11:21:35+00:00\",\"dateModified\":\"2017-04-18T16:05:01+00:00\",\"description\":\"Conegueu les condicions legals d'\u00fas de Valyder.\",\"breadcrumb\":{\"@id\":\"https:\\\/\\\/www.valyder.com\\\/ca\\\/aspectes-legals\\\/#breadcrumb\"},\"inLanguage\":\"ca\",\"potentialAction\":[{\"@type\":\"ReadAction\",\"target\":[\"https:\\\/\\\/www.valyder.com\\\/ca\\\/aspectes-legals\\\/\"]}]},{\"@type\":\"BreadcrumbList\",\"@id\":\"https:\\\/\\\/www.valyder.com\\\/ca\\\/aspectes-legals\\\/#breadcrumb\",\"itemListElement\":[{\"@type\":\"ListItem\",\"position\":1,\"name\":\"Inici\",\"item\":\"https:\\\/\\\/www.valyder.com\\\/ca\\\/\"},{\"@type\":\"ListItem\",\"position\":2,\"name\":\"Aspectes legals\"}]},{\"@type\":\"WebSite\",\"@id\":\"https:\\\/\\\/www.valyder.com\\\/ca\\\/#website\",\"url\":\"https:\\\/\\\/www.valyder.com\\\/ca\\\/\",\"name\":\"Valyder\",\"description\":\"Visat electr\u00f2nic per a Col\u00b7legis Professionals\",\"publisher\":{\"@id\":\"https:\\\/\\\/www.valyder.com\\\/ca\\\/#organization\"},\"potentialAction\":[{\"@type\":\"SearchAction\",\"target\":{\"@type\":\"EntryPoint\",\"urlTemplate\":\"https:\\\/\\\/www.valyder.com\\\/ca\\\/?s={search_term_string}\"},\"query-input\":{\"@type\":\"PropertyValueSpecification\",\"valueRequired\":true,\"valueName\":\"search_term_string\"}}],\"inLanguage\":\"ca\"},{\"@type\":\"Organization\",\"@id\":\"https:\\\/\\\/www.valyder.com\\\/ca\\\/#organization\",\"name\":\"Valyder\",\"url\":\"https:\\\/\\\/www.valyder.com\\\/ca\\\/\",\"logo\":{\"@type\":\"ImageObject\",\"inLanguage\":\"ca\",\"@id\":\"https:\\\/\\\/www.valyder.com\\\/ca\\\/#\\\/schema\\\/logo\\\/image\\\/\",\"url\":\"https:\\\/\\\/www.valyder.com\\\/wp-content\\\/uploads\\\/2017\\\/03\\\/cropped-logo-2-1.png\",\"contentUrl\":\"https:\\\/\\\/www.valyder.com\\\/wp-content\\\/uploads\\\/2017\\\/03\\\/cropped-logo-2-1.png\",\"width\":250,\"height\":250,\"caption\":\"Valyder\"},\"image\":{\"@id\":\"https:\\\/\\\/www.valyder.com\\\/ca\\\/#\\\/schema\\\/logo\\\/image\\\/\"},\"sameAs\":[\"https:\\\/\\\/x.com\\\/valyder\"]}]}<\/script>\n<!-- \/ Yoast SEO plugin. -->","yoast_head_json":{"title":"Aspectes legals &#8211; Valyder","description":"Conegueu les condicions legals d'\u00fas de Valyder.","robots":{"index":"noindex","follow":"nofollow"},"og_locale":"ca_ES","og_type":"article","og_title":"Aspectes legals &#8211; Valyder","og_description":"Conegueu les condicions legals d'\u00fas de Valyder.","og_url":"https:\/\/www.valyder.com\/ca\/aspectes-legals\/","og_site_name":"Valyder","article_modified_time":"2017-04-18T16:05:01+00:00","twitter_card":"summary_large_image","twitter_site":"@valyder","twitter_misc":{"Temps estimat de lectura":"6 minuts"},"schema":{"@context":"https:\/\/schema.org","@graph":[{"@type":"WebPage","@id":"https:\/\/www.valyder.com\/ca\/aspectes-legals\/","url":"https:\/\/www.valyder.com\/ca\/aspectes-legals\/","name":"Aspectes legals &#8211; Valyder","isPartOf":{"@id":"https:\/\/www.valyder.com\/ca\/#website"},"datePublished":"2017-04-05T11:21:35+00:00","dateModified":"2017-04-18T16:05:01+00:00","description":"Conegueu les condicions legals d'\u00fas de Valyder.","breadcrumb":{"@id":"https:\/\/www.valyder.com\/ca\/aspectes-legals\/#breadcrumb"},"inLanguage":"ca","potentialAction":[{"@type":"ReadAction","target":["https:\/\/www.valyder.com\/ca\/aspectes-legals\/"]}]},{"@type":"BreadcrumbList","@id":"https:\/\/www.valyder.com\/ca\/aspectes-legals\/#breadcrumb","itemListElement":[{"@type":"ListItem","position":1,"name":"Inici","item":"https:\/\/www.valyder.com\/ca\/"},{"@type":"ListItem","position":2,"name":"Aspectes legals"}]},{"@type":"WebSite","@id":"https:\/\/www.valyder.com\/ca\/#website","url":"https:\/\/www.valyder.com\/ca\/","name":"Valyder","description":"Visat electr\u00f2nic per a Col\u00b7legis Professionals","publisher":{"@id":"https:\/\/www.valyder.com\/ca\/#organization"},"potentialAction":[{"@type":"SearchAction","target":{"@type":"EntryPoint","urlTemplate":"https:\/\/www.valyder.com\/ca\/?s={search_term_string}"},"query-input":{"@type":"PropertyValueSpecification","valueRequired":true,"valueName":"search_term_string"}}],"inLanguage":"ca"},{"@type":"Organization","@id":"https:\/\/www.valyder.com\/ca\/#organization","name":"Valyder","url":"https:\/\/www.valyder.com\/ca\/","logo":{"@type":"ImageObject","inLanguage":"ca","@id":"https:\/\/www.valyder.com\/ca\/#\/schema\/logo\/image\/","url":"https:\/\/www.valyder.com\/wp-content\/uploads\/2017\/03\/cropped-logo-2-1.png","contentUrl":"https:\/\/www.valyder.com\/wp-content\/uploads\/2017\/03\/cropped-logo-2-1.png","width":250,"height":250,"caption":"Valyder"},"image":{"@id":"https:\/\/www.valyder.com\/ca\/#\/schema\/logo\/image\/"},"sameAs":["https:\/\/x.com\/valyder"]}]}},"_links":{"self":[{"href":"https:\/\/www.valyder.com\/ca\/wp-json\/wp\/v2\/pages\/167","targetHints":{"allow":["GET"]}}],"collection":[{"href":"https:\/\/www.valyder.com\/ca\/wp-json\/wp\/v2\/pages"}],"about":[{"href":"https:\/\/www.valyder.com\/ca\/wp-json\/wp\/v2\/types\/page"}],"author":[{"embeddable":true,"href":"https:\/\/www.valyder.com\/ca\/wp-json\/wp\/v2\/users\/1"}],"replies":[{"embeddable":true,"href":"https:\/\/www.valyder.com\/ca\/wp-json\/wp\/v2\/comments?post=167"}],"version-history":[{"count":8,"href":"https:\/\/www.valyder.com\/ca\/wp-json\/wp\/v2\/pages\/167\/revisions"}],"predecessor-version":[{"id":380,"href":"https:\/\/www.valyder.com\/ca\/wp-json\/wp\/v2\/pages\/167\/revisions\/380"}],"wp:attachment":[{"href":"https:\/\/www.valyder.com\/ca\/wp-json\/wp\/v2\/media?parent=167"}],"curies":[{"name":"wp","href":"https:\/\/api.w.org\/{rel}","templated":true}]}}