{"id":33,"date":"2017-03-07T10:08:44","date_gmt":"2017-03-07T09:08:44","guid":{"rendered":"https:\/\/www.valyder.com\/?page_id=33"},"modified":"2017-04-10T18:26:47","modified_gmt":"2017-04-10T17:26:47","slug":"avantatges-per-al-collegiat","status":"publish","type":"page","link":"https:\/\/www.valyder.com\/ca\/avantatges\/avantatges-per-al-collegiat\/","title":{"rendered":"Avantatges per al Col\u00b7legiat"},"content":{"rendered":"<h3>Algunes de les funcions disponibles s\u00f3n:<\/h3>\n<ul>\n<li>Tramitaci\u00f3 de visats de forma totalment electr\u00f2nica<\/li>\n<li>Pagament electr\u00f2nic al moment de les taxes de visat<\/li>\n<li>Gesti\u00f3 de les factures col\u00b7legials<\/li>\n<li>Manteniment de dades personals i administratives<\/li>\n<li>Control de dades sensibles com correu electr\u00f2nic i n\u00fameros de tel\u00e8fon<\/li>\n<li>Control sobre la indexaci\u00f3 de la seva informaci\u00f3 als cercadors<\/li>\n<li>Autogesti\u00f3 segura de les seves credencials d&#8217;acc\u00e9s<\/li>\n<\/ul>\n<h3>I encara m\u00e9s<\/h3>\n<p>Valyder tamb\u00e9 ofereix\u00a0<a href=\"https:\/\/www.valyder.com\/ca\/avantatges\/avantatges-per-al-collegi\/\">avantatges a l&#8217;administraci\u00f3 del vostre Col\u00b7legi<\/a>\u00a0i es pot integrar al <a href=\"https:\/\/www.valyder.com\/ca\/avantatges\/avantatges-per-al-web-del-collegi\/\">lloc web del Col\u00b7legi<\/a>.<\/p>\n","protected":false},"excerpt":{"rendered":"<p>Algunes de les funcions disponibles s\u00f3n: Tramitaci\u00f3 de visats de forma totalment electr\u00f2nica Pagament electr\u00f2nic al moment de les taxes de visat Gesti\u00f3 de les factures col\u00b7legials Manteniment de dades personals i administratives Control de dades sensibles com correu electr\u00f2nic i n\u00fameros de tel\u00e8fon Control sobre la indexaci\u00f3 de la seva informaci\u00f3 als cercadors Autogesti\u00f3 &hellip; <\/p>\n<p class=\"link-more\"><a href=\"https:\/\/www.valyder.com\/ca\/avantatges\/avantatges-per-al-collegiat\/\" class=\"more-link\">Continua llegint <span class=\"screen-reader-text\">\u00abAvantatges per al Col\u00b7legiat\u00bb<\/span><\/a><\/p>\n","protected":false},"author":1,"featured_media":133,"parent":53,"menu_order":0,"comment_status":"closed","ping_status":"closed","template":"","meta":{"footnotes":""},"class_list":["post-33","page","type-page","status-publish","has-post-thumbnail","hentry"],"yoast_head":"<!-- This site is optimized with the Yoast SEO plugin v27.3 - https:\/\/yoast.com\/product\/yoast-seo-wordpress\/ -->\n<title>Avantatges per al Col\u00b7legiat &#8211; Valyder<\/title>\n<meta name=\"description\" content=\"Valyder permet realitzar tot el proc\u00e9s de visat de projectes de forma electr\u00f2nica amb agilitat i seguretat.\" \/>\n<meta name=\"robots\" content=\"index, follow, max-snippet:-1, max-image-preview:large, max-video-preview:-1\" \/>\n<link rel=\"canonical\" href=\"https:\/\/www.valyder.com\/ca\/avantatges\/avantatges-per-al-collegiat\/\" \/>\n<meta property=\"og:locale\" content=\"ca_ES\" \/>\n<meta property=\"og:type\" content=\"article\" \/>\n<meta property=\"og:title\" content=\"Avantatges per al Col\u00b7legiat &#8211; Valyder\" \/>\n<meta property=\"og:description\" content=\"Valyder permet realitzar tot el proc\u00e9s de visat de projectes de forma electr\u00f2nica amb agilitat i seguretat.\" \/>\n<meta property=\"og:url\" content=\"https:\/\/www.valyder.com\/ca\/avantatges\/avantatges-per-al-collegiat\/\" \/>\n<meta property=\"og:site_name\" content=\"Valyder\" \/>\n<meta property=\"article:modified_time\" content=\"2017-04-10T17:26:47+00:00\" \/>\n<meta property=\"og:image\" content=\"https:\/\/www.valyder.com\/wp-content\/uploads\/2017\/03\/visats.png\" \/>\n\t<meta property=\"og:image:width\" content=\"2000\" \/>\n\t<meta property=\"og:image:height\" content=\"600\" \/>\n\t<meta property=\"og:image:type\" content=\"image\/png\" \/>\n<meta name=\"twitter:card\" content=\"summary_large_image\" \/>\n<meta name=\"twitter:site\" content=\"@valyder\" \/>\n<script type=\"application\/ld+json\" class=\"yoast-schema-graph\">{\"@context\":\"https:\\\/\\\/schema.org\",\"@graph\":[{\"@type\":\"WebPage\",\"@id\":\"https:\\\/\\\/www.valyder.com\\\/ca\\\/avantatges\\\/avantatges-per-al-collegiat\\\/\",\"url\":\"https:\\\/\\\/www.valyder.com\\\/ca\\\/avantatges\\\/avantatges-per-al-collegiat\\\/\",\"name\":\"Avantatges per al Col\u00b7legiat &#8211; Valyder\",\"isPartOf\":{\"@id\":\"https:\\\/\\\/www.valyder.com\\\/ca\\\/#website\"},\"primaryImageOfPage\":{\"@id\":\"https:\\\/\\\/www.valyder.com\\\/ca\\\/avantatges\\\/avantatges-per-al-collegiat\\\/#primaryimage\"},\"image\":{\"@id\":\"https:\\\/\\\/www.valyder.com\\\/ca\\\/avantatges\\\/avantatges-per-al-collegiat\\\/#primaryimage\"},\"thumbnailUrl\":\"https:\\\/\\\/www.valyder.com\\\/wp-content\\\/uploads\\\/2017\\\/03\\\/visats.png\",\"datePublished\":\"2017-03-07T09:08:44+00:00\",\"dateModified\":\"2017-04-10T17:26:47+00:00\",\"description\":\"Valyder permet realitzar tot el proc\u00e9s de visat de projectes de forma electr\u00f2nica amb agilitat i seguretat.\",\"breadcrumb\":{\"@id\":\"https:\\\/\\\/www.valyder.com\\\/ca\\\/avantatges\\\/avantatges-per-al-collegiat\\\/#breadcrumb\"},\"inLanguage\":\"ca\",\"potentialAction\":[{\"@type\":\"ReadAction\",\"target\":[\"https:\\\/\\\/www.valyder.com\\\/ca\\\/avantatges\\\/avantatges-per-al-collegiat\\\/\"]}]},{\"@type\":\"ImageObject\",\"inLanguage\":\"ca\",\"@id\":\"https:\\\/\\\/www.valyder.com\\\/ca\\\/avantatges\\\/avantatges-per-al-collegiat\\\/#primaryimage\",\"url\":\"https:\\\/\\\/www.valyder.com\\\/wp-content\\\/uploads\\\/2017\\\/03\\\/visats.png\",\"contentUrl\":\"https:\\\/\\\/www.valyder.com\\\/wp-content\\\/uploads\\\/2017\\\/03\\\/visats.png\",\"width\":2000,\"height\":600,\"caption\":\"Pantalla de visats\"},{\"@type\":\"BreadcrumbList\",\"@id\":\"https:\\\/\\\/www.valyder.com\\\/ca\\\/avantatges\\\/avantatges-per-al-collegiat\\\/#breadcrumb\",\"itemListElement\":[{\"@type\":\"ListItem\",\"position\":1,\"name\":\"Inici\",\"item\":\"https:\\\/\\\/www.valyder.com\\\/ca\\\/\"},{\"@type\":\"ListItem\",\"position\":2,\"name\":\"Avantatges per a tot el Col\u00b7legi\",\"item\":\"https:\\\/\\\/www.valyder.com\\\/ca\\\/avantatges\\\/\"},{\"@type\":\"ListItem\",\"position\":3,\"name\":\"Avantatges per al Col\u00b7legiat\"}]},{\"@type\":\"WebSite\",\"@id\":\"https:\\\/\\\/www.valyder.com\\\/ca\\\/#website\",\"url\":\"https:\\\/\\\/www.valyder.com\\\/ca\\\/\",\"name\":\"Valyder\",\"description\":\"Visat electr\u00f2nic per a Col\u00b7legis Professionals\",\"publisher\":{\"@id\":\"https:\\\/\\\/www.valyder.com\\\/ca\\\/#organization\"},\"potentialAction\":[{\"@type\":\"SearchAction\",\"target\":{\"@type\":\"EntryPoint\",\"urlTemplate\":\"https:\\\/\\\/www.valyder.com\\\/ca\\\/?s={search_term_string}\"},\"query-input\":{\"@type\":\"PropertyValueSpecification\",\"valueRequired\":true,\"valueName\":\"search_term_string\"}}],\"inLanguage\":\"ca\"},{\"@type\":\"Organization\",\"@id\":\"https:\\\/\\\/www.valyder.com\\\/ca\\\/#organization\",\"name\":\"Valyder\",\"url\":\"https:\\\/\\\/www.valyder.com\\\/ca\\\/\",\"logo\":{\"@type\":\"ImageObject\",\"inLanguage\":\"ca\",\"@id\":\"https:\\\/\\\/www.valyder.com\\\/ca\\\/#\\\/schema\\\/logo\\\/image\\\/\",\"url\":\"https:\\\/\\\/www.valyder.com\\\/wp-content\\\/uploads\\\/2017\\\/03\\\/cropped-logo-2-1.png\",\"contentUrl\":\"https:\\\/\\\/www.valyder.com\\\/wp-content\\\/uploads\\\/2017\\\/03\\\/cropped-logo-2-1.png\",\"width\":250,\"height\":250,\"caption\":\"Valyder\"},\"image\":{\"@id\":\"https:\\\/\\\/www.valyder.com\\\/ca\\\/#\\\/schema\\\/logo\\\/image\\\/\"},\"sameAs\":[\"https:\\\/\\\/x.com\\\/valyder\"]}]}<\/script>\n<!-- \/ Yoast SEO plugin. -->","yoast_head_json":{"title":"Avantatges per al Col\u00b7legiat &#8211; Valyder","description":"Valyder permet realitzar tot el proc\u00e9s de visat de projectes de forma electr\u00f2nica amb agilitat i seguretat.","robots":{"index":"index","follow":"follow","max-snippet":"max-snippet:-1","max-image-preview":"max-image-preview:large","max-video-preview":"max-video-preview:-1"},"canonical":"https:\/\/www.valyder.com\/ca\/avantatges\/avantatges-per-al-collegiat\/","og_locale":"ca_ES","og_type":"article","og_title":"Avantatges per al Col\u00b7legiat &#8211; Valyder","og_description":"Valyder permet realitzar tot el proc\u00e9s de visat de projectes de forma electr\u00f2nica amb agilitat i seguretat.","og_url":"https:\/\/www.valyder.com\/ca\/avantatges\/avantatges-per-al-collegiat\/","og_site_name":"Valyder","article_modified_time":"2017-04-10T17:26:47+00:00","og_image":[{"width":2000,"height":600,"url":"https:\/\/www.valyder.com\/wp-content\/uploads\/2017\/03\/visats.png","type":"image\/png"}],"twitter_card":"summary_large_image","twitter_site":"@valyder","schema":{"@context":"https:\/\/schema.org","@graph":[{"@type":"WebPage","@id":"https:\/\/www.valyder.com\/ca\/avantatges\/avantatges-per-al-collegiat\/","url":"https:\/\/www.valyder.com\/ca\/avantatges\/avantatges-per-al-collegiat\/","name":"Avantatges per al Col\u00b7legiat &#8211; Valyder","isPartOf":{"@id":"https:\/\/www.valyder.com\/ca\/#website"},"primaryImageOfPage":{"@id":"https:\/\/www.valyder.com\/ca\/avantatges\/avantatges-per-al-collegiat\/#primaryimage"},"image":{"@id":"https:\/\/www.valyder.com\/ca\/avantatges\/avantatges-per-al-collegiat\/#primaryimage"},"thumbnailUrl":"https:\/\/www.valyder.com\/wp-content\/uploads\/2017\/03\/visats.png","datePublished":"2017-03-07T09:08:44+00:00","dateModified":"2017-04-10T17:26:47+00:00","description":"Valyder permet realitzar tot el proc\u00e9s de visat de projectes de forma electr\u00f2nica amb agilitat i seguretat.","breadcrumb":{"@id":"https:\/\/www.valyder.com\/ca\/avantatges\/avantatges-per-al-collegiat\/#breadcrumb"},"inLanguage":"ca","potentialAction":[{"@type":"ReadAction","target":["https:\/\/www.valyder.com\/ca\/avantatges\/avantatges-per-al-collegiat\/"]}]},{"@type":"ImageObject","inLanguage":"ca","@id":"https:\/\/www.valyder.com\/ca\/avantatges\/avantatges-per-al-collegiat\/#primaryimage","url":"https:\/\/www.valyder.com\/wp-content\/uploads\/2017\/03\/visats.png","contentUrl":"https:\/\/www.valyder.com\/wp-content\/uploads\/2017\/03\/visats.png","width":2000,"height":600,"caption":"Pantalla de visats"},{"@type":"BreadcrumbList","@id":"https:\/\/www.valyder.com\/ca\/avantatges\/avantatges-per-al-collegiat\/#breadcrumb","itemListElement":[{"@type":"ListItem","position":1,"name":"Inici","item":"https:\/\/www.valyder.com\/ca\/"},{"@type":"ListItem","position":2,"name":"Avantatges per a tot el Col\u00b7legi","item":"https:\/\/www.valyder.com\/ca\/avantatges\/"},{"@type":"ListItem","position":3,"name":"Avantatges per al Col\u00b7legiat"}]},{"@type":"WebSite","@id":"https:\/\/www.valyder.com\/ca\/#website","url":"https:\/\/www.valyder.com\/ca\/","name":"Valyder","description":"Visat electr\u00f2nic per a Col\u00b7legis Professionals","publisher":{"@id":"https:\/\/www.valyder.com\/ca\/#organization"},"potentialAction":[{"@type":"SearchAction","target":{"@type":"EntryPoint","urlTemplate":"https:\/\/www.valyder.com\/ca\/?s={search_term_string}"},"query-input":{"@type":"PropertyValueSpecification","valueRequired":true,"valueName":"search_term_string"}}],"inLanguage":"ca"},{"@type":"Organization","@id":"https:\/\/www.valyder.com\/ca\/#organization","name":"Valyder","url":"https:\/\/www.valyder.com\/ca\/","logo":{"@type":"ImageObject","inLanguage":"ca","@id":"https:\/\/www.valyder.com\/ca\/#\/schema\/logo\/image\/","url":"https:\/\/www.valyder.com\/wp-content\/uploads\/2017\/03\/cropped-logo-2-1.png","contentUrl":"https:\/\/www.valyder.com\/wp-content\/uploads\/2017\/03\/cropped-logo-2-1.png","width":250,"height":250,"caption":"Valyder"},"image":{"@id":"https:\/\/www.valyder.com\/ca\/#\/schema\/logo\/image\/"},"sameAs":["https:\/\/x.com\/valyder"]}]}},"_links":{"self":[{"href":"https:\/\/www.valyder.com\/ca\/wp-json\/wp\/v2\/pages\/33","targetHints":{"allow":["GET"]}}],"collection":[{"href":"https:\/\/www.valyder.com\/ca\/wp-json\/wp\/v2\/pages"}],"about":[{"href":"https:\/\/www.valyder.com\/ca\/wp-json\/wp\/v2\/types\/page"}],"author":[{"embeddable":true,"href":"https:\/\/www.valyder.com\/ca\/wp-json\/wp\/v2\/users\/1"}],"replies":[{"embeddable":true,"href":"https:\/\/www.valyder.com\/ca\/wp-json\/wp\/v2\/comments?post=33"}],"version-history":[{"count":9,"href":"https:\/\/www.valyder.com\/ca\/wp-json\/wp\/v2\/pages\/33\/revisions"}],"predecessor-version":[{"id":249,"href":"https:\/\/www.valyder.com\/ca\/wp-json\/wp\/v2\/pages\/33\/revisions\/249"}],"up":[{"embeddable":true,"href":"https:\/\/www.valyder.com\/ca\/wp-json\/wp\/v2\/pages\/53"}],"wp:featuredmedia":[{"embeddable":true,"href":"https:\/\/www.valyder.com\/ca\/wp-json\/wp\/v2\/media\/133"}],"wp:attachment":[{"href":"https:\/\/www.valyder.com\/ca\/wp-json\/wp\/v2\/media?parent=33"}],"curies":[{"name":"wp","href":"https:\/\/api.w.org\/{rel}","templated":true}]}}