{"id":36,"date":"2017-03-07T10:10:13","date_gmt":"2017-03-07T09:10:13","guid":{"rendered":"https:\/\/www.valyder.com\/?page_id=36"},"modified":"2017-04-10T18:27:12","modified_gmt":"2017-04-10T17:27:12","slug":"avantatges-per-al-collegi","status":"publish","type":"page","link":"https:\/\/www.valyder.com\/ca\/avantatges\/avantatges-per-al-collegi\/","title":{"rendered":"Avantatges per al Col\u00b7legi"},"content":{"rendered":"<h3>Algunes caracter\u00edstiques clau<\/h3>\n<ul>\n<li>Gesti\u00f3 completa dels visats dels Col\u00b7legiats: aprovaci\u00f3, visat amb segell i signatura electr\u00f2nica, c\u00e0lcul de taxes i generaci\u00f3 autom\u00e0tica de factures<\/li>\n<li>Cobrament electr\u00f2nic instantani de les taxes de visat<\/li>\n<li>Manteniment de totes les dades dels Col\u00b7legiats<\/li>\n<li>Manteniment dels par\u00e0metres variables per als c\u00e0lculs de taxes<\/li>\n<li>Integraci\u00f3 amb altres aplicacions de gesti\u00f3 (comptabilitat, bases de dades d&#8217;usuaris, etc.)<\/li>\n<\/ul>\n<h3>I encara m\u00e9s<\/h3>\n<p>Valyder tamb\u00e9 ofereix\u00a0<a href=\"https:\/\/www.valyder.com\/ca\/avantatges\/avantatges-per-al-collegiat\/\">avantatges als vostres Col\u00b7legiats<\/a> i es pot integrar al <a href=\"https:\/\/www.valyder.com\/ca\/avantatges\/avantatges-per-al-web-del-collegi\/\">lloc web del Col\u00b7legi<\/a>.<\/p>\n","protected":false},"excerpt":{"rendered":"<p>Algunes caracter\u00edstiques clau Gesti\u00f3 completa dels visats dels Col\u00b7legiats: aprovaci\u00f3, visat amb segell i signatura electr\u00f2nica, c\u00e0lcul de taxes i generaci\u00f3 autom\u00e0tica de factures Cobrament electr\u00f2nic instantani de les taxes de visat Manteniment de totes les dades dels Col\u00b7legiats Manteniment dels par\u00e0metres variables per als c\u00e0lculs de taxes Integraci\u00f3 amb altres aplicacions de gesti\u00f3 (comptabilitat, &hellip; <\/p>\n<p class=\"link-more\"><a href=\"https:\/\/www.valyder.com\/ca\/avantatges\/avantatges-per-al-collegi\/\" class=\"more-link\">Continua llegint <span class=\"screen-reader-text\">\u00abAvantatges per al Col\u00b7legi\u00bb<\/span><\/a><\/p>\n","protected":false},"author":1,"featured_media":122,"parent":53,"menu_order":0,"comment_status":"closed","ping_status":"closed","template":"","meta":{"footnotes":""},"class_list":["post-36","page","type-page","status-publish","has-post-thumbnail","hentry"],"yoast_head":"<!-- This site is optimized with the Yoast SEO plugin v27.3 - https:\/\/yoast.com\/product\/yoast-seo-wordpress\/ -->\n<title>Avantatges per al Col\u00b7legi &#8211; Valyder<\/title>\n<meta name=\"description\" content=\"Valyder us permet gestionar les dades dels visats, personals, acad\u00e8miques, professionals i administratives dels vostres col\u00b7legiats.\" \/>\n<meta name=\"robots\" content=\"index, follow, max-snippet:-1, max-image-preview:large, max-video-preview:-1\" \/>\n<link rel=\"canonical\" href=\"https:\/\/www.valyder.com\/ca\/avantatges\/avantatges-per-al-collegi\/\" \/>\n<meta property=\"og:locale\" content=\"ca_ES\" \/>\n<meta property=\"og:type\" content=\"article\" \/>\n<meta property=\"og:title\" content=\"Avantatges per al Col\u00b7legi &#8211; Valyder\" \/>\n<meta property=\"og:description\" content=\"Valyder us permet gestionar les dades dels visats, personals, acad\u00e8miques, professionals i administratives dels vostres col\u00b7legiats.\" \/>\n<meta property=\"og:url\" content=\"https:\/\/www.valyder.com\/ca\/avantatges\/avantatges-per-al-collegi\/\" \/>\n<meta property=\"og:site_name\" content=\"Valyder\" \/>\n<meta property=\"article:modified_time\" content=\"2017-04-10T17:27:12+00:00\" \/>\n<meta property=\"og:image\" content=\"https:\/\/www.valyder.com\/wp-content\/uploads\/2017\/03\/gestiovisats.png\" \/>\n\t<meta property=\"og:image:width\" content=\"2000\" \/>\n\t<meta property=\"og:image:height\" content=\"600\" \/>\n\t<meta property=\"og:image:type\" content=\"image\/png\" \/>\n<meta name=\"twitter:card\" content=\"summary_large_image\" \/>\n<meta name=\"twitter:site\" content=\"@valyder\" \/>\n<script type=\"application\/ld+json\" class=\"yoast-schema-graph\">{\"@context\":\"https:\\\/\\\/schema.org\",\"@graph\":[{\"@type\":\"WebPage\",\"@id\":\"https:\\\/\\\/www.valyder.com\\\/ca\\\/avantatges\\\/avantatges-per-al-collegi\\\/\",\"url\":\"https:\\\/\\\/www.valyder.com\\\/ca\\\/avantatges\\\/avantatges-per-al-collegi\\\/\",\"name\":\"Avantatges per al Col\u00b7legi &#8211; Valyder\",\"isPartOf\":{\"@id\":\"https:\\\/\\\/www.valyder.com\\\/ca\\\/#website\"},\"primaryImageOfPage\":{\"@id\":\"https:\\\/\\\/www.valyder.com\\\/ca\\\/avantatges\\\/avantatges-per-al-collegi\\\/#primaryimage\"},\"image\":{\"@id\":\"https:\\\/\\\/www.valyder.com\\\/ca\\\/avantatges\\\/avantatges-per-al-collegi\\\/#primaryimage\"},\"thumbnailUrl\":\"https:\\\/\\\/www.valyder.com\\\/wp-content\\\/uploads\\\/2017\\\/03\\\/gestiovisats.png\",\"datePublished\":\"2017-03-07T09:10:13+00:00\",\"dateModified\":\"2017-04-10T17:27:12+00:00\",\"description\":\"Valyder us permet gestionar les dades dels visats, personals, acad\u00e8miques, professionals i administratives dels vostres col\u00b7legiats.\",\"breadcrumb\":{\"@id\":\"https:\\\/\\\/www.valyder.com\\\/ca\\\/avantatges\\\/avantatges-per-al-collegi\\\/#breadcrumb\"},\"inLanguage\":\"ca\",\"potentialAction\":[{\"@type\":\"ReadAction\",\"target\":[\"https:\\\/\\\/www.valyder.com\\\/ca\\\/avantatges\\\/avantatges-per-al-collegi\\\/\"]}]},{\"@type\":\"ImageObject\",\"inLanguage\":\"ca\",\"@id\":\"https:\\\/\\\/www.valyder.com\\\/ca\\\/avantatges\\\/avantatges-per-al-collegi\\\/#primaryimage\",\"url\":\"https:\\\/\\\/www.valyder.com\\\/wp-content\\\/uploads\\\/2017\\\/03\\\/gestiovisats.png\",\"contentUrl\":\"https:\\\/\\\/www.valyder.com\\\/wp-content\\\/uploads\\\/2017\\\/03\\\/gestiovisats.png\",\"width\":2000,\"height\":600,\"caption\":\"Gesti\u00f3 dels visats\"},{\"@type\":\"BreadcrumbList\",\"@id\":\"https:\\\/\\\/www.valyder.com\\\/ca\\\/avantatges\\\/avantatges-per-al-collegi\\\/#breadcrumb\",\"itemListElement\":[{\"@type\":\"ListItem\",\"position\":1,\"name\":\"Inici\",\"item\":\"https:\\\/\\\/www.valyder.com\\\/ca\\\/\"},{\"@type\":\"ListItem\",\"position\":2,\"name\":\"Avantatges per a tot el Col\u00b7legi\",\"item\":\"https:\\\/\\\/www.valyder.com\\\/ca\\\/avantatges\\\/\"},{\"@type\":\"ListItem\",\"position\":3,\"name\":\"Avantatges per al Col\u00b7legi\"}]},{\"@type\":\"WebSite\",\"@id\":\"https:\\\/\\\/www.valyder.com\\\/ca\\\/#website\",\"url\":\"https:\\\/\\\/www.valyder.com\\\/ca\\\/\",\"name\":\"Valyder\",\"description\":\"Visat electr\u00f2nic per a Col\u00b7legis Professionals\",\"publisher\":{\"@id\":\"https:\\\/\\\/www.valyder.com\\\/ca\\\/#organization\"},\"potentialAction\":[{\"@type\":\"SearchAction\",\"target\":{\"@type\":\"EntryPoint\",\"urlTemplate\":\"https:\\\/\\\/www.valyder.com\\\/ca\\\/?s={search_term_string}\"},\"query-input\":{\"@type\":\"PropertyValueSpecification\",\"valueRequired\":true,\"valueName\":\"search_term_string\"}}],\"inLanguage\":\"ca\"},{\"@type\":\"Organization\",\"@id\":\"https:\\\/\\\/www.valyder.com\\\/ca\\\/#organization\",\"name\":\"Valyder\",\"url\":\"https:\\\/\\\/www.valyder.com\\\/ca\\\/\",\"logo\":{\"@type\":\"ImageObject\",\"inLanguage\":\"ca\",\"@id\":\"https:\\\/\\\/www.valyder.com\\\/ca\\\/#\\\/schema\\\/logo\\\/image\\\/\",\"url\":\"https:\\\/\\\/www.valyder.com\\\/wp-content\\\/uploads\\\/2017\\\/03\\\/cropped-logo-2-1.png\",\"contentUrl\":\"https:\\\/\\\/www.valyder.com\\\/wp-content\\\/uploads\\\/2017\\\/03\\\/cropped-logo-2-1.png\",\"width\":250,\"height\":250,\"caption\":\"Valyder\"},\"image\":{\"@id\":\"https:\\\/\\\/www.valyder.com\\\/ca\\\/#\\\/schema\\\/logo\\\/image\\\/\"},\"sameAs\":[\"https:\\\/\\\/x.com\\\/valyder\"]}]}<\/script>\n<!-- \/ Yoast SEO plugin. -->","yoast_head_json":{"title":"Avantatges per al Col\u00b7legi &#8211; Valyder","description":"Valyder us permet gestionar les dades dels visats, personals, acad\u00e8miques, professionals i administratives dels vostres col\u00b7legiats.","robots":{"index":"index","follow":"follow","max-snippet":"max-snippet:-1","max-image-preview":"max-image-preview:large","max-video-preview":"max-video-preview:-1"},"canonical":"https:\/\/www.valyder.com\/ca\/avantatges\/avantatges-per-al-collegi\/","og_locale":"ca_ES","og_type":"article","og_title":"Avantatges per al Col\u00b7legi &#8211; Valyder","og_description":"Valyder us permet gestionar les dades dels visats, personals, acad\u00e8miques, professionals i administratives dels vostres col\u00b7legiats.","og_url":"https:\/\/www.valyder.com\/ca\/avantatges\/avantatges-per-al-collegi\/","og_site_name":"Valyder","article_modified_time":"2017-04-10T17:27:12+00:00","og_image":[{"width":2000,"height":600,"url":"https:\/\/www.valyder.com\/wp-content\/uploads\/2017\/03\/gestiovisats.png","type":"image\/png"}],"twitter_card":"summary_large_image","twitter_site":"@valyder","schema":{"@context":"https:\/\/schema.org","@graph":[{"@type":"WebPage","@id":"https:\/\/www.valyder.com\/ca\/avantatges\/avantatges-per-al-collegi\/","url":"https:\/\/www.valyder.com\/ca\/avantatges\/avantatges-per-al-collegi\/","name":"Avantatges per al Col\u00b7legi &#8211; Valyder","isPartOf":{"@id":"https:\/\/www.valyder.com\/ca\/#website"},"primaryImageOfPage":{"@id":"https:\/\/www.valyder.com\/ca\/avantatges\/avantatges-per-al-collegi\/#primaryimage"},"image":{"@id":"https:\/\/www.valyder.com\/ca\/avantatges\/avantatges-per-al-collegi\/#primaryimage"},"thumbnailUrl":"https:\/\/www.valyder.com\/wp-content\/uploads\/2017\/03\/gestiovisats.png","datePublished":"2017-03-07T09:10:13+00:00","dateModified":"2017-04-10T17:27:12+00:00","description":"Valyder us permet gestionar les dades dels visats, personals, acad\u00e8miques, professionals i administratives dels vostres col\u00b7legiats.","breadcrumb":{"@id":"https:\/\/www.valyder.com\/ca\/avantatges\/avantatges-per-al-collegi\/#breadcrumb"},"inLanguage":"ca","potentialAction":[{"@type":"ReadAction","target":["https:\/\/www.valyder.com\/ca\/avantatges\/avantatges-per-al-collegi\/"]}]},{"@type":"ImageObject","inLanguage":"ca","@id":"https:\/\/www.valyder.com\/ca\/avantatges\/avantatges-per-al-collegi\/#primaryimage","url":"https:\/\/www.valyder.com\/wp-content\/uploads\/2017\/03\/gestiovisats.png","contentUrl":"https:\/\/www.valyder.com\/wp-content\/uploads\/2017\/03\/gestiovisats.png","width":2000,"height":600,"caption":"Gesti\u00f3 dels visats"},{"@type":"BreadcrumbList","@id":"https:\/\/www.valyder.com\/ca\/avantatges\/avantatges-per-al-collegi\/#breadcrumb","itemListElement":[{"@type":"ListItem","position":1,"name":"Inici","item":"https:\/\/www.valyder.com\/ca\/"},{"@type":"ListItem","position":2,"name":"Avantatges per a tot el Col\u00b7legi","item":"https:\/\/www.valyder.com\/ca\/avantatges\/"},{"@type":"ListItem","position":3,"name":"Avantatges per al Col\u00b7legi"}]},{"@type":"WebSite","@id":"https:\/\/www.valyder.com\/ca\/#website","url":"https:\/\/www.valyder.com\/ca\/","name":"Valyder","description":"Visat electr\u00f2nic per a Col\u00b7legis Professionals","publisher":{"@id":"https:\/\/www.valyder.com\/ca\/#organization"},"potentialAction":[{"@type":"SearchAction","target":{"@type":"EntryPoint","urlTemplate":"https:\/\/www.valyder.com\/ca\/?s={search_term_string}"},"query-input":{"@type":"PropertyValueSpecification","valueRequired":true,"valueName":"search_term_string"}}],"inLanguage":"ca"},{"@type":"Organization","@id":"https:\/\/www.valyder.com\/ca\/#organization","name":"Valyder","url":"https:\/\/www.valyder.com\/ca\/","logo":{"@type":"ImageObject","inLanguage":"ca","@id":"https:\/\/www.valyder.com\/ca\/#\/schema\/logo\/image\/","url":"https:\/\/www.valyder.com\/wp-content\/uploads\/2017\/03\/cropped-logo-2-1.png","contentUrl":"https:\/\/www.valyder.com\/wp-content\/uploads\/2017\/03\/cropped-logo-2-1.png","width":250,"height":250,"caption":"Valyder"},"image":{"@id":"https:\/\/www.valyder.com\/ca\/#\/schema\/logo\/image\/"},"sameAs":["https:\/\/x.com\/valyder"]}]}},"_links":{"self":[{"href":"https:\/\/www.valyder.com\/ca\/wp-json\/wp\/v2\/pages\/36","targetHints":{"allow":["GET"]}}],"collection":[{"href":"https:\/\/www.valyder.com\/ca\/wp-json\/wp\/v2\/pages"}],"about":[{"href":"https:\/\/www.valyder.com\/ca\/wp-json\/wp\/v2\/types\/page"}],"author":[{"embeddable":true,"href":"https:\/\/www.valyder.com\/ca\/wp-json\/wp\/v2\/users\/1"}],"replies":[{"embeddable":true,"href":"https:\/\/www.valyder.com\/ca\/wp-json\/wp\/v2\/comments?post=36"}],"version-history":[{"count":13,"href":"https:\/\/www.valyder.com\/ca\/wp-json\/wp\/v2\/pages\/36\/revisions"}],"predecessor-version":[{"id":250,"href":"https:\/\/www.valyder.com\/ca\/wp-json\/wp\/v2\/pages\/36\/revisions\/250"}],"up":[{"embeddable":true,"href":"https:\/\/www.valyder.com\/ca\/wp-json\/wp\/v2\/pages\/53"}],"wp:featuredmedia":[{"embeddable":true,"href":"https:\/\/www.valyder.com\/ca\/wp-json\/wp\/v2\/media\/122"}],"wp:attachment":[{"href":"https:\/\/www.valyder.com\/ca\/wp-json\/wp\/v2\/media?parent=36"}],"curies":[{"name":"wp","href":"https:\/\/api.w.org\/{rel}","templated":true}]}}