{"id":38,"date":"2017-03-07T10:11:17","date_gmt":"2017-03-07T09:11:17","guid":{"rendered":"https:\/\/www.valyder.com\/?page_id=38"},"modified":"2017-04-10T18:27:36","modified_gmt":"2017-04-10T17:27:36","slug":"avantatges-per-al-web-del-collegi","status":"publish","type":"page","link":"https:\/\/www.valyder.com\/ca\/avantatges\/avantatges-per-al-web-del-collegi\/","title":{"rendered":"Avantatges per al web del Col\u00b7legi"},"content":{"rendered":"<h3>Oferiu un directori p\u00fablic de Col\u00b7legiats de forma autom\u00e0tica, mantenint el control de les dades.<\/h3>\n<ul>\n<li>Cada Col\u00b7legiat disposa una fitxa p\u00fablica que pot utilitzar com una petita p\u00e0gina web de contacte professional.<\/li>\n<li>Els visitants del web poden fer cerques amb diferents criteris per trobar els Col\u00b7legiats que s&#8217;ajusten m\u00e9s a les seves necessitats.<\/li>\n<li>Els Col\u00b7legiats poden controlar quines dades s\u00f3n p\u00fabliques i quines s\u00f3n privades, per als visitants i per als cercadors com Google.<\/li>\n<\/ul>\n<h3>I encara m\u00e9s<\/h3>\n<p>Valyder tamb\u00e9 ofereix\u00a0<a href=\"https:\/\/www.valyder.com\/ca\/avantatges\/avantatges-per-al-collegiat\/\">avantatges als vostres Col\u00b7legiats<\/a> i a l\u2019<a href=\"https:\/\/www.valyder.com\/ca\/avantatges\/avantatges-per-al-collegi\/\">administraci\u00f3 del vostre Col\u00b7legi<\/a>.<\/p>\n","protected":false},"excerpt":{"rendered":"<p>Oferiu un directori p\u00fablic de Col\u00b7legiats de forma autom\u00e0tica, mantenint el control de les dades. Cada Col\u00b7legiat disposa una fitxa p\u00fablica que pot utilitzar com una petita p\u00e0gina web de contacte professional. Els visitants del web poden fer cerques amb diferents criteris per trobar els Col\u00b7legiats que s&#8217;ajusten m\u00e9s a les seves necessitats. Els Col\u00b7legiats &hellip; <\/p>\n<p class=\"link-more\"><a href=\"https:\/\/www.valyder.com\/ca\/avantatges\/avantatges-per-al-web-del-collegi\/\" class=\"more-link\">Continua llegint <span class=\"screen-reader-text\">\u00abAvantatges per al web del Col\u00b7legi\u00bb<\/span><\/a><\/p>\n","protected":false},"author":1,"featured_media":124,"parent":53,"menu_order":0,"comment_status":"closed","ping_status":"closed","template":"","meta":{"footnotes":""},"class_list":["post-38","page","type-page","status-publish","has-post-thumbnail","hentry"],"yoast_head":"<!-- This site is optimized with the Yoast SEO plugin v27.3 - https:\/\/yoast.com\/product\/yoast-seo-wordpress\/ -->\n<title>Avantatges per al web del Col\u00b7legi &#8211; Valyder<\/title>\n<meta name=\"description\" content=\"Oferiu un directori p\u00fablic de Col\u00b7legiats de forma autom\u00e0tica.\" \/>\n<meta name=\"robots\" content=\"index, follow, max-snippet:-1, max-image-preview:large, max-video-preview:-1\" \/>\n<link rel=\"canonical\" href=\"https:\/\/www.valyder.com\/ca\/avantatges\/avantatges-per-al-web-del-collegi\/\" \/>\n<meta property=\"og:locale\" content=\"ca_ES\" \/>\n<meta property=\"og:type\" content=\"article\" \/>\n<meta property=\"og:title\" content=\"Avantatges per al web del Col\u00b7legi &#8211; Valyder\" \/>\n<meta property=\"og:description\" content=\"Oferiu un directori p\u00fablic de Col\u00b7legiats de forma autom\u00e0tica.\" \/>\n<meta property=\"og:url\" content=\"https:\/\/www.valyder.com\/ca\/avantatges\/avantatges-per-al-web-del-collegi\/\" \/>\n<meta property=\"og:site_name\" content=\"Valyder\" \/>\n<meta property=\"article:modified_time\" content=\"2017-04-10T17:27:36+00:00\" \/>\n<meta property=\"og:image\" content=\"https:\/\/www.valyder.com\/wp-content\/uploads\/2017\/03\/directoriweb.jpg\" \/>\n\t<meta property=\"og:image:width\" content=\"2000\" \/>\n\t<meta property=\"og:image:height\" content=\"597\" \/>\n\t<meta property=\"og:image:type\" content=\"image\/jpeg\" \/>\n<meta name=\"twitter:card\" content=\"summary_large_image\" \/>\n<meta name=\"twitter:site\" content=\"@valyder\" \/>\n<meta name=\"twitter:label1\" content=\"Temps estimat de lectura\" \/>\n\t<meta name=\"twitter:data1\" content=\"1 minut\" \/>\n<script type=\"application\/ld+json\" class=\"yoast-schema-graph\">{\"@context\":\"https:\\\/\\\/schema.org\",\"@graph\":[{\"@type\":\"WebPage\",\"@id\":\"https:\\\/\\\/www.valyder.com\\\/ca\\\/avantatges\\\/avantatges-per-al-web-del-collegi\\\/\",\"url\":\"https:\\\/\\\/www.valyder.com\\\/ca\\\/avantatges\\\/avantatges-per-al-web-del-collegi\\\/\",\"name\":\"Avantatges per al web del Col\u00b7legi &#8211; Valyder\",\"isPartOf\":{\"@id\":\"https:\\\/\\\/www.valyder.com\\\/ca\\\/#website\"},\"primaryImageOfPage\":{\"@id\":\"https:\\\/\\\/www.valyder.com\\\/ca\\\/avantatges\\\/avantatges-per-al-web-del-collegi\\\/#primaryimage\"},\"image\":{\"@id\":\"https:\\\/\\\/www.valyder.com\\\/ca\\\/avantatges\\\/avantatges-per-al-web-del-collegi\\\/#primaryimage\"},\"thumbnailUrl\":\"https:\\\/\\\/www.valyder.com\\\/wp-content\\\/uploads\\\/2017\\\/03\\\/directoriweb.jpg\",\"datePublished\":\"2017-03-07T09:11:17+00:00\",\"dateModified\":\"2017-04-10T17:27:36+00:00\",\"description\":\"Oferiu un directori p\u00fablic de Col\u00b7legiats de forma autom\u00e0tica.\",\"breadcrumb\":{\"@id\":\"https:\\\/\\\/www.valyder.com\\\/ca\\\/avantatges\\\/avantatges-per-al-web-del-collegi\\\/#breadcrumb\"},\"inLanguage\":\"ca\",\"potentialAction\":[{\"@type\":\"ReadAction\",\"target\":[\"https:\\\/\\\/www.valyder.com\\\/ca\\\/avantatges\\\/avantatges-per-al-web-del-collegi\\\/\"]}]},{\"@type\":\"ImageObject\",\"inLanguage\":\"ca\",\"@id\":\"https:\\\/\\\/www.valyder.com\\\/ca\\\/avantatges\\\/avantatges-per-al-web-del-collegi\\\/#primaryimage\",\"url\":\"https:\\\/\\\/www.valyder.com\\\/wp-content\\\/uploads\\\/2017\\\/03\\\/directoriweb.jpg\",\"contentUrl\":\"https:\\\/\\\/www.valyder.com\\\/wp-content\\\/uploads\\\/2017\\\/03\\\/directoriweb.jpg\",\"width\":2000,\"height\":597,\"caption\":\"Directori web\"},{\"@type\":\"BreadcrumbList\",\"@id\":\"https:\\\/\\\/www.valyder.com\\\/ca\\\/avantatges\\\/avantatges-per-al-web-del-collegi\\\/#breadcrumb\",\"itemListElement\":[{\"@type\":\"ListItem\",\"position\":1,\"name\":\"Inici\",\"item\":\"https:\\\/\\\/www.valyder.com\\\/ca\\\/\"},{\"@type\":\"ListItem\",\"position\":2,\"name\":\"Avantatges per a tot el Col\u00b7legi\",\"item\":\"https:\\\/\\\/www.valyder.com\\\/ca\\\/avantatges\\\/\"},{\"@type\":\"ListItem\",\"position\":3,\"name\":\"Avantatges per al web del Col\u00b7legi\"}]},{\"@type\":\"WebSite\",\"@id\":\"https:\\\/\\\/www.valyder.com\\\/ca\\\/#website\",\"url\":\"https:\\\/\\\/www.valyder.com\\\/ca\\\/\",\"name\":\"Valyder\",\"description\":\"Visat electr\u00f2nic per a Col\u00b7legis Professionals\",\"publisher\":{\"@id\":\"https:\\\/\\\/www.valyder.com\\\/ca\\\/#organization\"},\"potentialAction\":[{\"@type\":\"SearchAction\",\"target\":{\"@type\":\"EntryPoint\",\"urlTemplate\":\"https:\\\/\\\/www.valyder.com\\\/ca\\\/?s={search_term_string}\"},\"query-input\":{\"@type\":\"PropertyValueSpecification\",\"valueRequired\":true,\"valueName\":\"search_term_string\"}}],\"inLanguage\":\"ca\"},{\"@type\":\"Organization\",\"@id\":\"https:\\\/\\\/www.valyder.com\\\/ca\\\/#organization\",\"name\":\"Valyder\",\"url\":\"https:\\\/\\\/www.valyder.com\\\/ca\\\/\",\"logo\":{\"@type\":\"ImageObject\",\"inLanguage\":\"ca\",\"@id\":\"https:\\\/\\\/www.valyder.com\\\/ca\\\/#\\\/schema\\\/logo\\\/image\\\/\",\"url\":\"https:\\\/\\\/www.valyder.com\\\/wp-content\\\/uploads\\\/2017\\\/03\\\/cropped-logo-2-1.png\",\"contentUrl\":\"https:\\\/\\\/www.valyder.com\\\/wp-content\\\/uploads\\\/2017\\\/03\\\/cropped-logo-2-1.png\",\"width\":250,\"height\":250,\"caption\":\"Valyder\"},\"image\":{\"@id\":\"https:\\\/\\\/www.valyder.com\\\/ca\\\/#\\\/schema\\\/logo\\\/image\\\/\"},\"sameAs\":[\"https:\\\/\\\/x.com\\\/valyder\"]}]}<\/script>\n<!-- \/ Yoast SEO plugin. -->","yoast_head_json":{"title":"Avantatges per al web del Col\u00b7legi &#8211; Valyder","description":"Oferiu un directori p\u00fablic de Col\u00b7legiats de forma autom\u00e0tica.","robots":{"index":"index","follow":"follow","max-snippet":"max-snippet:-1","max-image-preview":"max-image-preview:large","max-video-preview":"max-video-preview:-1"},"canonical":"https:\/\/www.valyder.com\/ca\/avantatges\/avantatges-per-al-web-del-collegi\/","og_locale":"ca_ES","og_type":"article","og_title":"Avantatges per al web del Col\u00b7legi &#8211; Valyder","og_description":"Oferiu un directori p\u00fablic de Col\u00b7legiats de forma autom\u00e0tica.","og_url":"https:\/\/www.valyder.com\/ca\/avantatges\/avantatges-per-al-web-del-collegi\/","og_site_name":"Valyder","article_modified_time":"2017-04-10T17:27:36+00:00","og_image":[{"width":2000,"height":597,"url":"https:\/\/www.valyder.com\/wp-content\/uploads\/2017\/03\/directoriweb.jpg","type":"image\/jpeg"}],"twitter_card":"summary_large_image","twitter_site":"@valyder","twitter_misc":{"Temps estimat de lectura":"1 minut"},"schema":{"@context":"https:\/\/schema.org","@graph":[{"@type":"WebPage","@id":"https:\/\/www.valyder.com\/ca\/avantatges\/avantatges-per-al-web-del-collegi\/","url":"https:\/\/www.valyder.com\/ca\/avantatges\/avantatges-per-al-web-del-collegi\/","name":"Avantatges per al web del Col\u00b7legi &#8211; Valyder","isPartOf":{"@id":"https:\/\/www.valyder.com\/ca\/#website"},"primaryImageOfPage":{"@id":"https:\/\/www.valyder.com\/ca\/avantatges\/avantatges-per-al-web-del-collegi\/#primaryimage"},"image":{"@id":"https:\/\/www.valyder.com\/ca\/avantatges\/avantatges-per-al-web-del-collegi\/#primaryimage"},"thumbnailUrl":"https:\/\/www.valyder.com\/wp-content\/uploads\/2017\/03\/directoriweb.jpg","datePublished":"2017-03-07T09:11:17+00:00","dateModified":"2017-04-10T17:27:36+00:00","description":"Oferiu un directori p\u00fablic de Col\u00b7legiats de forma autom\u00e0tica.","breadcrumb":{"@id":"https:\/\/www.valyder.com\/ca\/avantatges\/avantatges-per-al-web-del-collegi\/#breadcrumb"},"inLanguage":"ca","potentialAction":[{"@type":"ReadAction","target":["https:\/\/www.valyder.com\/ca\/avantatges\/avantatges-per-al-web-del-collegi\/"]}]},{"@type":"ImageObject","inLanguage":"ca","@id":"https:\/\/www.valyder.com\/ca\/avantatges\/avantatges-per-al-web-del-collegi\/#primaryimage","url":"https:\/\/www.valyder.com\/wp-content\/uploads\/2017\/03\/directoriweb.jpg","contentUrl":"https:\/\/www.valyder.com\/wp-content\/uploads\/2017\/03\/directoriweb.jpg","width":2000,"height":597,"caption":"Directori web"},{"@type":"BreadcrumbList","@id":"https:\/\/www.valyder.com\/ca\/avantatges\/avantatges-per-al-web-del-collegi\/#breadcrumb","itemListElement":[{"@type":"ListItem","position":1,"name":"Inici","item":"https:\/\/www.valyder.com\/ca\/"},{"@type":"ListItem","position":2,"name":"Avantatges per a tot el Col\u00b7legi","item":"https:\/\/www.valyder.com\/ca\/avantatges\/"},{"@type":"ListItem","position":3,"name":"Avantatges per al web del Col\u00b7legi"}]},{"@type":"WebSite","@id":"https:\/\/www.valyder.com\/ca\/#website","url":"https:\/\/www.valyder.com\/ca\/","name":"Valyder","description":"Visat electr\u00f2nic per a Col\u00b7legis Professionals","publisher":{"@id":"https:\/\/www.valyder.com\/ca\/#organization"},"potentialAction":[{"@type":"SearchAction","target":{"@type":"EntryPoint","urlTemplate":"https:\/\/www.valyder.com\/ca\/?s={search_term_string}"},"query-input":{"@type":"PropertyValueSpecification","valueRequired":true,"valueName":"search_term_string"}}],"inLanguage":"ca"},{"@type":"Organization","@id":"https:\/\/www.valyder.com\/ca\/#organization","name":"Valyder","url":"https:\/\/www.valyder.com\/ca\/","logo":{"@type":"ImageObject","inLanguage":"ca","@id":"https:\/\/www.valyder.com\/ca\/#\/schema\/logo\/image\/","url":"https:\/\/www.valyder.com\/wp-content\/uploads\/2017\/03\/cropped-logo-2-1.png","contentUrl":"https:\/\/www.valyder.com\/wp-content\/uploads\/2017\/03\/cropped-logo-2-1.png","width":250,"height":250,"caption":"Valyder"},"image":{"@id":"https:\/\/www.valyder.com\/ca\/#\/schema\/logo\/image\/"},"sameAs":["https:\/\/x.com\/valyder"]}]}},"_links":{"self":[{"href":"https:\/\/www.valyder.com\/ca\/wp-json\/wp\/v2\/pages\/38","targetHints":{"allow":["GET"]}}],"collection":[{"href":"https:\/\/www.valyder.com\/ca\/wp-json\/wp\/v2\/pages"}],"about":[{"href":"https:\/\/www.valyder.com\/ca\/wp-json\/wp\/v2\/types\/page"}],"author":[{"embeddable":true,"href":"https:\/\/www.valyder.com\/ca\/wp-json\/wp\/v2\/users\/1"}],"replies":[{"embeddable":true,"href":"https:\/\/www.valyder.com\/ca\/wp-json\/wp\/v2\/comments?post=38"}],"version-history":[{"count":11,"href":"https:\/\/www.valyder.com\/ca\/wp-json\/wp\/v2\/pages\/38\/revisions"}],"predecessor-version":[{"id":251,"href":"https:\/\/www.valyder.com\/ca\/wp-json\/wp\/v2\/pages\/38\/revisions\/251"}],"up":[{"embeddable":true,"href":"https:\/\/www.valyder.com\/ca\/wp-json\/wp\/v2\/pages\/53"}],"wp:featuredmedia":[{"embeddable":true,"href":"https:\/\/www.valyder.com\/ca\/wp-json\/wp\/v2\/media\/124"}],"wp:attachment":[{"href":"https:\/\/www.valyder.com\/ca\/wp-json\/wp\/v2\/media?parent=38"}],"curies":[{"name":"wp","href":"https:\/\/api.w.org\/{rel}","templated":true}]}}