{"id":412,"date":"2018-06-28T17:02:35","date_gmt":"2018-06-28T16:02:35","guid":{"rendered":"https:\/\/www.valyder.com\/?page_id=412"},"modified":"2018-06-28T17:02:35","modified_gmt":"2018-06-28T16:02:35","slug":"politica-de-cookies","status":"publish","type":"page","link":"https:\/\/www.valyder.com\/ca\/politica-de-cookies\/","title":{"rendered":"Pol\u00edtica de cookies"},"content":{"rendered":"<h3>Sobre l&#8217;\u00fas de les galetes o <em>cookies<\/em> en aquest lloc web<\/h3>\n<p>Una galeta (o <em>cookie<\/em> en angl\u00e8s) \u00e9s un petit fragment de codi que els llocs web que visites envien al teu navegador. La seva funci\u00f3 \u00e9s diversa, per exemple:<\/p>\n<ul>\n<li>Hi ha galetes de prefer\u00e8ncies, que serveixen per exemple per recordar l&#8217;idioma que has triat per navegar.<\/li>\n<li>Hi ha galetes de processos, que quan accedeixes a una \u00e0rea privada memoritzen algunes dades per a tenir-les en compte el dia que hi tornis. I si ets a una botiga en l\u00ednia, permeten que omplis el carret de la compra a mesura que vas triant productes.<\/li>\n<li>Tamb\u00e9 hi ha <em>cookies<\/em> de seguretat, que serveixen per impedir que alg\u00fa altre faci un \u00fas fraudulent de les teves credencials d&#8217;acc\u00e9s.<\/li>\n<\/ul>\n<p>En aquests casos les <em>cookies<\/em> aconsegueixen que els llocs web siguin m\u00e9s \u00fatils per a tu.<\/p>\n<p>En aquest lloc tamb\u00e9 fem servir <em>cookies<\/em> d&#8217;an\u00e0lisi, concretament per a qu\u00e8 Google Analytics ens doni dades sobre les visites, sempre de forma an\u00f2nima, i puguem millorar-ne els continguts que hi oferim.<\/p>\n<p>Per a nosaltres les <em>cookies<\/em> s\u00f3n un recurs per a fer que el web sigui m\u00e9s efectiu, \u00fatil i pr\u00e0ctic per a tu. Sempre respectem la teva intimitat i la de totes les persones que ens visiten, com ha de ser.<\/p>\n<h3>Galetes que s&#8217;utilitzen<\/h3>\n<table>\n<tbody>\n<tr>\n<td><strong>Cookie<\/strong><\/td>\n<td><strong>Prop\u00f2sit<\/strong><\/td>\n<\/tr>\n<tr>\n<td>wordpress_logged_in_[hash] \/\u00a0wordpress_[hash]<\/td>\n<td>Identificaci\u00f3 de l&#8217;usuari<\/td>\n<\/tr>\n<tr>\n<td>wordpress_test_cookie<\/td>\n<td>Verifica el funcionament de les <em>cookies<\/em><\/td>\n<\/tr>\n<tr>\n<td>tk_ni \/ tk_ai \/ tk_qs<\/td>\n<td>M\u00e8triques internes de l&#8217;usuari identificat<\/td>\n<\/tr>\n<tr>\n<td>wordpress-setting-xxxx \/ wordpress-setting-time-xxxx<\/td>\n<td>Personalitzaci\u00f3 de la interficie d&#8217;administraci\u00f3 del lloc<\/td>\n<\/tr>\n<tr>\n<td>wordpress_sec_[hash]<\/td>\n<td>Connexi\u00f3 de l&#8217;\u00e0rea administrativa amb el servei de WordPress<\/td>\n<\/tr>\n<tr>\n<td>viewed_cookie_policy<\/td>\n<td>Indica si s&#8217;ha mostrat l&#8217;avis de <em>cookies<\/em><\/td>\n<\/tr>\n<tr>\n<td>moove_gdpr_popup<\/td>\n<td>Indica les prefer\u00e8ncies de <em>cookies<\/em> de l&#8217;usuari actual<\/td>\n<\/tr>\n<tr>\n<td>gsScrollPos-[num]<\/td>\n<td>Mem\u00f2ria cau d&#8217;optimitzaci\u00f3 de la visualitzaci\u00f3 dels mapes interactius<\/td>\n<\/tr>\n<tr>\n<td>utma \/ utmb \/ utmc \/ utmt \/ utmz \/ _ga \/ _gat \/ _gac \/ _gid<\/td>\n<td>Usades per\u00a0Google Analytics per diferenciar usuaris. Recopilen dades sobre interacci\u00f3 amb el lloc web<\/td>\n<\/tr>\n<tr>\n<td>AMP_TOKEN<\/td>\n<td>Identificaci\u00f3 de Google Analytics AMP Client ID<\/td>\n<\/tr>\n<\/tbody>\n<\/table>\n<p>&nbsp;<\/p>\n<h3>Pots canviar d&#8217;opini\u00f3 i eliminar les <em>cookies<\/em> quan tu vulguis<\/h3>\n<p style=\"text-align: center;\"><a class=\"button\" href=\"\/#moove_gdpr_cookie_modal\">Configura les teves prefer\u00e8ncies<\/a><\/p>\n<p>Tamb\u00e9 pots consultar i gestionar les <em>cookies<\/em> instal\u00b7lades al teu equip. Per aix\u00f2, cal que canvi\u00efs la configuraci\u00f3 del teu navegador. Trobar\u00e0s informaci\u00f3 detallada en els seg\u00fcents enlla\u00e7os:<\/p>\n<ul>\n<li>Si navegues amb Firefox: <a href=\"http:\/\/support.mozilla.org\/es\/products\/firefox\/privacy-and-security\/cookies\" target=\"_blank\" rel=\"noopener\">http:\/\/support.mozilla.org\/es\/products\/firefox\/privacy-and-security\/cookies<\/a><\/li>\n<li>Si navegues amb Chrome: <a href=\"http:\/\/support.google.com\/chrome\/bin\/answer.py?hl=es&amp;answer=95647\" target=\"_blank\" rel=\"noopener\">http:\/\/support.google.com\/chrome\/bin\/answer.py?hl=es&amp;answer=95647<\/a><\/li>\n<li>Si navegues amb Internet Explorer: <a href=\"http:\/\/windows.microsoft.com\/es-es\/windows7\/how-to-manage-cookies-in-internet-explorer-9\" target=\"_blank\" rel=\"noopener\">http:\/\/windows.microsoft.com\/es-es\/windows7\/how-to-manage-cookies-in-internet-explorer-9<\/a><\/li>\n<li>Si navegues amb Safari: <a href=\"http:\/\/support.apple.com\/kb\/ph5042\" target=\"_blank\" rel=\"noopener\">http:\/\/support.apple.com\/kb\/ph5042<\/a><\/li>\n<\/ul>\n<p>&nbsp;<\/p>\n","protected":false},"excerpt":{"rendered":"<p>Sobre l&#8217;\u00fas de les galetes o cookies en aquest lloc web Una galeta (o cookie en angl\u00e8s) \u00e9s un petit fragment de codi que els llocs web que visites envien al teu navegador. La seva funci\u00f3 \u00e9s diversa, per exemple: Hi ha galetes de prefer\u00e8ncies, que serveixen per exemple per recordar l&#8217;idioma que has triat &hellip; <\/p>\n<p class=\"link-more\"><a href=\"https:\/\/www.valyder.com\/ca\/politica-de-cookies\/\" class=\"more-link\">Continua llegint <span class=\"screen-reader-text\">\u00abPol\u00edtica de cookies\u00bb<\/span><\/a><\/p>\n","protected":false},"author":1,"featured_media":0,"parent":0,"menu_order":0,"comment_status":"closed","ping_status":"closed","template":"","meta":{"footnotes":""},"class_list":["post-412","page","type-page","status-publish","hentry"],"yoast_head":"<!-- This site is optimized with the Yoast SEO plugin v27.3 - https:\/\/yoast.com\/product\/yoast-seo-wordpress\/ -->\n<title>Pol\u00edtica de cookies &#8211; Valyder<\/title>\n<meta name=\"robots\" content=\"index, follow, max-snippet:-1, max-image-preview:large, max-video-preview:-1\" \/>\n<link rel=\"canonical\" href=\"https:\/\/www.valyder.com\/ca\/politica-de-cookies\/\" \/>\n<meta property=\"og:locale\" content=\"ca_ES\" \/>\n<meta property=\"og:type\" content=\"article\" \/>\n<meta property=\"og:title\" content=\"Pol\u00edtica de cookies &#8211; Valyder\" \/>\n<meta property=\"og:description\" content=\"Sobre l&#8217;\u00fas de les galetes o cookies en aquest lloc web Una galeta (o cookie en angl\u00e8s) \u00e9s un petit fragment de codi que els llocs web que visites envien al teu navegador. La seva funci\u00f3 \u00e9s diversa, per exemple: Hi ha galetes de prefer\u00e8ncies, que serveixen per exemple per recordar l&#8217;idioma que has triat &hellip; Continua llegint \u00abPol\u00edtica de cookies\u00bb\" \/>\n<meta property=\"og:url\" content=\"https:\/\/www.valyder.com\/ca\/politica-de-cookies\/\" \/>\n<meta property=\"og:site_name\" content=\"Valyder\" \/>\n<meta name=\"twitter:card\" content=\"summary_large_image\" \/>\n<meta name=\"twitter:site\" content=\"@valyder\" \/>\n<meta name=\"twitter:label1\" content=\"Temps estimat de lectura\" \/>\n\t<meta name=\"twitter:data1\" content=\"2 minuts\" \/>\n<script type=\"application\/ld+json\" class=\"yoast-schema-graph\">{\"@context\":\"https:\\\/\\\/schema.org\",\"@graph\":[{\"@type\":\"WebPage\",\"@id\":\"https:\\\/\\\/www.valyder.com\\\/ca\\\/politica-de-cookies\\\/\",\"url\":\"https:\\\/\\\/www.valyder.com\\\/ca\\\/politica-de-cookies\\\/\",\"name\":\"Pol\u00edtica de cookies &#8211; Valyder\",\"isPartOf\":{\"@id\":\"https:\\\/\\\/www.valyder.com\\\/ca\\\/#website\"},\"datePublished\":\"2018-06-28T16:02:35+00:00\",\"breadcrumb\":{\"@id\":\"https:\\\/\\\/www.valyder.com\\\/ca\\\/politica-de-cookies\\\/#breadcrumb\"},\"inLanguage\":\"ca\",\"potentialAction\":[{\"@type\":\"ReadAction\",\"target\":[\"https:\\\/\\\/www.valyder.com\\\/ca\\\/politica-de-cookies\\\/\"]}]},{\"@type\":\"BreadcrumbList\",\"@id\":\"https:\\\/\\\/www.valyder.com\\\/ca\\\/politica-de-cookies\\\/#breadcrumb\",\"itemListElement\":[{\"@type\":\"ListItem\",\"position\":1,\"name\":\"Inici\",\"item\":\"https:\\\/\\\/www.valyder.com\\\/ca\\\/\"},{\"@type\":\"ListItem\",\"position\":2,\"name\":\"Pol\u00edtica de cookies\"}]},{\"@type\":\"WebSite\",\"@id\":\"https:\\\/\\\/www.valyder.com\\\/ca\\\/#website\",\"url\":\"https:\\\/\\\/www.valyder.com\\\/ca\\\/\",\"name\":\"Valyder\",\"description\":\"Visat electr\u00f2nic per a Col\u00b7legis Professionals\",\"publisher\":{\"@id\":\"https:\\\/\\\/www.valyder.com\\\/ca\\\/#organization\"},\"potentialAction\":[{\"@type\":\"SearchAction\",\"target\":{\"@type\":\"EntryPoint\",\"urlTemplate\":\"https:\\\/\\\/www.valyder.com\\\/ca\\\/?s={search_term_string}\"},\"query-input\":{\"@type\":\"PropertyValueSpecification\",\"valueRequired\":true,\"valueName\":\"search_term_string\"}}],\"inLanguage\":\"ca\"},{\"@type\":\"Organization\",\"@id\":\"https:\\\/\\\/www.valyder.com\\\/ca\\\/#organization\",\"name\":\"Valyder\",\"url\":\"https:\\\/\\\/www.valyder.com\\\/ca\\\/\",\"logo\":{\"@type\":\"ImageObject\",\"inLanguage\":\"ca\",\"@id\":\"https:\\\/\\\/www.valyder.com\\\/ca\\\/#\\\/schema\\\/logo\\\/image\\\/\",\"url\":\"https:\\\/\\\/www.valyder.com\\\/wp-content\\\/uploads\\\/2017\\\/03\\\/cropped-logo-2-1.png\",\"contentUrl\":\"https:\\\/\\\/www.valyder.com\\\/wp-content\\\/uploads\\\/2017\\\/03\\\/cropped-logo-2-1.png\",\"width\":250,\"height\":250,\"caption\":\"Valyder\"},\"image\":{\"@id\":\"https:\\\/\\\/www.valyder.com\\\/ca\\\/#\\\/schema\\\/logo\\\/image\\\/\"},\"sameAs\":[\"https:\\\/\\\/x.com\\\/valyder\"]}]}<\/script>\n<!-- \/ Yoast SEO plugin. -->","yoast_head_json":{"title":"Pol\u00edtica de cookies &#8211; Valyder","robots":{"index":"index","follow":"follow","max-snippet":"max-snippet:-1","max-image-preview":"max-image-preview:large","max-video-preview":"max-video-preview:-1"},"canonical":"https:\/\/www.valyder.com\/ca\/politica-de-cookies\/","og_locale":"ca_ES","og_type":"article","og_title":"Pol\u00edtica de cookies &#8211; Valyder","og_description":"Sobre l&#8217;\u00fas de les galetes o cookies en aquest lloc web Una galeta (o cookie en angl\u00e8s) \u00e9s un petit fragment de codi que els llocs web que visites envien al teu navegador. La seva funci\u00f3 \u00e9s diversa, per exemple: Hi ha galetes de prefer\u00e8ncies, que serveixen per exemple per recordar l&#8217;idioma que has triat &hellip; Continua llegint \u00abPol\u00edtica de cookies\u00bb","og_url":"https:\/\/www.valyder.com\/ca\/politica-de-cookies\/","og_site_name":"Valyder","twitter_card":"summary_large_image","twitter_site":"@valyder","twitter_misc":{"Temps estimat de lectura":"2 minuts"},"schema":{"@context":"https:\/\/schema.org","@graph":[{"@type":"WebPage","@id":"https:\/\/www.valyder.com\/ca\/politica-de-cookies\/","url":"https:\/\/www.valyder.com\/ca\/politica-de-cookies\/","name":"Pol\u00edtica de cookies &#8211; Valyder","isPartOf":{"@id":"https:\/\/www.valyder.com\/ca\/#website"},"datePublished":"2018-06-28T16:02:35+00:00","breadcrumb":{"@id":"https:\/\/www.valyder.com\/ca\/politica-de-cookies\/#breadcrumb"},"inLanguage":"ca","potentialAction":[{"@type":"ReadAction","target":["https:\/\/www.valyder.com\/ca\/politica-de-cookies\/"]}]},{"@type":"BreadcrumbList","@id":"https:\/\/www.valyder.com\/ca\/politica-de-cookies\/#breadcrumb","itemListElement":[{"@type":"ListItem","position":1,"name":"Inici","item":"https:\/\/www.valyder.com\/ca\/"},{"@type":"ListItem","position":2,"name":"Pol\u00edtica de cookies"}]},{"@type":"WebSite","@id":"https:\/\/www.valyder.com\/ca\/#website","url":"https:\/\/www.valyder.com\/ca\/","name":"Valyder","description":"Visat electr\u00f2nic per a Col\u00b7legis Professionals","publisher":{"@id":"https:\/\/www.valyder.com\/ca\/#organization"},"potentialAction":[{"@type":"SearchAction","target":{"@type":"EntryPoint","urlTemplate":"https:\/\/www.valyder.com\/ca\/?s={search_term_string}"},"query-input":{"@type":"PropertyValueSpecification","valueRequired":true,"valueName":"search_term_string"}}],"inLanguage":"ca"},{"@type":"Organization","@id":"https:\/\/www.valyder.com\/ca\/#organization","name":"Valyder","url":"https:\/\/www.valyder.com\/ca\/","logo":{"@type":"ImageObject","inLanguage":"ca","@id":"https:\/\/www.valyder.com\/ca\/#\/schema\/logo\/image\/","url":"https:\/\/www.valyder.com\/wp-content\/uploads\/2017\/03\/cropped-logo-2-1.png","contentUrl":"https:\/\/www.valyder.com\/wp-content\/uploads\/2017\/03\/cropped-logo-2-1.png","width":250,"height":250,"caption":"Valyder"},"image":{"@id":"https:\/\/www.valyder.com\/ca\/#\/schema\/logo\/image\/"},"sameAs":["https:\/\/x.com\/valyder"]}]}},"_links":{"self":[{"href":"https:\/\/www.valyder.com\/ca\/wp-json\/wp\/v2\/pages\/412","targetHints":{"allow":["GET"]}}],"collection":[{"href":"https:\/\/www.valyder.com\/ca\/wp-json\/wp\/v2\/pages"}],"about":[{"href":"https:\/\/www.valyder.com\/ca\/wp-json\/wp\/v2\/types\/page"}],"author":[{"embeddable":true,"href":"https:\/\/www.valyder.com\/ca\/wp-json\/wp\/v2\/users\/1"}],"replies":[{"embeddable":true,"href":"https:\/\/www.valyder.com\/ca\/wp-json\/wp\/v2\/comments?post=412"}],"version-history":[{"count":1,"href":"https:\/\/www.valyder.com\/ca\/wp-json\/wp\/v2\/pages\/412\/revisions"}],"predecessor-version":[{"id":413,"href":"https:\/\/www.valyder.com\/ca\/wp-json\/wp\/v2\/pages\/412\/revisions\/413"}],"wp:attachment":[{"href":"https:\/\/www.valyder.com\/ca\/wp-json\/wp\/v2\/media?parent=412"}],"curies":[{"name":"wp","href":"https:\/\/api.w.org\/{rel}","templated":true}]}}