{"id":9,"date":"2017-03-06T19:49:30","date_gmt":"2017-03-06T18:49:30","guid":{"rendered":"https:\/\/www.valyder.com\/?page_id=9"},"modified":"2017-04-25T16:55:45","modified_gmt":"2017-04-25T15:55:45","slug":"contractar","status":"publish","type":"page","link":"https:\/\/www.valyder.com\/ca\/contractar\/","title":{"rendered":"Com contractar"},"content":{"rendered":"<h3>Trieu\u00a0com contractar Valyder segons la vostra conveni\u00e8ncia<\/h3>\n<ul>\n<li><strong>Com a aplicaci\u00f3 aut\u00f2noma al vostre propi servidor<\/strong>. Nosaltres ens ocupem de deixar-vos-ho tot perfectament adaptat a les vostres particularitats i a punt per fer-lo servir. El codi font ser\u00e0 completament\u00a0de la vostra propietat i disposareu del nostre suport sempre que el necessiteu.<\/li>\n<li><strong>Com a servei contractable pel temps que vulgueu<\/strong>. Feu servir Valyder per una quota mensual sense preocupar-vos de servidors i manteniment. L&#8217;adaptem a les vostres particularitats i us garantim un funcionament perfecte de forma permanent.<\/li>\n<\/ul>\n<h3>Quant costa Valyder?<\/h3>\n<p>El preu final de cada modalitat dependr\u00e0 de les dimensions de la vostra organitzaci\u00f3 i de les vostres caracter\u00edstiques particulars.<\/p>\n<p>Truqueu-nos al <a href=\"tel:977 390 953\">977 390 953<\/a> o contacteu-nos a trav\u00e9s del seg\u00fcent formulari. Us farem la millor proposta possible perqu\u00e8 comenceu a fer servir Valyder ben aviat.<\/p>\n\n<div class=\"wpcf7 no-js\" id=\"wpcf7-f139-o1\" lang=\"ca\" dir=\"ltr\" data-wpcf7-id=\"139\">\n<div class=\"screen-reader-response\"><p role=\"status\" aria-live=\"polite\" aria-atomic=\"true\"><\/p> <ul><\/ul><\/div>\n<form action=\"\/ca\/wp-json\/wp\/v2\/pages\/9#wpcf7-f139-o1\" method=\"post\" class=\"wpcf7-form init\" aria-label=\"Formulari de contacte\" novalidate=\"novalidate\" data-status=\"init\">\n<fieldset class=\"hidden-fields-container\"><input type=\"hidden\" name=\"_wpcf7\" value=\"139\" \/><input type=\"hidden\" name=\"_wpcf7_version\" value=\"6.1.5\" \/><input type=\"hidden\" name=\"_wpcf7_locale\" value=\"ca\" \/><input type=\"hidden\" name=\"_wpcf7_unit_tag\" value=\"wpcf7-f139-o1\" \/><input type=\"hidden\" name=\"_wpcf7_container_post\" value=\"0\" \/><input type=\"hidden\" name=\"_wpcf7_posted_data_hash\" value=\"\" \/><input type=\"hidden\" name=\"_wpcf7_recaptcha_response\" value=\"\" \/>\n<\/fieldset>\n<p><label> Nom *<br \/>\n<span class=\"wpcf7-form-control-wrap\" data-name=\"nom\"><input size=\"40\" maxlength=\"400\" class=\"wpcf7-form-control wpcf7-text wpcf7-validates-as-required\" aria-required=\"true\" aria-invalid=\"false\" value=\"\" type=\"text\" name=\"nom\" \/><\/span> <\/label>\n<\/p>\n<p><label> Correu electr\u00f2nic *<br \/>\n<span class=\"wpcf7-form-control-wrap\" data-name=\"correu-e\"><input size=\"40\" maxlength=\"400\" class=\"wpcf7-form-control wpcf7-email wpcf7-validates-as-required wpcf7-text wpcf7-validates-as-email\" aria-required=\"true\" aria-invalid=\"false\" value=\"\" type=\"email\" name=\"correu-e\" \/><\/span> <\/label>\n<\/p>\n<p><label> Tel\u00e8fon de contacte *<br \/>\n<span class=\"wpcf7-form-control-wrap\" data-name=\"telefon\"><input size=\"40\" maxlength=\"400\" class=\"wpcf7-form-control wpcf7-tel wpcf7-validates-as-required wpcf7-text wpcf7-validates-as-tel\" aria-required=\"true\" aria-invalid=\"false\" value=\"\" type=\"tel\" name=\"telefon\" \/><\/span> <\/label>\n<\/p>\n<p><label> Organitzaci\u00f3 *<br \/>\n<span class=\"wpcf7-form-control-wrap\" data-name=\"organitzacio\"><input size=\"40\" maxlength=\"400\" class=\"wpcf7-form-control wpcf7-text wpcf7-validates-as-required\" aria-required=\"true\" aria-invalid=\"false\" value=\"\" type=\"text\" name=\"organitzacio\" \/><\/span> <\/label>\n<\/p>\n<p><label> Comentaris<br \/>\n<span class=\"wpcf7-form-control-wrap\" data-name=\"comentaris\"><textarea cols=\"40\" rows=\"10\" maxlength=\"2000\" class=\"wpcf7-form-control wpcf7-textarea\" aria-invalid=\"false\" name=\"comentaris\"><\/textarea><\/span> <\/label>\n<\/p>\n<p><span class=\"wpcf7-form-control-wrap\" data-name=\"accept-this\"><span class=\"wpcf7-form-control wpcf7-acceptance\"><span class=\"wpcf7-list-item\"><input type=\"checkbox\" name=\"accept-this\" value=\"1\" aria-invalid=\"false\" \/><\/span><\/span><\/span> Accepto el <a href=\"\/ca\/aspectes-legals\/\">tractament de dades personals<\/a>\n<\/p>\n<p><input class=\"wpcf7-form-control wpcf7-submit has-spinner\" type=\"submit\" value=\"Envia\" \/>\n<\/p><p style=\"display: none !important;\" class=\"akismet-fields-container\" data-prefix=\"_wpcf7_ak_\"><label>&#916;<textarea name=\"_wpcf7_ak_hp_textarea\" cols=\"45\" rows=\"8\" maxlength=\"100\"><\/textarea><\/label><input type=\"hidden\" id=\"ak_js_1\" name=\"_wpcf7_ak_js\" value=\"57\"\/><script>document.getElementById( \"ak_js_1\" ).setAttribute( \"value\", ( new Date() ).getTime() );<\/script><\/p><div class=\"wpcf7-response-output\" aria-hidden=\"true\"><\/div>\n<\/form>\n<\/div>\n\n<p><script>\ndocument.addEventListener( 'wpcf7mailsent', function( event ) {\n    location = '\/ca\/gracies-contacte\/';\n}, false );\n<\/script><\/p>\n","protected":false},"excerpt":{"rendered":"<p>Trieu\u00a0com contractar Valyder segons la vostra conveni\u00e8ncia Com a aplicaci\u00f3 aut\u00f2noma al vostre propi servidor. Nosaltres ens ocupem de deixar-vos-ho tot perfectament adaptat a les vostres particularitats i a punt per fer-lo servir. El codi font ser\u00e0 completament\u00a0de la vostra propietat i disposareu del nostre suport sempre que el necessiteu. Com a servei contractable pel &hellip; <\/p>\n<p class=\"link-more\"><a href=\"https:\/\/www.valyder.com\/ca\/contractar\/\" class=\"more-link\">Continua llegint <span class=\"screen-reader-text\">\u00abCom contractar\u00bb<\/span><\/a><\/p>\n","protected":false},"author":1,"featured_media":0,"parent":0,"menu_order":0,"comment_status":"closed","ping_status":"closed","template":"","meta":{"footnotes":""},"class_list":["post-9","page","type-page","status-publish","hentry"],"yoast_head":"<!-- This site is optimized with the Yoast SEO plugin v27.3 - https:\/\/yoast.com\/product\/yoast-seo-wordpress\/ -->\n<title>Com contractar &#8211; Valyder<\/title>\n<meta name=\"description\" content=\"Conegueu les modalitats de contractaci\u00f3 de Valyder.\" \/>\n<meta name=\"robots\" content=\"index, follow, max-snippet:-1, max-image-preview:large, max-video-preview:-1\" \/>\n<link rel=\"canonical\" href=\"https:\/\/www.valyder.com\/ca\/contractar\/\" \/>\n<meta property=\"og:locale\" content=\"ca_ES\" \/>\n<meta property=\"og:type\" content=\"article\" \/>\n<meta property=\"og:title\" content=\"Com contractar &#8211; Valyder\" \/>\n<meta property=\"og:description\" content=\"Conegueu les modalitats de contractaci\u00f3 de Valyder.\" \/>\n<meta property=\"og:url\" content=\"https:\/\/www.valyder.com\/ca\/contractar\/\" \/>\n<meta property=\"og:site_name\" content=\"Valyder\" \/>\n<meta property=\"article:modified_time\" content=\"2017-04-25T15:55:45+00:00\" \/>\n<meta name=\"twitter:card\" content=\"summary_large_image\" \/>\n<meta name=\"twitter:site\" content=\"@valyder\" \/>\n<meta name=\"twitter:label1\" content=\"Temps estimat de lectura\" \/>\n\t<meta name=\"twitter:data1\" content=\"1 minut\" \/>\n<script type=\"application\/ld+json\" class=\"yoast-schema-graph\">{\"@context\":\"https:\\\/\\\/schema.org\",\"@graph\":[{\"@type\":\"WebPage\",\"@id\":\"https:\\\/\\\/www.valyder.com\\\/ca\\\/contractar\\\/\",\"url\":\"https:\\\/\\\/www.valyder.com\\\/ca\\\/contractar\\\/\",\"name\":\"Com contractar &#8211; Valyder\",\"isPartOf\":{\"@id\":\"https:\\\/\\\/www.valyder.com\\\/ca\\\/#website\"},\"datePublished\":\"2017-03-06T18:49:30+00:00\",\"dateModified\":\"2017-04-25T15:55:45+00:00\",\"description\":\"Conegueu les modalitats de contractaci\u00f3 de Valyder.\",\"breadcrumb\":{\"@id\":\"https:\\\/\\\/www.valyder.com\\\/ca\\\/contractar\\\/#breadcrumb\"},\"inLanguage\":\"ca\",\"potentialAction\":[{\"@type\":\"ReadAction\",\"target\":[\"https:\\\/\\\/www.valyder.com\\\/ca\\\/contractar\\\/\"]}]},{\"@type\":\"BreadcrumbList\",\"@id\":\"https:\\\/\\\/www.valyder.com\\\/ca\\\/contractar\\\/#breadcrumb\",\"itemListElement\":[{\"@type\":\"ListItem\",\"position\":1,\"name\":\"Inici\",\"item\":\"https:\\\/\\\/www.valyder.com\\\/ca\\\/\"},{\"@type\":\"ListItem\",\"position\":2,\"name\":\"Com contractar\"}]},{\"@type\":\"WebSite\",\"@id\":\"https:\\\/\\\/www.valyder.com\\\/ca\\\/#website\",\"url\":\"https:\\\/\\\/www.valyder.com\\\/ca\\\/\",\"name\":\"Valyder\",\"description\":\"Visat electr\u00f2nic per a Col\u00b7legis Professionals\",\"publisher\":{\"@id\":\"https:\\\/\\\/www.valyder.com\\\/ca\\\/#organization\"},\"potentialAction\":[{\"@type\":\"SearchAction\",\"target\":{\"@type\":\"EntryPoint\",\"urlTemplate\":\"https:\\\/\\\/www.valyder.com\\\/ca\\\/?s={search_term_string}\"},\"query-input\":{\"@type\":\"PropertyValueSpecification\",\"valueRequired\":true,\"valueName\":\"search_term_string\"}}],\"inLanguage\":\"ca\"},{\"@type\":\"Organization\",\"@id\":\"https:\\\/\\\/www.valyder.com\\\/ca\\\/#organization\",\"name\":\"Valyder\",\"url\":\"https:\\\/\\\/www.valyder.com\\\/ca\\\/\",\"logo\":{\"@type\":\"ImageObject\",\"inLanguage\":\"ca\",\"@id\":\"https:\\\/\\\/www.valyder.com\\\/ca\\\/#\\\/schema\\\/logo\\\/image\\\/\",\"url\":\"https:\\\/\\\/www.valyder.com\\\/wp-content\\\/uploads\\\/2017\\\/03\\\/cropped-logo-2-1.png\",\"contentUrl\":\"https:\\\/\\\/www.valyder.com\\\/wp-content\\\/uploads\\\/2017\\\/03\\\/cropped-logo-2-1.png\",\"width\":250,\"height\":250,\"caption\":\"Valyder\"},\"image\":{\"@id\":\"https:\\\/\\\/www.valyder.com\\\/ca\\\/#\\\/schema\\\/logo\\\/image\\\/\"},\"sameAs\":[\"https:\\\/\\\/x.com\\\/valyder\"]}]}<\/script>\n<!-- \/ Yoast SEO plugin. -->","yoast_head_json":{"title":"Com contractar &#8211; Valyder","description":"Conegueu les modalitats de contractaci\u00f3 de Valyder.","robots":{"index":"index","follow":"follow","max-snippet":"max-snippet:-1","max-image-preview":"max-image-preview:large","max-video-preview":"max-video-preview:-1"},"canonical":"https:\/\/www.valyder.com\/ca\/contractar\/","og_locale":"ca_ES","og_type":"article","og_title":"Com contractar &#8211; Valyder","og_description":"Conegueu les modalitats de contractaci\u00f3 de Valyder.","og_url":"https:\/\/www.valyder.com\/ca\/contractar\/","og_site_name":"Valyder","article_modified_time":"2017-04-25T15:55:45+00:00","twitter_card":"summary_large_image","twitter_site":"@valyder","twitter_misc":{"Temps estimat de lectura":"1 minut"},"schema":{"@context":"https:\/\/schema.org","@graph":[{"@type":"WebPage","@id":"https:\/\/www.valyder.com\/ca\/contractar\/","url":"https:\/\/www.valyder.com\/ca\/contractar\/","name":"Com contractar &#8211; Valyder","isPartOf":{"@id":"https:\/\/www.valyder.com\/ca\/#website"},"datePublished":"2017-03-06T18:49:30+00:00","dateModified":"2017-04-25T15:55:45+00:00","description":"Conegueu les modalitats de contractaci\u00f3 de Valyder.","breadcrumb":{"@id":"https:\/\/www.valyder.com\/ca\/contractar\/#breadcrumb"},"inLanguage":"ca","potentialAction":[{"@type":"ReadAction","target":["https:\/\/www.valyder.com\/ca\/contractar\/"]}]},{"@type":"BreadcrumbList","@id":"https:\/\/www.valyder.com\/ca\/contractar\/#breadcrumb","itemListElement":[{"@type":"ListItem","position":1,"name":"Inici","item":"https:\/\/www.valyder.com\/ca\/"},{"@type":"ListItem","position":2,"name":"Com contractar"}]},{"@type":"WebSite","@id":"https:\/\/www.valyder.com\/ca\/#website","url":"https:\/\/www.valyder.com\/ca\/","name":"Valyder","description":"Visat electr\u00f2nic per a Col\u00b7legis Professionals","publisher":{"@id":"https:\/\/www.valyder.com\/ca\/#organization"},"potentialAction":[{"@type":"SearchAction","target":{"@type":"EntryPoint","urlTemplate":"https:\/\/www.valyder.com\/ca\/?s={search_term_string}"},"query-input":{"@type":"PropertyValueSpecification","valueRequired":true,"valueName":"search_term_string"}}],"inLanguage":"ca"},{"@type":"Organization","@id":"https:\/\/www.valyder.com\/ca\/#organization","name":"Valyder","url":"https:\/\/www.valyder.com\/ca\/","logo":{"@type":"ImageObject","inLanguage":"ca","@id":"https:\/\/www.valyder.com\/ca\/#\/schema\/logo\/image\/","url":"https:\/\/www.valyder.com\/wp-content\/uploads\/2017\/03\/cropped-logo-2-1.png","contentUrl":"https:\/\/www.valyder.com\/wp-content\/uploads\/2017\/03\/cropped-logo-2-1.png","width":250,"height":250,"caption":"Valyder"},"image":{"@id":"https:\/\/www.valyder.com\/ca\/#\/schema\/logo\/image\/"},"sameAs":["https:\/\/x.com\/valyder"]}]}},"_links":{"self":[{"href":"https:\/\/www.valyder.com\/ca\/wp-json\/wp\/v2\/pages\/9","targetHints":{"allow":["GET"]}}],"collection":[{"href":"https:\/\/www.valyder.com\/ca\/wp-json\/wp\/v2\/pages"}],"about":[{"href":"https:\/\/www.valyder.com\/ca\/wp-json\/wp\/v2\/types\/page"}],"author":[{"embeddable":true,"href":"https:\/\/www.valyder.com\/ca\/wp-json\/wp\/v2\/users\/1"}],"replies":[{"embeddable":true,"href":"https:\/\/www.valyder.com\/ca\/wp-json\/wp\/v2\/comments?post=9"}],"version-history":[{"count":12,"href":"https:\/\/www.valyder.com\/ca\/wp-json\/wp\/v2\/pages\/9\/revisions"}],"predecessor-version":[{"id":403,"href":"https:\/\/www.valyder.com\/ca\/wp-json\/wp\/v2\/pages\/9\/revisions\/403"}],"wp:attachment":[{"href":"https:\/\/www.valyder.com\/ca\/wp-json\/wp\/v2\/media?parent=9"}],"curies":[{"name":"wp","href":"https:\/\/api.w.org\/{rel}","templated":true}]}}