{"id":260,"date":"2017-04-07T17:34:39","date_gmt":"2017-04-07T16:34:39","guid":{"rendered":"https:\/\/www.valyder.com\/?page_id=260\/"},"modified":"2017-04-18T17:04:35","modified_gmt":"2017-04-18T16:04:35","slug":"aspectos-legales","status":"publish","type":"page","link":"https:\/\/www.valyder.com\/es\/aspectos-legales\/","title":{"rendered":"Aspectos legales"},"content":{"rendered":"<h2>Responsabilidad del sitio web<\/h2>\n<p><strong>Valyder<\/strong>\u00a0es una marca comercial de <strong>Fesomia<\/strong> (Enraona Internet SL con CIF B 55506232, con domicilio en la calle del Comte de Sicart, 16 2\u00ba. 43480 Vila-seca), la cual act\u00faa como titular, dinamizadora y gestora de contenidos del web\u00a0<strong>valyder.com<\/strong><\/p>\n<h2>Concepto de usuario<\/h2>\n<p>La utilizaci\u00f3n del web atribuye la condici\u00f3n de usuario, e implica la aceptaci\u00f3n plena y sin reservas de todas y cada una de las disposiciones incluidas en este \u00abAviso legal\u00bb en la versi\u00f3n publicada por Valyder\u00a0en el mismo momento que el usuario acceda al web. En consecuencia, el usuario debe leer atentamente el presente \u00abAviso legal\u00bb en cada una de las ocasiones que se proponga utilizar el web, ya que pueden producirse modificaciones.<\/p>\n<h2>Informaci\u00f3n sobre los enlaces o <em>links<\/em><\/h2>\n<p>Valyder no se hace responsable de los sitios o p\u00e1ginas web no propios a los que se puede acceder mediante v\u00ednculos o de cualquier contenido puesto a disposici\u00f3n por terceros. Cualquier uso de un v\u00ednculo o acceso a un web no propio es realizado por voluntad y riesgo exclusivo del usuario y Valyder no recomienda ni garantiza ninguna informaci\u00f3n obtenida a trav\u00e9s de un v\u00ednculo ajeno al web de Valyder ni se responsabiliza de ninguna p\u00e9rdida, reclamaci\u00f3n o perjuicio derivada del uso o mal uso de un v\u00ednculo, o de la informaci\u00f3n obtenida a trav\u00e9s de \u00e9l, incluyendo otros v\u00ednculos o webs, de la interrupci\u00f3n en el servicio o en el acceso, o del intento de usar o usar mal un v\u00ednculo, tanto al conectar al web de Valyder como al acceder a la informaci\u00f3n de otros sitios web desde el web de Valyder.<\/p>\n<h2>Informaci\u00f3n sobre la utilizaci\u00f3n de <em>cookies<\/em><\/h2>\n<p>En este web se pueden estar utilizando <em>cookies<\/em> en algunas p\u00e1ginas. La finalidad de dichas <em>cookies<\/em> es mejorar el servicio que ofrecen a sus clientes y a nuestros visitantes. Las <em>cookies<\/em> son peque\u00f1os ficheros de datos que se generan en el ordenador del usuario y que permiten obtener la siguiente informaci\u00f3n<\/p>\n<ul>\n<li>Fecha y hora de la \u00faltima vez que el usuario visita el web.<\/li>\n<li>Dise\u00f1o de contenido que el usuario escogi\u00f3 en su primera visita en el web.<\/li>\n<li>Elementos de seguridad que intervienen en el control de acceso a las \u00e1reas restringidas.<\/li>\n<\/ul>\n<h2>Renuncia y limitaci\u00f3n de la responsabilidad<\/h2>\n<p>La informaci\u00f3n y servicios incluidos o disponibles a trav\u00e9s de las p\u00e1ginas web pueden incluir incorrecciones o errores tipogr\u00e1ficos. De forma peri\u00f3dica se incorporan cambios a la informaci\u00f3n contenida. Valyder puede introducir en cualquier momento mejoras y\/o cambios en los servicios o contenidos.<\/p>\n<p>Valyder ha obtenido la informaci\u00f3n y los materiales incluidos en el web de fuentes consideradas como fiables, pero, si bien se han tomado las medidas correspondientes para asegurar que la informaci\u00f3n contenida sea correcta, no garantiza que sea exacta y actualizada.<\/p>\n<p>Tambi\u00e9n se advierte que los contenidos de este web tienen dos finalidades, una finalidad informativa en cuanto a la calidad, situaci\u00f3n, servicios y tarifas y otra de venta de productos seg\u00fan lo previsto en el presente aviso legal y dem\u00e1s textos legales del presente web.<\/p>\n<h3>Informaci\u00f3n sobre la exenci\u00f3n de toda la responsabilidad derivada de un fallo t\u00e9cnico y de contenido<\/h3>\n<p>Valyder declina cualquier responsabilidad en caso de que existan interrupciones o un mal funcionamiento de los servicios o contenidos ofrecidos en Internet, cualquiera que sea su causa. As\u00ed mismo Valyder no se hace responsable por ca\u00eddas de la red, p\u00e9rdidas de negocio a consecuencia de dichas ca\u00eddas, suspensiones temporales del fluido el\u00e9ctrico o cualquier otro tipo. Valyder no declara ni garantiza que los servicios o contenidos no sean interrumpidos o que est\u00e9n libres de errores, que los defectos sean corregidos, o que el servicio o el servidor que lo pone a disposici\u00f3n est\u00e9n libres de virus u otros componentes nocivos, sin perjuicio de que Valyder realiza sus mejores esfuerzos en evitar este tipo de incidentes. En caso de que el usuario tomara determinadas decisiones o realizara acciones en relaci\u00f3n\u00a0a la informaci\u00f3n incluida en cualquiera de los sitios web, se recomienda la comprobaci\u00f3n de la informaci\u00f3n recibida con otras fuentes.<\/p>\n<h2>Propiedad industrial e intelectual<\/h2>\n<p>Los contenidos creados y generados por Valyder as\u00ed como los contenidos vertidos en la red a trav\u00e9s de sus p\u00e1ginas web, son propiedad de Valyder.<\/p>\n<p>No obstante los logotipos, iconos, botones, software, nombres comerciales, marcas, dibujos industriales o cualquier otro signo propiedad de terceros titulares que han autorizado debidamente su inclusi\u00f3n en los diferentes sitios web de Valyder, quedan excluidos de esta licencia de uso.<\/p>\n<p>Los contenidos, im\u00e1genes, formas, opiniones, \u00edndices y dem\u00e1s expresiones formales que formen parte de las p\u00e1ginas web, as\u00ed como el software necesario para el funcionamiento y visualizaci\u00f3n de las mismas, constituyen asimismo una obra en el sentido del Derecho de Autor y quedan, por tanto, protegidas por las convenciones internacionales y legislaciones nacionales en materia de Propiedad intelectual que resulten aplicables. El incumplimiento de lo se\u00f1alado implica la comisi\u00f3n de graves actos il\u00edcitos y su sanci\u00f3n por la legislaci\u00f3n civil y penal.<\/p>\n<p>Valyder es libre de limitar el acceso a las p\u00e1ginas web, y los productos y\/o servicios en ella ofrecidos, as\u00ed como la consiguiente publicaci\u00f3n de las opiniones, observaciones, im\u00e1genes o comentarios que los usuarios puedan hacerle llegar a trav\u00e9s del correo electr\u00f3nico.<\/p>\n<p>Valyder, en este sentido, podr\u00e1 establecer, si lo considera oportuno, sin perjuicio de la \u00fanica y exclusiva responsabilidad de los usuarios, los filtros necesarios a fin de evitar que a trav\u00e9s de sus p\u00e1ginas web puedan verterse en la red contenidos u opiniones, considerados como racistas, xen\u00f3fobos, discriminatorios, pornogr\u00e1ficos, difamatorios o que, de cualquier modo, fomenten la violencia o la diseminaci\u00f3n de contenidos claramente il\u00edcitos o nocivos.<\/p>\n<p>Aquellos usuarios que env\u00eden los sitios web de Valyder, a su departamento de sugerencias, observaciones, opiniones o comentarios por medio del servicio de correo electr\u00f3nico, salvo que expresen de manera cierta y veraz lo contrario, en los casos en los que por la naturaleza de los servicios o contenidos ello sea posible, se entiende que autorizan a Valyder para la reproducci\u00f3n, distribuci\u00f3n, exhibici\u00f3n, transmisi\u00f3n, retransmisi\u00f3n, emisi\u00f3n en cualquier formato, almacenamiento en soportes f\u00edsicos o l\u00f3gicos (por ejemplo, disquetes o discos duros de ordenadores), digitalizaci\u00f3n, puesta a disposici\u00f3n desde bases de datos pertenecientes a Valyder, traducci\u00f3n, adaptaci\u00f3n, arreglo o cualquier otra transformaci\u00f3n de tales observaciones, opiniones o comentarios, por todo el tiempo de protecci\u00f3n de derecho de autor que est\u00e9 previsto legalmente.<\/p>\n<p>Asimismo, entiende que esta autorizaci\u00f3n se hace a t\u00edtulo gratuito, y que por el solo hecho de enviar por correo electr\u00f3nico tales observaciones, opiniones o comentarios, los usuarios declinan cualquier pretensi\u00f3n remuneratoria por parte de Valyder.<\/p>\n<p>De acuerdo con lo se\u00f1alado en el p\u00e1rrafo anterior, Valyder queda autorizada igualmente para proceder a la modificaci\u00f3n o alteraci\u00f3n de tales observaciones, opiniones o comentarios, a fin de adaptarlos a las necesidades de formato editorial de las p\u00e1ginas web, sin que por ello pueda entenderse que existe en absoluto cualquier tipo de lesi\u00f3n de cualquiera de las facultades morales de derecho de autor que los usuarios pudieran ostentar sobre aquellas.<\/p>\n","protected":false},"excerpt":{"rendered":"<p>Responsabilidad del sitio web Valyder\u00a0es una marca comercial de Fesomia (Enraona Internet SL con CIF B 55506232, con domicilio en la calle del Comte de Sicart, 16 2\u00ba. 43480 Vila-seca), la cual act\u00faa como titular, dinamizadora y gestora de contenidos del web\u00a0valyder.com Concepto de usuario La utilizaci\u00f3n del web atribuye la condici\u00f3n de usuario, e &hellip; <\/p>\n<p class=\"link-more\"><a href=\"https:\/\/www.valyder.com\/es\/aspectos-legales\/\" class=\"more-link\">Continuar leyendo<span class=\"screen-reader-text\"> \u00abAspectos legales\u00bb<\/span><\/a><\/p>\n","protected":false},"author":1,"featured_media":0,"parent":0,"menu_order":0,"comment_status":"closed","ping_status":"closed","template":"","meta":{"footnotes":""},"class_list":["post-260","page","type-page","status-publish","hentry"],"yoast_head":"<!-- This site is optimized with the Yoast SEO plugin v27.3 - https:\/\/yoast.com\/product\/yoast-seo-wordpress\/ -->\n<title>Aspectos legales &#8211; Valyder<\/title>\n<meta name=\"description\" content=\"Conoce las condiciones legales del uso de Valyder.\" \/>\n<meta name=\"robots\" content=\"noindex, nofollow\" \/>\n<meta property=\"og:locale\" content=\"es_ES\" \/>\n<meta property=\"og:type\" content=\"article\" \/>\n<meta property=\"og:title\" content=\"Aspectos legales &#8211; Valyder\" \/>\n<meta property=\"og:description\" content=\"Conoce las condiciones legales del uso de Valyder.\" \/>\n<meta property=\"og:url\" content=\"https:\/\/www.valyder.com\/es\/aspectos-legales\/\" \/>\n<meta property=\"og:site_name\" content=\"Valyder\" \/>\n<meta property=\"article:modified_time\" content=\"2017-04-18T16:04:35+00:00\" \/>\n<meta name=\"twitter:card\" content=\"summary_large_image\" \/>\n<meta name=\"twitter:site\" content=\"@valyder\" \/>\n<meta name=\"twitter:label1\" content=\"Tiempo de lectura\" \/>\n\t<meta name=\"twitter:data1\" content=\"6 minutos\" \/>\n<script type=\"application\/ld+json\" class=\"yoast-schema-graph\">{\"@context\":\"https:\\\/\\\/schema.org\",\"@graph\":[{\"@type\":\"WebPage\",\"@id\":\"https:\\\/\\\/www.valyder.com\\\/es\\\/aspectos-legales\\\/\",\"url\":\"https:\\\/\\\/www.valyder.com\\\/es\\\/aspectos-legales\\\/\",\"name\":\"Aspectos legales &#8211; Valyder\",\"isPartOf\":{\"@id\":\"https:\\\/\\\/www.valyder.com\\\/ca\\\/#website\"},\"datePublished\":\"2017-04-07T16:34:39+00:00\",\"dateModified\":\"2017-04-18T16:04:35+00:00\",\"description\":\"Conoce las condiciones legales del uso de Valyder.\",\"breadcrumb\":{\"@id\":\"https:\\\/\\\/www.valyder.com\\\/es\\\/aspectos-legales\\\/#breadcrumb\"},\"inLanguage\":\"es\",\"potentialAction\":[{\"@type\":\"ReadAction\",\"target\":[\"https:\\\/\\\/www.valyder.com\\\/es\\\/aspectos-legales\\\/\"]}]},{\"@type\":\"BreadcrumbList\",\"@id\":\"https:\\\/\\\/www.valyder.com\\\/es\\\/aspectos-legales\\\/#breadcrumb\",\"itemListElement\":[{\"@type\":\"ListItem\",\"position\":1,\"name\":\"Inici\",\"item\":\"https:\\\/\\\/www.valyder.com\\\/es\\\/\"},{\"@type\":\"ListItem\",\"position\":2,\"name\":\"Aspectos legales\"}]},{\"@type\":\"WebSite\",\"@id\":\"https:\\\/\\\/www.valyder.com\\\/ca\\\/#website\",\"url\":\"https:\\\/\\\/www.valyder.com\\\/ca\\\/\",\"name\":\"Valyder\",\"description\":\"Visado electr\u00f3nico para Colegios Profesionales\",\"publisher\":{\"@id\":\"https:\\\/\\\/www.valyder.com\\\/ca\\\/#organization\"},\"potentialAction\":[{\"@type\":\"SearchAction\",\"target\":{\"@type\":\"EntryPoint\",\"urlTemplate\":\"https:\\\/\\\/www.valyder.com\\\/ca\\\/?s={search_term_string}\"},\"query-input\":{\"@type\":\"PropertyValueSpecification\",\"valueRequired\":true,\"valueName\":\"search_term_string\"}}],\"inLanguage\":\"es\"},{\"@type\":\"Organization\",\"@id\":\"https:\\\/\\\/www.valyder.com\\\/ca\\\/#organization\",\"name\":\"Valyder\",\"url\":\"https:\\\/\\\/www.valyder.com\\\/ca\\\/\",\"logo\":{\"@type\":\"ImageObject\",\"inLanguage\":\"es\",\"@id\":\"https:\\\/\\\/www.valyder.com\\\/ca\\\/#\\\/schema\\\/logo\\\/image\\\/\",\"url\":\"https:\\\/\\\/www.valyder.com\\\/wp-content\\\/uploads\\\/2017\\\/03\\\/cropped-logo-2-1.png\",\"contentUrl\":\"https:\\\/\\\/www.valyder.com\\\/wp-content\\\/uploads\\\/2017\\\/03\\\/cropped-logo-2-1.png\",\"width\":250,\"height\":250,\"caption\":\"Valyder\"},\"image\":{\"@id\":\"https:\\\/\\\/www.valyder.com\\\/ca\\\/#\\\/schema\\\/logo\\\/image\\\/\"},\"sameAs\":[\"https:\\\/\\\/x.com\\\/valyder\"]}]}<\/script>\n<!-- \/ Yoast SEO plugin. -->","yoast_head_json":{"title":"Aspectos legales &#8211; Valyder","description":"Conoce las condiciones legales del uso de Valyder.","robots":{"index":"noindex","follow":"nofollow"},"og_locale":"es_ES","og_type":"article","og_title":"Aspectos legales &#8211; Valyder","og_description":"Conoce las condiciones legales del uso de Valyder.","og_url":"https:\/\/www.valyder.com\/es\/aspectos-legales\/","og_site_name":"Valyder","article_modified_time":"2017-04-18T16:04:35+00:00","twitter_card":"summary_large_image","twitter_site":"@valyder","twitter_misc":{"Tiempo de lectura":"6 minutos"},"schema":{"@context":"https:\/\/schema.org","@graph":[{"@type":"WebPage","@id":"https:\/\/www.valyder.com\/es\/aspectos-legales\/","url":"https:\/\/www.valyder.com\/es\/aspectos-legales\/","name":"Aspectos legales &#8211; Valyder","isPartOf":{"@id":"https:\/\/www.valyder.com\/ca\/#website"},"datePublished":"2017-04-07T16:34:39+00:00","dateModified":"2017-04-18T16:04:35+00:00","description":"Conoce las condiciones legales del uso de Valyder.","breadcrumb":{"@id":"https:\/\/www.valyder.com\/es\/aspectos-legales\/#breadcrumb"},"inLanguage":"es","potentialAction":[{"@type":"ReadAction","target":["https:\/\/www.valyder.com\/es\/aspectos-legales\/"]}]},{"@type":"BreadcrumbList","@id":"https:\/\/www.valyder.com\/es\/aspectos-legales\/#breadcrumb","itemListElement":[{"@type":"ListItem","position":1,"name":"Inici","item":"https:\/\/www.valyder.com\/es\/"},{"@type":"ListItem","position":2,"name":"Aspectos legales"}]},{"@type":"WebSite","@id":"https:\/\/www.valyder.com\/ca\/#website","url":"https:\/\/www.valyder.com\/ca\/","name":"Valyder","description":"Visado electr\u00f3nico para Colegios Profesionales","publisher":{"@id":"https:\/\/www.valyder.com\/ca\/#organization"},"potentialAction":[{"@type":"SearchAction","target":{"@type":"EntryPoint","urlTemplate":"https:\/\/www.valyder.com\/ca\/?s={search_term_string}"},"query-input":{"@type":"PropertyValueSpecification","valueRequired":true,"valueName":"search_term_string"}}],"inLanguage":"es"},{"@type":"Organization","@id":"https:\/\/www.valyder.com\/ca\/#organization","name":"Valyder","url":"https:\/\/www.valyder.com\/ca\/","logo":{"@type":"ImageObject","inLanguage":"es","@id":"https:\/\/www.valyder.com\/ca\/#\/schema\/logo\/image\/","url":"https:\/\/www.valyder.com\/wp-content\/uploads\/2017\/03\/cropped-logo-2-1.png","contentUrl":"https:\/\/www.valyder.com\/wp-content\/uploads\/2017\/03\/cropped-logo-2-1.png","width":250,"height":250,"caption":"Valyder"},"image":{"@id":"https:\/\/www.valyder.com\/ca\/#\/schema\/logo\/image\/"},"sameAs":["https:\/\/x.com\/valyder"]}]}},"_links":{"self":[{"href":"https:\/\/www.valyder.com\/es\/wp-json\/wp\/v2\/pages\/260","targetHints":{"allow":["GET"]}}],"collection":[{"href":"https:\/\/www.valyder.com\/es\/wp-json\/wp\/v2\/pages"}],"about":[{"href":"https:\/\/www.valyder.com\/es\/wp-json\/wp\/v2\/types\/page"}],"author":[{"embeddable":true,"href":"https:\/\/www.valyder.com\/es\/wp-json\/wp\/v2\/users\/1"}],"replies":[{"embeddable":true,"href":"https:\/\/www.valyder.com\/es\/wp-json\/wp\/v2\/comments?post=260"}],"version-history":[{"count":6,"href":"https:\/\/www.valyder.com\/es\/wp-json\/wp\/v2\/pages\/260\/revisions"}],"predecessor-version":[{"id":379,"href":"https:\/\/www.valyder.com\/es\/wp-json\/wp\/v2\/pages\/260\/revisions\/379"}],"wp:attachment":[{"href":"https:\/\/www.valyder.com\/es\/wp-json\/wp\/v2\/media?parent=260"}],"curies":[{"name":"wp","href":"https:\/\/api.w.org\/{rel}","templated":true}]}}