{"id":265,"date":"2017-03-07T10:10:13","date_gmt":"2017-03-07T09:10:13","guid":{"rendered":"https:\/\/www.valyder.com\/ventajas\/avantatges-per-al-collegi\/"},"modified":"2020-11-11T09:43:47","modified_gmt":"2020-11-11T08:43:47","slug":"ventajas-para-el-colegio","status":"publish","type":"page","link":"https:\/\/www.valyder.com\/es\/ventajas\/ventajas-para-el-colegio\/","title":{"rendered":"Ventajas para el colegio"},"content":{"rendered":"<h3>Algunas caracter\u00edsticas clave<\/h3>\n<ul>\n<li>Gesti\u00f3n completa de los visados de los Colegiados: aprobaci\u00f3n, visado con sello y firma electr\u00f3nica, c\u00e1lculo de tasas y generaci\u00f3n autom\u00e1tica de facturas<\/li>\n<li>Cobro electr\u00f3nico instant\u00e1neo de las tasas de visado<\/li>\n<li>Mantenimiento de todos los datos de los Colegiados<\/li>\n<li>Mantenimiento de los par\u00e1metros variables para los c\u00e1lculos de tasas<\/li>\n<li>Integraci\u00f3n con otras aplicaciones de gesti\u00f3n (contabilidad, bases de datos de usuarios, etc.)<\/li>\n<\/ul>\n<h3>Y a\u00fan hay m\u00e1s<\/h3>\n<p>Valyder tambi\u00e9n ofrece <a href=\"https:\/\/www.valyder.com\/ca\/avantatges\/avantatges-per-al-collegiat\/\">ventajas a tus Colegiados<\/a>&nbsp;y puede integrarse en el&nbsp;<a href=\"https:\/\/www.valyder.com\/ca\/avantatges\/avantatges-per-al-web-del-collegi\/\">sitio web del Colegio<\/a>.<\/p>\n","protected":false},"excerpt":{"rendered":"<p>Algunas caracter\u00edsticas clave Gesti\u00f3n completa de los visados de los Colegiados: aprobaci\u00f3n, visado con sello y firma electr\u00f3nica, c\u00e1lculo de tasas y generaci\u00f3n autom\u00e1tica de facturas Cobro electr\u00f3nico instant\u00e1neo de las tasas de visado Mantenimiento de todos los datos de los Colegiados Mantenimiento de los par\u00e1metros variables para los c\u00e1lculos de tasas Integraci\u00f3n con otras &hellip; <\/p>\n<p class=\"link-more\"><a href=\"https:\/\/www.valyder.com\/es\/ventajas\/ventajas-para-el-colegio\/\" class=\"more-link\">Continuar leyendo<span class=\"screen-reader-text\"> \u00abVentajas para el colegio\u00bb<\/span><\/a><\/p>\n","protected":false},"author":1,"featured_media":358,"parent":262,"menu_order":0,"comment_status":"closed","ping_status":"closed","template":"","meta":{"footnotes":""},"class_list":["post-265","page","type-page","status-publish","has-post-thumbnail","hentry"],"yoast_head":"<!-- This site is optimized with the Yoast SEO plugin v27.3 - https:\/\/yoast.com\/product\/yoast-seo-wordpress\/ -->\n<title>Ventajas para el colegio &#8211; Valyder<\/title>\n<meta name=\"description\" content=\"Valyder te permite gestionar la informaci\u00f3n de los visados, personales, acad\u00e9micos, profesionales y administrativos de tus colegiados.\" \/>\n<meta name=\"robots\" content=\"index, follow, max-snippet:-1, max-image-preview:large, max-video-preview:-1\" \/>\n<link rel=\"canonical\" href=\"https:\/\/www.valyder.com\/es\/ventajas\/ventajas-para-el-colegio\/\" \/>\n<meta property=\"og:locale\" content=\"es_ES\" \/>\n<meta property=\"og:type\" content=\"article\" \/>\n<meta property=\"og:title\" content=\"Ventajas para el colegio &#8211; Valyder\" \/>\n<meta property=\"og:description\" content=\"Valyder te permite gestionar la informaci\u00f3n de los visados, personales, acad\u00e9micos, profesionales y administrativos de tus colegiados.\" \/>\n<meta property=\"og:url\" content=\"https:\/\/www.valyder.com\/es\/ventajas\/ventajas-para-el-colegio\/\" \/>\n<meta property=\"og:site_name\" content=\"Valyder\" \/>\n<meta property=\"article:modified_time\" content=\"2020-11-11T08:43:47+00:00\" \/>\n<meta property=\"og:image\" content=\"https:\/\/www.valyder.com\/wp-content\/uploads\/2017\/03\/gestiovisats_es.png\" \/>\n\t<meta property=\"og:image:width\" content=\"2000\" \/>\n\t<meta property=\"og:image:height\" content=\"600\" \/>\n\t<meta property=\"og:image:type\" content=\"image\/png\" \/>\n<meta name=\"twitter:card\" content=\"summary_large_image\" \/>\n<meta name=\"twitter:site\" content=\"@valyder\" \/>\n<meta name=\"twitter:label1\" content=\"Tiempo de lectura\" \/>\n\t<meta name=\"twitter:data1\" content=\"1 minuto\" \/>\n<script type=\"application\/ld+json\" class=\"yoast-schema-graph\">{\"@context\":\"https:\\\/\\\/schema.org\",\"@graph\":[{\"@type\":\"WebPage\",\"@id\":\"https:\\\/\\\/www.valyder.com\\\/es\\\/ventajas\\\/ventajas-para-el-colegio\\\/\",\"url\":\"https:\\\/\\\/www.valyder.com\\\/es\\\/ventajas\\\/ventajas-para-el-colegio\\\/\",\"name\":\"Ventajas para el colegio &#8211; Valyder\",\"isPartOf\":{\"@id\":\"https:\\\/\\\/www.valyder.com\\\/ca\\\/#website\"},\"primaryImageOfPage\":{\"@id\":\"https:\\\/\\\/www.valyder.com\\\/es\\\/ventajas\\\/ventajas-para-el-colegio\\\/#primaryimage\"},\"image\":{\"@id\":\"https:\\\/\\\/www.valyder.com\\\/es\\\/ventajas\\\/ventajas-para-el-colegio\\\/#primaryimage\"},\"thumbnailUrl\":\"https:\\\/\\\/www.valyder.com\\\/wp-content\\\/uploads\\\/2017\\\/03\\\/gestiovisats_es.png\",\"datePublished\":\"2017-03-07T09:10:13+00:00\",\"dateModified\":\"2020-11-11T08:43:47+00:00\",\"description\":\"Valyder te permite gestionar la informaci\u00f3n de los visados, personales, acad\u00e9micos, profesionales y administrativos de tus colegiados.\",\"breadcrumb\":{\"@id\":\"https:\\\/\\\/www.valyder.com\\\/es\\\/ventajas\\\/ventajas-para-el-colegio\\\/#breadcrumb\"},\"inLanguage\":\"es\",\"potentialAction\":[{\"@type\":\"ReadAction\",\"target\":[\"https:\\\/\\\/www.valyder.com\\\/es\\\/ventajas\\\/ventajas-para-el-colegio\\\/\"]}]},{\"@type\":\"ImageObject\",\"inLanguage\":\"es\",\"@id\":\"https:\\\/\\\/www.valyder.com\\\/es\\\/ventajas\\\/ventajas-para-el-colegio\\\/#primaryimage\",\"url\":\"https:\\\/\\\/www.valyder.com\\\/wp-content\\\/uploads\\\/2017\\\/03\\\/gestiovisats_es.png\",\"contentUrl\":\"https:\\\/\\\/www.valyder.com\\\/wp-content\\\/uploads\\\/2017\\\/03\\\/gestiovisats_es.png\",\"width\":2000,\"height\":600,\"caption\":\"Gesti\u00f3n de visados\"},{\"@type\":\"BreadcrumbList\",\"@id\":\"https:\\\/\\\/www.valyder.com\\\/es\\\/ventajas\\\/ventajas-para-el-colegio\\\/#breadcrumb\",\"itemListElement\":[{\"@type\":\"ListItem\",\"position\":1,\"name\":\"Inici\",\"item\":\"https:\\\/\\\/www.valyder.com\\\/es\\\/\"},{\"@type\":\"ListItem\",\"position\":2,\"name\":\"Ventajas para todo el colegio\",\"item\":\"https:\\\/\\\/www.valyder.com\\\/es\\\/ventajas\\\/\"},{\"@type\":\"ListItem\",\"position\":3,\"name\":\"Ventajas para el colegio\"}]},{\"@type\":\"WebSite\",\"@id\":\"https:\\\/\\\/www.valyder.com\\\/ca\\\/#website\",\"url\":\"https:\\\/\\\/www.valyder.com\\\/ca\\\/\",\"name\":\"Valyder\",\"description\":\"Visado electr\u00f3nico para Colegios Profesionales\",\"publisher\":{\"@id\":\"https:\\\/\\\/www.valyder.com\\\/ca\\\/#organization\"},\"potentialAction\":[{\"@type\":\"SearchAction\",\"target\":{\"@type\":\"EntryPoint\",\"urlTemplate\":\"https:\\\/\\\/www.valyder.com\\\/ca\\\/?s={search_term_string}\"},\"query-input\":{\"@type\":\"PropertyValueSpecification\",\"valueRequired\":true,\"valueName\":\"search_term_string\"}}],\"inLanguage\":\"es\"},{\"@type\":\"Organization\",\"@id\":\"https:\\\/\\\/www.valyder.com\\\/ca\\\/#organization\",\"name\":\"Valyder\",\"url\":\"https:\\\/\\\/www.valyder.com\\\/ca\\\/\",\"logo\":{\"@type\":\"ImageObject\",\"inLanguage\":\"es\",\"@id\":\"https:\\\/\\\/www.valyder.com\\\/ca\\\/#\\\/schema\\\/logo\\\/image\\\/\",\"url\":\"https:\\\/\\\/www.valyder.com\\\/wp-content\\\/uploads\\\/2017\\\/03\\\/cropped-logo-2-1.png\",\"contentUrl\":\"https:\\\/\\\/www.valyder.com\\\/wp-content\\\/uploads\\\/2017\\\/03\\\/cropped-logo-2-1.png\",\"width\":250,\"height\":250,\"caption\":\"Valyder\"},\"image\":{\"@id\":\"https:\\\/\\\/www.valyder.com\\\/ca\\\/#\\\/schema\\\/logo\\\/image\\\/\"},\"sameAs\":[\"https:\\\/\\\/x.com\\\/valyder\"]}]}<\/script>\n<!-- \/ Yoast SEO plugin. -->","yoast_head_json":{"title":"Ventajas para el colegio &#8211; Valyder","description":"Valyder te permite gestionar la informaci\u00f3n de los visados, personales, acad\u00e9micos, profesionales y administrativos de tus colegiados.","robots":{"index":"index","follow":"follow","max-snippet":"max-snippet:-1","max-image-preview":"max-image-preview:large","max-video-preview":"max-video-preview:-1"},"canonical":"https:\/\/www.valyder.com\/es\/ventajas\/ventajas-para-el-colegio\/","og_locale":"es_ES","og_type":"article","og_title":"Ventajas para el colegio &#8211; Valyder","og_description":"Valyder te permite gestionar la informaci\u00f3n de los visados, personales, acad\u00e9micos, profesionales y administrativos de tus colegiados.","og_url":"https:\/\/www.valyder.com\/es\/ventajas\/ventajas-para-el-colegio\/","og_site_name":"Valyder","article_modified_time":"2020-11-11T08:43:47+00:00","og_image":[{"width":2000,"height":600,"url":"https:\/\/www.valyder.com\/wp-content\/uploads\/2017\/03\/gestiovisats_es.png","type":"image\/png"}],"twitter_card":"summary_large_image","twitter_site":"@valyder","twitter_misc":{"Tiempo de lectura":"1 minuto"},"schema":{"@context":"https:\/\/schema.org","@graph":[{"@type":"WebPage","@id":"https:\/\/www.valyder.com\/es\/ventajas\/ventajas-para-el-colegio\/","url":"https:\/\/www.valyder.com\/es\/ventajas\/ventajas-para-el-colegio\/","name":"Ventajas para el colegio &#8211; Valyder","isPartOf":{"@id":"https:\/\/www.valyder.com\/ca\/#website"},"primaryImageOfPage":{"@id":"https:\/\/www.valyder.com\/es\/ventajas\/ventajas-para-el-colegio\/#primaryimage"},"image":{"@id":"https:\/\/www.valyder.com\/es\/ventajas\/ventajas-para-el-colegio\/#primaryimage"},"thumbnailUrl":"https:\/\/www.valyder.com\/wp-content\/uploads\/2017\/03\/gestiovisats_es.png","datePublished":"2017-03-07T09:10:13+00:00","dateModified":"2020-11-11T08:43:47+00:00","description":"Valyder te permite gestionar la informaci\u00f3n de los visados, personales, acad\u00e9micos, profesionales y administrativos de tus colegiados.","breadcrumb":{"@id":"https:\/\/www.valyder.com\/es\/ventajas\/ventajas-para-el-colegio\/#breadcrumb"},"inLanguage":"es","potentialAction":[{"@type":"ReadAction","target":["https:\/\/www.valyder.com\/es\/ventajas\/ventajas-para-el-colegio\/"]}]},{"@type":"ImageObject","inLanguage":"es","@id":"https:\/\/www.valyder.com\/es\/ventajas\/ventajas-para-el-colegio\/#primaryimage","url":"https:\/\/www.valyder.com\/wp-content\/uploads\/2017\/03\/gestiovisats_es.png","contentUrl":"https:\/\/www.valyder.com\/wp-content\/uploads\/2017\/03\/gestiovisats_es.png","width":2000,"height":600,"caption":"Gesti\u00f3n de visados"},{"@type":"BreadcrumbList","@id":"https:\/\/www.valyder.com\/es\/ventajas\/ventajas-para-el-colegio\/#breadcrumb","itemListElement":[{"@type":"ListItem","position":1,"name":"Inici","item":"https:\/\/www.valyder.com\/es\/"},{"@type":"ListItem","position":2,"name":"Ventajas para todo el colegio","item":"https:\/\/www.valyder.com\/es\/ventajas\/"},{"@type":"ListItem","position":3,"name":"Ventajas para el colegio"}]},{"@type":"WebSite","@id":"https:\/\/www.valyder.com\/ca\/#website","url":"https:\/\/www.valyder.com\/ca\/","name":"Valyder","description":"Visado electr\u00f3nico para Colegios Profesionales","publisher":{"@id":"https:\/\/www.valyder.com\/ca\/#organization"},"potentialAction":[{"@type":"SearchAction","target":{"@type":"EntryPoint","urlTemplate":"https:\/\/www.valyder.com\/ca\/?s={search_term_string}"},"query-input":{"@type":"PropertyValueSpecification","valueRequired":true,"valueName":"search_term_string"}}],"inLanguage":"es"},{"@type":"Organization","@id":"https:\/\/www.valyder.com\/ca\/#organization","name":"Valyder","url":"https:\/\/www.valyder.com\/ca\/","logo":{"@type":"ImageObject","inLanguage":"es","@id":"https:\/\/www.valyder.com\/ca\/#\/schema\/logo\/image\/","url":"https:\/\/www.valyder.com\/wp-content\/uploads\/2017\/03\/cropped-logo-2-1.png","contentUrl":"https:\/\/www.valyder.com\/wp-content\/uploads\/2017\/03\/cropped-logo-2-1.png","width":250,"height":250,"caption":"Valyder"},"image":{"@id":"https:\/\/www.valyder.com\/ca\/#\/schema\/logo\/image\/"},"sameAs":["https:\/\/x.com\/valyder"]}]}},"_links":{"self":[{"href":"https:\/\/www.valyder.com\/es\/wp-json\/wp\/v2\/pages\/265","targetHints":{"allow":["GET"]}}],"collection":[{"href":"https:\/\/www.valyder.com\/es\/wp-json\/wp\/v2\/pages"}],"about":[{"href":"https:\/\/www.valyder.com\/es\/wp-json\/wp\/v2\/types\/page"}],"author":[{"embeddable":true,"href":"https:\/\/www.valyder.com\/es\/wp-json\/wp\/v2\/users\/1"}],"replies":[{"embeddable":true,"href":"https:\/\/www.valyder.com\/es\/wp-json\/wp\/v2\/comments?post=265"}],"version-history":[{"count":4,"href":"https:\/\/www.valyder.com\/es\/wp-json\/wp\/v2\/pages\/265\/revisions"}],"predecessor-version":[{"id":764,"href":"https:\/\/www.valyder.com\/es\/wp-json\/wp\/v2\/pages\/265\/revisions\/764"}],"up":[{"embeddable":true,"href":"https:\/\/www.valyder.com\/es\/wp-json\/wp\/v2\/pages\/262"}],"wp:featuredmedia":[{"embeddable":true,"href":"https:\/\/www.valyder.com\/es\/wp-json\/wp\/v2\/media\/358"}],"wp:attachment":[{"href":"https:\/\/www.valyder.com\/es\/wp-json\/wp\/v2\/media?parent=265"}],"curies":[{"name":"wp","href":"https:\/\/api.w.org\/{rel}","templated":true}]}}