{"id":269,"date":"2017-03-07T10:08:44","date_gmt":"2017-03-07T09:08:44","guid":{"rendered":"https:\/\/www.valyder.com\/ventajas\/avantatges-per-al-collegiat\/"},"modified":"2017-04-10T18:33:33","modified_gmt":"2017-04-10T17:33:33","slug":"ventajas-para-el-colegiado","status":"publish","type":"page","link":"https:\/\/www.valyder.com\/es\/ventajas\/ventajas-para-el-colegiado\/","title":{"rendered":"Ventajas para el Colegiado"},"content":{"rendered":"<h3>Algunas de las funciones disponibles son:<\/h3>\n<ul>\n<li>Tramitaci\u00f3n de visados de forma totalmente electr\u00f3nica<\/li>\n<li>Pago electr\u00f3nico al instante\u00a0de las tasas de visado<\/li>\n<li>Gesti\u00f3n de las facturas colegiales<\/li>\n<li>Mantenimiento de datos personales y administrativos<\/li>\n<li>Control de datos sensibles como las direcciones de correo electr\u00f3nico y los n\u00fameros de tel\u00e9fono<\/li>\n<li>Control sobre la indexaci\u00f3n de la informaci\u00f3n en los buscadores<\/li>\n<li>Autogesti\u00f3n segura de las\u00a0credenciales de acceso<\/li>\n<\/ul>\n<h3>Y a\u00fan hay m\u00e1s<\/h3>\n<p>Valyder tambi\u00e9n ofrece <a href=\"https:\/\/www.valyder.com\/es\/ventajas\/ventajas-para-el-colegio\/\">ventajas en la administraci\u00f3n de tu Colegio<\/a>\u00a0y puede integrarse en el\u00a0<a href=\"https:\/\/www.valyder.com\/es\/ventajas\/ventajas-para-el-web-del-colegio\/\">sitio web del Colegio<\/a>.<\/p>\n","protected":false},"excerpt":{"rendered":"<p>Algunas de las funciones disponibles son: Tramitaci\u00f3n de visados de forma totalmente electr\u00f3nica Pago electr\u00f3nico al instante\u00a0de las tasas de visado Gesti\u00f3n de las facturas colegiales Mantenimiento de datos personales y administrativos Control de datos sensibles como las direcciones de correo electr\u00f3nico y los n\u00fameros de tel\u00e9fono Control sobre la indexaci\u00f3n de la informaci\u00f3n en &hellip; <\/p>\n<p class=\"link-more\"><a href=\"https:\/\/www.valyder.com\/es\/ventajas\/ventajas-para-el-colegiado\/\" class=\"more-link\">Continuar leyendo<span class=\"screen-reader-text\"> \u00abVentajas para el Colegiado\u00bb<\/span><\/a><\/p>\n","protected":false},"author":1,"featured_media":357,"parent":262,"menu_order":0,"comment_status":"closed","ping_status":"closed","template":"","meta":{"footnotes":""},"class_list":["post-269","page","type-page","status-publish","has-post-thumbnail","hentry"],"yoast_head":"<!-- This site is optimized with the Yoast SEO plugin v27.3 - https:\/\/yoast.com\/product\/yoast-seo-wordpress\/ -->\n<title>Ventajas para el Colegiado &#8211; Valyder<\/title>\n<meta name=\"description\" content=\"Valyder permet realitzar tot el proc\u00e9s de visat de projectes de forma electr\u00f2nica amb agilitat i seguretat.\" \/>\n<meta name=\"robots\" content=\"index, follow, max-snippet:-1, max-image-preview:large, max-video-preview:-1\" \/>\n<link rel=\"canonical\" href=\"https:\/\/www.valyder.com\/es\/ventajas\/ventajas-para-el-colegiado\/\" \/>\n<meta property=\"og:locale\" content=\"es_ES\" \/>\n<meta property=\"og:type\" content=\"article\" \/>\n<meta property=\"og:title\" content=\"Ventajas para el Colegiado &#8211; Valyder\" \/>\n<meta property=\"og:description\" content=\"Valyder permet realitzar tot el proc\u00e9s de visat de projectes de forma electr\u00f2nica amb agilitat i seguretat.\" \/>\n<meta property=\"og:url\" content=\"https:\/\/www.valyder.com\/es\/ventajas\/ventajas-para-el-colegiado\/\" \/>\n<meta property=\"og:site_name\" content=\"Valyder\" \/>\n<meta property=\"article:modified_time\" content=\"2017-04-10T17:33:33+00:00\" \/>\n<meta property=\"og:image\" content=\"https:\/\/www.valyder.com\/wp-content\/uploads\/2017\/03\/visats_es.png\" \/>\n\t<meta property=\"og:image:width\" content=\"2000\" \/>\n\t<meta property=\"og:image:height\" content=\"600\" \/>\n\t<meta property=\"og:image:type\" content=\"image\/png\" \/>\n<meta name=\"twitter:card\" content=\"summary_large_image\" \/>\n<meta name=\"twitter:site\" content=\"@valyder\" \/>\n<meta name=\"twitter:label1\" content=\"Tiempo de lectura\" \/>\n\t<meta name=\"twitter:data1\" content=\"1 minuto\" \/>\n<script type=\"application\/ld+json\" class=\"yoast-schema-graph\">{\"@context\":\"https:\\\/\\\/schema.org\",\"@graph\":[{\"@type\":\"WebPage\",\"@id\":\"https:\\\/\\\/www.valyder.com\\\/es\\\/ventajas\\\/ventajas-para-el-colegiado\\\/\",\"url\":\"https:\\\/\\\/www.valyder.com\\\/es\\\/ventajas\\\/ventajas-para-el-colegiado\\\/\",\"name\":\"Ventajas para el Colegiado &#8211; Valyder\",\"isPartOf\":{\"@id\":\"https:\\\/\\\/www.valyder.com\\\/ca\\\/#website\"},\"primaryImageOfPage\":{\"@id\":\"https:\\\/\\\/www.valyder.com\\\/es\\\/ventajas\\\/ventajas-para-el-colegiado\\\/#primaryimage\"},\"image\":{\"@id\":\"https:\\\/\\\/www.valyder.com\\\/es\\\/ventajas\\\/ventajas-para-el-colegiado\\\/#primaryimage\"},\"thumbnailUrl\":\"https:\\\/\\\/www.valyder.com\\\/wp-content\\\/uploads\\\/2017\\\/03\\\/visats_es.png\",\"datePublished\":\"2017-03-07T09:08:44+00:00\",\"dateModified\":\"2017-04-10T17:33:33+00:00\",\"description\":\"Valyder permet realitzar tot el proc\u00e9s de visat de projectes de forma electr\u00f2nica amb agilitat i seguretat.\",\"breadcrumb\":{\"@id\":\"https:\\\/\\\/www.valyder.com\\\/es\\\/ventajas\\\/ventajas-para-el-colegiado\\\/#breadcrumb\"},\"inLanguage\":\"es\",\"potentialAction\":[{\"@type\":\"ReadAction\",\"target\":[\"https:\\\/\\\/www.valyder.com\\\/es\\\/ventajas\\\/ventajas-para-el-colegiado\\\/\"]}]},{\"@type\":\"ImageObject\",\"inLanguage\":\"es\",\"@id\":\"https:\\\/\\\/www.valyder.com\\\/es\\\/ventajas\\\/ventajas-para-el-colegiado\\\/#primaryimage\",\"url\":\"https:\\\/\\\/www.valyder.com\\\/wp-content\\\/uploads\\\/2017\\\/03\\\/visats_es.png\",\"contentUrl\":\"https:\\\/\\\/www.valyder.com\\\/wp-content\\\/uploads\\\/2017\\\/03\\\/visats_es.png\",\"width\":2000,\"height\":600,\"caption\":\"Pantalla de visados\"},{\"@type\":\"BreadcrumbList\",\"@id\":\"https:\\\/\\\/www.valyder.com\\\/es\\\/ventajas\\\/ventajas-para-el-colegiado\\\/#breadcrumb\",\"itemListElement\":[{\"@type\":\"ListItem\",\"position\":1,\"name\":\"Inici\",\"item\":\"https:\\\/\\\/www.valyder.com\\\/es\\\/\"},{\"@type\":\"ListItem\",\"position\":2,\"name\":\"Ventajas para todo el colegio\",\"item\":\"https:\\\/\\\/www.valyder.com\\\/es\\\/ventajas\\\/\"},{\"@type\":\"ListItem\",\"position\":3,\"name\":\"Ventajas para el Colegiado\"}]},{\"@type\":\"WebSite\",\"@id\":\"https:\\\/\\\/www.valyder.com\\\/ca\\\/#website\",\"url\":\"https:\\\/\\\/www.valyder.com\\\/ca\\\/\",\"name\":\"Valyder\",\"description\":\"Visado electr\u00f3nico para Colegios Profesionales\",\"publisher\":{\"@id\":\"https:\\\/\\\/www.valyder.com\\\/ca\\\/#organization\"},\"potentialAction\":[{\"@type\":\"SearchAction\",\"target\":{\"@type\":\"EntryPoint\",\"urlTemplate\":\"https:\\\/\\\/www.valyder.com\\\/ca\\\/?s={search_term_string}\"},\"query-input\":{\"@type\":\"PropertyValueSpecification\",\"valueRequired\":true,\"valueName\":\"search_term_string\"}}],\"inLanguage\":\"es\"},{\"@type\":\"Organization\",\"@id\":\"https:\\\/\\\/www.valyder.com\\\/ca\\\/#organization\",\"name\":\"Valyder\",\"url\":\"https:\\\/\\\/www.valyder.com\\\/ca\\\/\",\"logo\":{\"@type\":\"ImageObject\",\"inLanguage\":\"es\",\"@id\":\"https:\\\/\\\/www.valyder.com\\\/ca\\\/#\\\/schema\\\/logo\\\/image\\\/\",\"url\":\"https:\\\/\\\/www.valyder.com\\\/wp-content\\\/uploads\\\/2017\\\/03\\\/cropped-logo-2-1.png\",\"contentUrl\":\"https:\\\/\\\/www.valyder.com\\\/wp-content\\\/uploads\\\/2017\\\/03\\\/cropped-logo-2-1.png\",\"width\":250,\"height\":250,\"caption\":\"Valyder\"},\"image\":{\"@id\":\"https:\\\/\\\/www.valyder.com\\\/ca\\\/#\\\/schema\\\/logo\\\/image\\\/\"},\"sameAs\":[\"https:\\\/\\\/x.com\\\/valyder\"]}]}<\/script>\n<!-- \/ Yoast SEO plugin. -->","yoast_head_json":{"title":"Ventajas para el Colegiado &#8211; Valyder","description":"Valyder permet realitzar tot el proc\u00e9s de visat de projectes de forma electr\u00f2nica amb agilitat i seguretat.","robots":{"index":"index","follow":"follow","max-snippet":"max-snippet:-1","max-image-preview":"max-image-preview:large","max-video-preview":"max-video-preview:-1"},"canonical":"https:\/\/www.valyder.com\/es\/ventajas\/ventajas-para-el-colegiado\/","og_locale":"es_ES","og_type":"article","og_title":"Ventajas para el Colegiado &#8211; Valyder","og_description":"Valyder permet realitzar tot el proc\u00e9s de visat de projectes de forma electr\u00f2nica amb agilitat i seguretat.","og_url":"https:\/\/www.valyder.com\/es\/ventajas\/ventajas-para-el-colegiado\/","og_site_name":"Valyder","article_modified_time":"2017-04-10T17:33:33+00:00","og_image":[{"width":2000,"height":600,"url":"https:\/\/www.valyder.com\/wp-content\/uploads\/2017\/03\/visats_es.png","type":"image\/png"}],"twitter_card":"summary_large_image","twitter_site":"@valyder","twitter_misc":{"Tiempo de lectura":"1 minuto"},"schema":{"@context":"https:\/\/schema.org","@graph":[{"@type":"WebPage","@id":"https:\/\/www.valyder.com\/es\/ventajas\/ventajas-para-el-colegiado\/","url":"https:\/\/www.valyder.com\/es\/ventajas\/ventajas-para-el-colegiado\/","name":"Ventajas para el Colegiado &#8211; Valyder","isPartOf":{"@id":"https:\/\/www.valyder.com\/ca\/#website"},"primaryImageOfPage":{"@id":"https:\/\/www.valyder.com\/es\/ventajas\/ventajas-para-el-colegiado\/#primaryimage"},"image":{"@id":"https:\/\/www.valyder.com\/es\/ventajas\/ventajas-para-el-colegiado\/#primaryimage"},"thumbnailUrl":"https:\/\/www.valyder.com\/wp-content\/uploads\/2017\/03\/visats_es.png","datePublished":"2017-03-07T09:08:44+00:00","dateModified":"2017-04-10T17:33:33+00:00","description":"Valyder permet realitzar tot el proc\u00e9s de visat de projectes de forma electr\u00f2nica amb agilitat i seguretat.","breadcrumb":{"@id":"https:\/\/www.valyder.com\/es\/ventajas\/ventajas-para-el-colegiado\/#breadcrumb"},"inLanguage":"es","potentialAction":[{"@type":"ReadAction","target":["https:\/\/www.valyder.com\/es\/ventajas\/ventajas-para-el-colegiado\/"]}]},{"@type":"ImageObject","inLanguage":"es","@id":"https:\/\/www.valyder.com\/es\/ventajas\/ventajas-para-el-colegiado\/#primaryimage","url":"https:\/\/www.valyder.com\/wp-content\/uploads\/2017\/03\/visats_es.png","contentUrl":"https:\/\/www.valyder.com\/wp-content\/uploads\/2017\/03\/visats_es.png","width":2000,"height":600,"caption":"Pantalla de visados"},{"@type":"BreadcrumbList","@id":"https:\/\/www.valyder.com\/es\/ventajas\/ventajas-para-el-colegiado\/#breadcrumb","itemListElement":[{"@type":"ListItem","position":1,"name":"Inici","item":"https:\/\/www.valyder.com\/es\/"},{"@type":"ListItem","position":2,"name":"Ventajas para todo el colegio","item":"https:\/\/www.valyder.com\/es\/ventajas\/"},{"@type":"ListItem","position":3,"name":"Ventajas para el Colegiado"}]},{"@type":"WebSite","@id":"https:\/\/www.valyder.com\/ca\/#website","url":"https:\/\/www.valyder.com\/ca\/","name":"Valyder","description":"Visado electr\u00f3nico para Colegios Profesionales","publisher":{"@id":"https:\/\/www.valyder.com\/ca\/#organization"},"potentialAction":[{"@type":"SearchAction","target":{"@type":"EntryPoint","urlTemplate":"https:\/\/www.valyder.com\/ca\/?s={search_term_string}"},"query-input":{"@type":"PropertyValueSpecification","valueRequired":true,"valueName":"search_term_string"}}],"inLanguage":"es"},{"@type":"Organization","@id":"https:\/\/www.valyder.com\/ca\/#organization","name":"Valyder","url":"https:\/\/www.valyder.com\/ca\/","logo":{"@type":"ImageObject","inLanguage":"es","@id":"https:\/\/www.valyder.com\/ca\/#\/schema\/logo\/image\/","url":"https:\/\/www.valyder.com\/wp-content\/uploads\/2017\/03\/cropped-logo-2-1.png","contentUrl":"https:\/\/www.valyder.com\/wp-content\/uploads\/2017\/03\/cropped-logo-2-1.png","width":250,"height":250,"caption":"Valyder"},"image":{"@id":"https:\/\/www.valyder.com\/ca\/#\/schema\/logo\/image\/"},"sameAs":["https:\/\/x.com\/valyder"]}]}},"_links":{"self":[{"href":"https:\/\/www.valyder.com\/es\/wp-json\/wp\/v2\/pages\/269","targetHints":{"allow":["GET"]}}],"collection":[{"href":"https:\/\/www.valyder.com\/es\/wp-json\/wp\/v2\/pages"}],"about":[{"href":"https:\/\/www.valyder.com\/es\/wp-json\/wp\/v2\/types\/page"}],"author":[{"embeddable":true,"href":"https:\/\/www.valyder.com\/es\/wp-json\/wp\/v2\/users\/1"}],"replies":[{"embeddable":true,"href":"https:\/\/www.valyder.com\/es\/wp-json\/wp\/v2\/comments?post=269"}],"version-history":[{"count":2,"href":"https:\/\/www.valyder.com\/es\/wp-json\/wp\/v2\/pages\/269\/revisions"}],"predecessor-version":[{"id":362,"href":"https:\/\/www.valyder.com\/es\/wp-json\/wp\/v2\/pages\/269\/revisions\/362"}],"up":[{"embeddable":true,"href":"https:\/\/www.valyder.com\/es\/wp-json\/wp\/v2\/pages\/262"}],"wp:featuredmedia":[{"embeddable":true,"href":"https:\/\/www.valyder.com\/es\/wp-json\/wp\/v2\/media\/357"}],"wp:attachment":[{"href":"https:\/\/www.valyder.com\/es\/wp-json\/wp\/v2\/media?parent=269"}],"curies":[{"name":"wp","href":"https:\/\/api.w.org\/{rel}","templated":true}]}}