{"id":272,"date":"2017-03-07T10:11:17","date_gmt":"2017-03-07T09:11:17","guid":{"rendered":"https:\/\/www.valyder.com\/ventajas\/avantatges-per-al-web-del-collegi\/"},"modified":"2017-09-08T08:09:41","modified_gmt":"2017-09-08T07:09:41","slug":"ventajas-para-el-web-del-colegio","status":"publish","type":"page","link":"https:\/\/www.valyder.com\/es\/ventajas\/ventajas-para-el-web-del-colegio\/","title":{"rendered":"Ventajas para el web del Colegio"},"content":{"rendered":"<h3>Publica\u00a0un directorio p\u00fablico de Colegiados de forma autom\u00e1tica, manteniendo el control de los datos.<\/h3>\n<ul>\n<li>Cada Colegiado dispone de una ficha p\u00fablica que puede utilizar como una peque\u00f1a p\u00e1gina web de contacto profesional.<\/li>\n<li>Los visitantes del web pueden realizar b\u00fasquedas con diferentes criterios para encontrar los Colegiados que se ajustan mejor a sus necesidades.<\/li>\n<li>Los Colegiados pueden controlar qu\u00e9 datos desean que sean p\u00fablicos y cu\u00e1les prefieren mantener en privado, tanto para los visitantes como para los buscadores como Google.<\/li>\n<\/ul>\n<h3>Y a\u00fan m\u00e1s<\/h3>\n<p>Valyder tambi\u00e9n ofrece <a href=\"https:\/\/www.valyder.com\/es\/ventajas\/ventajas-para-el-colegiado\/\">ventajas a los Colegiados<\/a>\u00a0y a \u00a0la <a href=\"https:\/\/www.valyder.com\/es\/ventajas\/ventajas-para-el-colegio\/\">administraci\u00f3n del Colegio<\/a>.<\/p>\n","protected":false},"excerpt":{"rendered":"<p>Publica\u00a0un directorio p\u00fablico de Colegiados de forma autom\u00e1tica, manteniendo el control de los datos. Cada Colegiado dispone de una ficha p\u00fablica que puede utilizar como una peque\u00f1a p\u00e1gina web de contacto profesional. Los visitantes del web pueden realizar b\u00fasquedas con diferentes criterios para encontrar los Colegiados que se ajustan mejor a sus necesidades. Los Colegiados &hellip; <\/p>\n<p class=\"link-more\"><a href=\"https:\/\/www.valyder.com\/es\/ventajas\/ventajas-para-el-web-del-colegio\/\" class=\"more-link\">Continuar leyendo<span class=\"screen-reader-text\"> \u00abVentajas para el web del Colegio\u00bb<\/span><\/a><\/p>\n","protected":false},"author":1,"featured_media":359,"parent":262,"menu_order":0,"comment_status":"closed","ping_status":"closed","template":"","meta":{"footnotes":""},"class_list":["post-272","page","type-page","status-publish","has-post-thumbnail","hentry"],"yoast_head":"<!-- This site is optimized with the Yoast SEO plugin v27.3 - https:\/\/yoast.com\/product\/yoast-seo-wordpress\/ -->\n<title>Ventajas para el web del Colegio &#8211; Valyder<\/title>\n<meta name=\"description\" content=\"Ofrece un directorio p\u00fablico de Colegiados de forma autom\u00e1tica.\" \/>\n<meta name=\"robots\" content=\"index, follow, max-snippet:-1, max-image-preview:large, max-video-preview:-1\" \/>\n<link rel=\"canonical\" href=\"https:\/\/www.valyder.com\/es\/ventajas\/ventajas-para-el-web-del-colegio\/\" \/>\n<meta property=\"og:locale\" content=\"es_ES\" \/>\n<meta property=\"og:type\" content=\"article\" \/>\n<meta property=\"og:title\" content=\"Ventajas para el web del Colegio &#8211; Valyder\" \/>\n<meta property=\"og:description\" content=\"Ofrece un directorio p\u00fablico de Colegiados de forma autom\u00e1tica.\" \/>\n<meta property=\"og:url\" content=\"https:\/\/www.valyder.com\/es\/ventajas\/ventajas-para-el-web-del-colegio\/\" \/>\n<meta property=\"og:site_name\" content=\"Valyder\" \/>\n<meta property=\"article:modified_time\" content=\"2017-09-08T07:09:41+00:00\" \/>\n<meta property=\"og:image\" content=\"https:\/\/www.valyder.com\/wp-content\/uploads\/2017\/03\/directoriweb_es.png\" \/>\n\t<meta property=\"og:image:width\" content=\"2000\" \/>\n\t<meta property=\"og:image:height\" content=\"600\" \/>\n\t<meta property=\"og:image:type\" content=\"image\/png\" \/>\n<meta name=\"twitter:card\" content=\"summary_large_image\" \/>\n<meta name=\"twitter:site\" content=\"@valyder\" \/>\n<meta name=\"twitter:label1\" content=\"Tiempo de lectura\" \/>\n\t<meta name=\"twitter:data1\" content=\"1 minuto\" \/>\n<script type=\"application\/ld+json\" class=\"yoast-schema-graph\">{\"@context\":\"https:\\\/\\\/schema.org\",\"@graph\":[{\"@type\":\"WebPage\",\"@id\":\"https:\\\/\\\/www.valyder.com\\\/es\\\/ventajas\\\/ventajas-para-el-web-del-colegio\\\/\",\"url\":\"https:\\\/\\\/www.valyder.com\\\/es\\\/ventajas\\\/ventajas-para-el-web-del-colegio\\\/\",\"name\":\"Ventajas para el web del Colegio &#8211; Valyder\",\"isPartOf\":{\"@id\":\"https:\\\/\\\/www.valyder.com\\\/ca\\\/#website\"},\"primaryImageOfPage\":{\"@id\":\"https:\\\/\\\/www.valyder.com\\\/es\\\/ventajas\\\/ventajas-para-el-web-del-colegio\\\/#primaryimage\"},\"image\":{\"@id\":\"https:\\\/\\\/www.valyder.com\\\/es\\\/ventajas\\\/ventajas-para-el-web-del-colegio\\\/#primaryimage\"},\"thumbnailUrl\":\"https:\\\/\\\/www.valyder.com\\\/wp-content\\\/uploads\\\/2017\\\/03\\\/directoriweb_es.png\",\"datePublished\":\"2017-03-07T09:11:17+00:00\",\"dateModified\":\"2017-09-08T07:09:41+00:00\",\"description\":\"Ofrece un directorio p\u00fablico de Colegiados de forma autom\u00e1tica.\",\"breadcrumb\":{\"@id\":\"https:\\\/\\\/www.valyder.com\\\/es\\\/ventajas\\\/ventajas-para-el-web-del-colegio\\\/#breadcrumb\"},\"inLanguage\":\"es\",\"potentialAction\":[{\"@type\":\"ReadAction\",\"target\":[\"https:\\\/\\\/www.valyder.com\\\/es\\\/ventajas\\\/ventajas-para-el-web-del-colegio\\\/\"]}]},{\"@type\":\"ImageObject\",\"inLanguage\":\"es\",\"@id\":\"https:\\\/\\\/www.valyder.com\\\/es\\\/ventajas\\\/ventajas-para-el-web-del-colegio\\\/#primaryimage\",\"url\":\"https:\\\/\\\/www.valyder.com\\\/wp-content\\\/uploads\\\/2017\\\/03\\\/directoriweb_es.png\",\"contentUrl\":\"https:\\\/\\\/www.valyder.com\\\/wp-content\\\/uploads\\\/2017\\\/03\\\/directoriweb_es.png\",\"width\":2000,\"height\":600,\"caption\":\"Directorio web\"},{\"@type\":\"BreadcrumbList\",\"@id\":\"https:\\\/\\\/www.valyder.com\\\/es\\\/ventajas\\\/ventajas-para-el-web-del-colegio\\\/#breadcrumb\",\"itemListElement\":[{\"@type\":\"ListItem\",\"position\":1,\"name\":\"Inici\",\"item\":\"https:\\\/\\\/www.valyder.com\\\/es\\\/\"},{\"@type\":\"ListItem\",\"position\":2,\"name\":\"Ventajas para todo el colegio\",\"item\":\"https:\\\/\\\/www.valyder.com\\\/es\\\/ventajas\\\/\"},{\"@type\":\"ListItem\",\"position\":3,\"name\":\"Ventajas para el web del Colegio\"}]},{\"@type\":\"WebSite\",\"@id\":\"https:\\\/\\\/www.valyder.com\\\/ca\\\/#website\",\"url\":\"https:\\\/\\\/www.valyder.com\\\/ca\\\/\",\"name\":\"Valyder\",\"description\":\"Visado electr\u00f3nico para Colegios Profesionales\",\"publisher\":{\"@id\":\"https:\\\/\\\/www.valyder.com\\\/ca\\\/#organization\"},\"potentialAction\":[{\"@type\":\"SearchAction\",\"target\":{\"@type\":\"EntryPoint\",\"urlTemplate\":\"https:\\\/\\\/www.valyder.com\\\/ca\\\/?s={search_term_string}\"},\"query-input\":{\"@type\":\"PropertyValueSpecification\",\"valueRequired\":true,\"valueName\":\"search_term_string\"}}],\"inLanguage\":\"es\"},{\"@type\":\"Organization\",\"@id\":\"https:\\\/\\\/www.valyder.com\\\/ca\\\/#organization\",\"name\":\"Valyder\",\"url\":\"https:\\\/\\\/www.valyder.com\\\/ca\\\/\",\"logo\":{\"@type\":\"ImageObject\",\"inLanguage\":\"es\",\"@id\":\"https:\\\/\\\/www.valyder.com\\\/ca\\\/#\\\/schema\\\/logo\\\/image\\\/\",\"url\":\"https:\\\/\\\/www.valyder.com\\\/wp-content\\\/uploads\\\/2017\\\/03\\\/cropped-logo-2-1.png\",\"contentUrl\":\"https:\\\/\\\/www.valyder.com\\\/wp-content\\\/uploads\\\/2017\\\/03\\\/cropped-logo-2-1.png\",\"width\":250,\"height\":250,\"caption\":\"Valyder\"},\"image\":{\"@id\":\"https:\\\/\\\/www.valyder.com\\\/ca\\\/#\\\/schema\\\/logo\\\/image\\\/\"},\"sameAs\":[\"https:\\\/\\\/x.com\\\/valyder\"]}]}<\/script>\n<!-- \/ Yoast SEO plugin. -->","yoast_head_json":{"title":"Ventajas para el web del Colegio &#8211; Valyder","description":"Ofrece un directorio p\u00fablico de Colegiados de forma autom\u00e1tica.","robots":{"index":"index","follow":"follow","max-snippet":"max-snippet:-1","max-image-preview":"max-image-preview:large","max-video-preview":"max-video-preview:-1"},"canonical":"https:\/\/www.valyder.com\/es\/ventajas\/ventajas-para-el-web-del-colegio\/","og_locale":"es_ES","og_type":"article","og_title":"Ventajas para el web del Colegio &#8211; Valyder","og_description":"Ofrece un directorio p\u00fablico de Colegiados de forma autom\u00e1tica.","og_url":"https:\/\/www.valyder.com\/es\/ventajas\/ventajas-para-el-web-del-colegio\/","og_site_name":"Valyder","article_modified_time":"2017-09-08T07:09:41+00:00","og_image":[{"width":2000,"height":600,"url":"https:\/\/www.valyder.com\/wp-content\/uploads\/2017\/03\/directoriweb_es.png","type":"image\/png"}],"twitter_card":"summary_large_image","twitter_site":"@valyder","twitter_misc":{"Tiempo de lectura":"1 minuto"},"schema":{"@context":"https:\/\/schema.org","@graph":[{"@type":"WebPage","@id":"https:\/\/www.valyder.com\/es\/ventajas\/ventajas-para-el-web-del-colegio\/","url":"https:\/\/www.valyder.com\/es\/ventajas\/ventajas-para-el-web-del-colegio\/","name":"Ventajas para el web del Colegio &#8211; Valyder","isPartOf":{"@id":"https:\/\/www.valyder.com\/ca\/#website"},"primaryImageOfPage":{"@id":"https:\/\/www.valyder.com\/es\/ventajas\/ventajas-para-el-web-del-colegio\/#primaryimage"},"image":{"@id":"https:\/\/www.valyder.com\/es\/ventajas\/ventajas-para-el-web-del-colegio\/#primaryimage"},"thumbnailUrl":"https:\/\/www.valyder.com\/wp-content\/uploads\/2017\/03\/directoriweb_es.png","datePublished":"2017-03-07T09:11:17+00:00","dateModified":"2017-09-08T07:09:41+00:00","description":"Ofrece un directorio p\u00fablico de Colegiados de forma autom\u00e1tica.","breadcrumb":{"@id":"https:\/\/www.valyder.com\/es\/ventajas\/ventajas-para-el-web-del-colegio\/#breadcrumb"},"inLanguage":"es","potentialAction":[{"@type":"ReadAction","target":["https:\/\/www.valyder.com\/es\/ventajas\/ventajas-para-el-web-del-colegio\/"]}]},{"@type":"ImageObject","inLanguage":"es","@id":"https:\/\/www.valyder.com\/es\/ventajas\/ventajas-para-el-web-del-colegio\/#primaryimage","url":"https:\/\/www.valyder.com\/wp-content\/uploads\/2017\/03\/directoriweb_es.png","contentUrl":"https:\/\/www.valyder.com\/wp-content\/uploads\/2017\/03\/directoriweb_es.png","width":2000,"height":600,"caption":"Directorio web"},{"@type":"BreadcrumbList","@id":"https:\/\/www.valyder.com\/es\/ventajas\/ventajas-para-el-web-del-colegio\/#breadcrumb","itemListElement":[{"@type":"ListItem","position":1,"name":"Inici","item":"https:\/\/www.valyder.com\/es\/"},{"@type":"ListItem","position":2,"name":"Ventajas para todo el colegio","item":"https:\/\/www.valyder.com\/es\/ventajas\/"},{"@type":"ListItem","position":3,"name":"Ventajas para el web del Colegio"}]},{"@type":"WebSite","@id":"https:\/\/www.valyder.com\/ca\/#website","url":"https:\/\/www.valyder.com\/ca\/","name":"Valyder","description":"Visado electr\u00f3nico para Colegios Profesionales","publisher":{"@id":"https:\/\/www.valyder.com\/ca\/#organization"},"potentialAction":[{"@type":"SearchAction","target":{"@type":"EntryPoint","urlTemplate":"https:\/\/www.valyder.com\/ca\/?s={search_term_string}"},"query-input":{"@type":"PropertyValueSpecification","valueRequired":true,"valueName":"search_term_string"}}],"inLanguage":"es"},{"@type":"Organization","@id":"https:\/\/www.valyder.com\/ca\/#organization","name":"Valyder","url":"https:\/\/www.valyder.com\/ca\/","logo":{"@type":"ImageObject","inLanguage":"es","@id":"https:\/\/www.valyder.com\/ca\/#\/schema\/logo\/image\/","url":"https:\/\/www.valyder.com\/wp-content\/uploads\/2017\/03\/cropped-logo-2-1.png","contentUrl":"https:\/\/www.valyder.com\/wp-content\/uploads\/2017\/03\/cropped-logo-2-1.png","width":250,"height":250,"caption":"Valyder"},"image":{"@id":"https:\/\/www.valyder.com\/ca\/#\/schema\/logo\/image\/"},"sameAs":["https:\/\/x.com\/valyder"]}]}},"_links":{"self":[{"href":"https:\/\/www.valyder.com\/es\/wp-json\/wp\/v2\/pages\/272","targetHints":{"allow":["GET"]}}],"collection":[{"href":"https:\/\/www.valyder.com\/es\/wp-json\/wp\/v2\/pages"}],"about":[{"href":"https:\/\/www.valyder.com\/es\/wp-json\/wp\/v2\/types\/page"}],"author":[{"embeddable":true,"href":"https:\/\/www.valyder.com\/es\/wp-json\/wp\/v2\/users\/1"}],"replies":[{"embeddable":true,"href":"https:\/\/www.valyder.com\/es\/wp-json\/wp\/v2\/comments?post=272"}],"version-history":[{"count":2,"href":"https:\/\/www.valyder.com\/es\/wp-json\/wp\/v2\/pages\/272\/revisions"}],"predecessor-version":[{"id":367,"href":"https:\/\/www.valyder.com\/es\/wp-json\/wp\/v2\/pages\/272\/revisions\/367"}],"up":[{"embeddable":true,"href":"https:\/\/www.valyder.com\/es\/wp-json\/wp\/v2\/pages\/262"}],"wp:featuredmedia":[{"embeddable":true,"href":"https:\/\/www.valyder.com\/es\/wp-json\/wp\/v2\/media\/359"}],"wp:attachment":[{"href":"https:\/\/www.valyder.com\/es\/wp-json\/wp\/v2\/media?parent=272"}],"curies":[{"name":"wp","href":"https:\/\/api.w.org\/{rel}","templated":true}]}}