{"id":279,"date":"2017-03-07T10:12:19","date_gmt":"2017-03-07T09:12:19","guid":{"rendered":"https:\/\/www.valyder.com\/tecnologia-transparent\/"},"modified":"2017-04-10T18:26:05","modified_gmt":"2017-04-10T17:26:05","slug":"tecnologia","status":"publish","type":"page","link":"https:\/\/www.valyder.com\/es\/tecnologia\/","title":{"rendered":"Tecnologia transparente"},"content":{"rendered":"<h3>Usa Valyder con libertad<\/h3>\n<p>Tanto si eliges implementarlo en tu propio servidor como si prefieres delegarnos el servicio de forma integral, siempre podr\u00e1s utilizar\u00a0Valyder a tu manera.<\/p>\n<ul>\n<li>Funciona con todos los ordenadores, sistemas operativos y navegadores.<\/li>\n<li>Se puede integrar con otras aplicaciones de gesti\u00f3n (directorios, contabilidad, etc.)<\/li>\n<li>Aplicaci\u00f3n r\u00e1pida, segura y usable.<\/li>\n<li>Adaptable a las particularidades de tu\u00a0Colegio<\/li>\n<li>Ampliable a otras muchas funcionalidades<\/li>\n<\/ul>\n","protected":false},"excerpt":{"rendered":"<p>Usa Valyder con libertad Tanto si eliges implementarlo en tu propio servidor como si prefieres delegarnos el servicio de forma integral, siempre podr\u00e1s utilizar\u00a0Valyder a tu manera. Funciona con todos los ordenadores, sistemas operativos y navegadores. Se puede integrar con otras aplicaciones de gesti\u00f3n (directorios, contabilidad, etc.) Aplicaci\u00f3n r\u00e1pida, segura y usable. Adaptable a las &hellip; <\/p>\n<p class=\"link-more\"><a href=\"https:\/\/www.valyder.com\/es\/tecnologia\/\" class=\"more-link\">Continuar leyendo<span class=\"screen-reader-text\"> \u00abTecnologia transparente\u00bb<\/span><\/a><\/p>\n","protected":false},"author":1,"featured_media":344,"parent":0,"menu_order":0,"comment_status":"closed","ping_status":"closed","template":"","meta":{"footnotes":""},"class_list":["post-279","page","type-page","status-publish","has-post-thumbnail","hentry"],"yoast_head":"<!-- This site is optimized with the Yoast SEO plugin v27.3 - https:\/\/yoast.com\/product\/yoast-seo-wordpress\/ -->\n<title>Tecnologia transparente &#8211; Valyder<\/title>\n<meta name=\"robots\" content=\"index, follow, max-snippet:-1, max-image-preview:large, max-video-preview:-1\" \/>\n<link rel=\"canonical\" href=\"https:\/\/www.valyder.com\/es\/tecnologia\/\" \/>\n<meta property=\"og:locale\" content=\"es_ES\" \/>\n<meta property=\"og:type\" content=\"article\" \/>\n<meta property=\"og:title\" content=\"Tecnologia transparente &#8211; Valyder\" \/>\n<meta property=\"og:description\" content=\"Usa Valyder con libertad Tanto si eliges implementarlo en tu propio servidor como si prefieres delegarnos el servicio de forma integral, siempre podr\u00e1s utilizar\u00a0Valyder a tu manera. Funciona con todos los ordenadores, sistemas operativos y navegadores. Se puede integrar con otras aplicaciones de gesti\u00f3n (directorios, contabilidad, etc.) Aplicaci\u00f3n r\u00e1pida, segura y usable. Adaptable a las &hellip; Continuar leyendo &quot;Tecnologia transparente&quot;\" \/>\n<meta property=\"og:url\" content=\"https:\/\/www.valyder.com\/es\/tecnologia\/\" \/>\n<meta property=\"og:site_name\" content=\"Valyder\" \/>\n<meta property=\"article:modified_time\" content=\"2017-04-10T17:26:05+00:00\" \/>\n<meta property=\"og:image\" content=\"https:\/\/www.valyder.com\/wp-content\/uploads\/2017\/03\/navegadors.jpg\" \/>\n\t<meta property=\"og:image:width\" content=\"2000\" \/>\n\t<meta property=\"og:image:height\" content=\"600\" \/>\n\t<meta property=\"og:image:type\" content=\"image\/jpeg\" \/>\n<meta name=\"twitter:card\" content=\"summary_large_image\" \/>\n<meta name=\"twitter:site\" content=\"@valyder\" \/>\n<script type=\"application\/ld+json\" class=\"yoast-schema-graph\">{\"@context\":\"https:\\\/\\\/schema.org\",\"@graph\":[{\"@type\":\"WebPage\",\"@id\":\"https:\\\/\\\/www.valyder.com\\\/es\\\/tecnologia\\\/\",\"url\":\"https:\\\/\\\/www.valyder.com\\\/es\\\/tecnologia\\\/\",\"name\":\"Tecnologia transparente &#8211; Valyder\",\"isPartOf\":{\"@id\":\"https:\\\/\\\/www.valyder.com\\\/ca\\\/#website\"},\"primaryImageOfPage\":{\"@id\":\"https:\\\/\\\/www.valyder.com\\\/es\\\/tecnologia\\\/#primaryimage\"},\"image\":{\"@id\":\"https:\\\/\\\/www.valyder.com\\\/es\\\/tecnologia\\\/#primaryimage\"},\"thumbnailUrl\":\"https:\\\/\\\/www.valyder.com\\\/wp-content\\\/uploads\\\/2017\\\/03\\\/navegadors.jpg\",\"datePublished\":\"2017-03-07T09:12:19+00:00\",\"dateModified\":\"2017-04-10T17:26:05+00:00\",\"breadcrumb\":{\"@id\":\"https:\\\/\\\/www.valyder.com\\\/es\\\/tecnologia\\\/#breadcrumb\"},\"inLanguage\":\"es\",\"potentialAction\":[{\"@type\":\"ReadAction\",\"target\":[\"https:\\\/\\\/www.valyder.com\\\/es\\\/tecnologia\\\/\"]}]},{\"@type\":\"ImageObject\",\"inLanguage\":\"es\",\"@id\":\"https:\\\/\\\/www.valyder.com\\\/es\\\/tecnologia\\\/#primaryimage\",\"url\":\"https:\\\/\\\/www.valyder.com\\\/wp-content\\\/uploads\\\/2017\\\/03\\\/navegadors.jpg\",\"contentUrl\":\"https:\\\/\\\/www.valyder.com\\\/wp-content\\\/uploads\\\/2017\\\/03\\\/navegadors.jpg\",\"width\":2000,\"height\":600},{\"@type\":\"BreadcrumbList\",\"@id\":\"https:\\\/\\\/www.valyder.com\\\/es\\\/tecnologia\\\/#breadcrumb\",\"itemListElement\":[{\"@type\":\"ListItem\",\"position\":1,\"name\":\"Inici\",\"item\":\"https:\\\/\\\/www.valyder.com\\\/es\\\/\"},{\"@type\":\"ListItem\",\"position\":2,\"name\":\"Tecnologia transparente\"}]},{\"@type\":\"WebSite\",\"@id\":\"https:\\\/\\\/www.valyder.com\\\/ca\\\/#website\",\"url\":\"https:\\\/\\\/www.valyder.com\\\/ca\\\/\",\"name\":\"Valyder\",\"description\":\"Visado electr\u00f3nico para Colegios Profesionales\",\"publisher\":{\"@id\":\"https:\\\/\\\/www.valyder.com\\\/ca\\\/#organization\"},\"potentialAction\":[{\"@type\":\"SearchAction\",\"target\":{\"@type\":\"EntryPoint\",\"urlTemplate\":\"https:\\\/\\\/www.valyder.com\\\/ca\\\/?s={search_term_string}\"},\"query-input\":{\"@type\":\"PropertyValueSpecification\",\"valueRequired\":true,\"valueName\":\"search_term_string\"}}],\"inLanguage\":\"es\"},{\"@type\":\"Organization\",\"@id\":\"https:\\\/\\\/www.valyder.com\\\/ca\\\/#organization\",\"name\":\"Valyder\",\"url\":\"https:\\\/\\\/www.valyder.com\\\/ca\\\/\",\"logo\":{\"@type\":\"ImageObject\",\"inLanguage\":\"es\",\"@id\":\"https:\\\/\\\/www.valyder.com\\\/ca\\\/#\\\/schema\\\/logo\\\/image\\\/\",\"url\":\"https:\\\/\\\/www.valyder.com\\\/wp-content\\\/uploads\\\/2017\\\/03\\\/cropped-logo-2-1.png\",\"contentUrl\":\"https:\\\/\\\/www.valyder.com\\\/wp-content\\\/uploads\\\/2017\\\/03\\\/cropped-logo-2-1.png\",\"width\":250,\"height\":250,\"caption\":\"Valyder\"},\"image\":{\"@id\":\"https:\\\/\\\/www.valyder.com\\\/ca\\\/#\\\/schema\\\/logo\\\/image\\\/\"},\"sameAs\":[\"https:\\\/\\\/x.com\\\/valyder\"]}]}<\/script>\n<!-- \/ Yoast SEO plugin. -->","yoast_head_json":{"title":"Tecnologia transparente &#8211; Valyder","robots":{"index":"index","follow":"follow","max-snippet":"max-snippet:-1","max-image-preview":"max-image-preview:large","max-video-preview":"max-video-preview:-1"},"canonical":"https:\/\/www.valyder.com\/es\/tecnologia\/","og_locale":"es_ES","og_type":"article","og_title":"Tecnologia transparente &#8211; Valyder","og_description":"Usa Valyder con libertad Tanto si eliges implementarlo en tu propio servidor como si prefieres delegarnos el servicio de forma integral, siempre podr\u00e1s utilizar\u00a0Valyder a tu manera. Funciona con todos los ordenadores, sistemas operativos y navegadores. Se puede integrar con otras aplicaciones de gesti\u00f3n (directorios, contabilidad, etc.) Aplicaci\u00f3n r\u00e1pida, segura y usable. Adaptable a las &hellip; Continuar leyendo \"Tecnologia transparente\"","og_url":"https:\/\/www.valyder.com\/es\/tecnologia\/","og_site_name":"Valyder","article_modified_time":"2017-04-10T17:26:05+00:00","og_image":[{"width":2000,"height":600,"url":"https:\/\/www.valyder.com\/wp-content\/uploads\/2017\/03\/navegadors.jpg","type":"image\/jpeg"}],"twitter_card":"summary_large_image","twitter_site":"@valyder","schema":{"@context":"https:\/\/schema.org","@graph":[{"@type":"WebPage","@id":"https:\/\/www.valyder.com\/es\/tecnologia\/","url":"https:\/\/www.valyder.com\/es\/tecnologia\/","name":"Tecnologia transparente &#8211; Valyder","isPartOf":{"@id":"https:\/\/www.valyder.com\/ca\/#website"},"primaryImageOfPage":{"@id":"https:\/\/www.valyder.com\/es\/tecnologia\/#primaryimage"},"image":{"@id":"https:\/\/www.valyder.com\/es\/tecnologia\/#primaryimage"},"thumbnailUrl":"https:\/\/www.valyder.com\/wp-content\/uploads\/2017\/03\/navegadors.jpg","datePublished":"2017-03-07T09:12:19+00:00","dateModified":"2017-04-10T17:26:05+00:00","breadcrumb":{"@id":"https:\/\/www.valyder.com\/es\/tecnologia\/#breadcrumb"},"inLanguage":"es","potentialAction":[{"@type":"ReadAction","target":["https:\/\/www.valyder.com\/es\/tecnologia\/"]}]},{"@type":"ImageObject","inLanguage":"es","@id":"https:\/\/www.valyder.com\/es\/tecnologia\/#primaryimage","url":"https:\/\/www.valyder.com\/wp-content\/uploads\/2017\/03\/navegadors.jpg","contentUrl":"https:\/\/www.valyder.com\/wp-content\/uploads\/2017\/03\/navegadors.jpg","width":2000,"height":600},{"@type":"BreadcrumbList","@id":"https:\/\/www.valyder.com\/es\/tecnologia\/#breadcrumb","itemListElement":[{"@type":"ListItem","position":1,"name":"Inici","item":"https:\/\/www.valyder.com\/es\/"},{"@type":"ListItem","position":2,"name":"Tecnologia transparente"}]},{"@type":"WebSite","@id":"https:\/\/www.valyder.com\/ca\/#website","url":"https:\/\/www.valyder.com\/ca\/","name":"Valyder","description":"Visado electr\u00f3nico para Colegios Profesionales","publisher":{"@id":"https:\/\/www.valyder.com\/ca\/#organization"},"potentialAction":[{"@type":"SearchAction","target":{"@type":"EntryPoint","urlTemplate":"https:\/\/www.valyder.com\/ca\/?s={search_term_string}"},"query-input":{"@type":"PropertyValueSpecification","valueRequired":true,"valueName":"search_term_string"}}],"inLanguage":"es"},{"@type":"Organization","@id":"https:\/\/www.valyder.com\/ca\/#organization","name":"Valyder","url":"https:\/\/www.valyder.com\/ca\/","logo":{"@type":"ImageObject","inLanguage":"es","@id":"https:\/\/www.valyder.com\/ca\/#\/schema\/logo\/image\/","url":"https:\/\/www.valyder.com\/wp-content\/uploads\/2017\/03\/cropped-logo-2-1.png","contentUrl":"https:\/\/www.valyder.com\/wp-content\/uploads\/2017\/03\/cropped-logo-2-1.png","width":250,"height":250,"caption":"Valyder"},"image":{"@id":"https:\/\/www.valyder.com\/ca\/#\/schema\/logo\/image\/"},"sameAs":["https:\/\/x.com\/valyder"]}]}},"_links":{"self":[{"href":"https:\/\/www.valyder.com\/es\/wp-json\/wp\/v2\/pages\/279","targetHints":{"allow":["GET"]}}],"collection":[{"href":"https:\/\/www.valyder.com\/es\/wp-json\/wp\/v2\/pages"}],"about":[{"href":"https:\/\/www.valyder.com\/es\/wp-json\/wp\/v2\/types\/page"}],"author":[{"embeddable":true,"href":"https:\/\/www.valyder.com\/es\/wp-json\/wp\/v2\/users\/1"}],"replies":[{"embeddable":true,"href":"https:\/\/www.valyder.com\/es\/wp-json\/wp\/v2\/comments?post=279"}],"version-history":[{"count":3,"href":"https:\/\/www.valyder.com\/es\/wp-json\/wp\/v2\/pages\/279\/revisions"}],"predecessor-version":[{"id":282,"href":"https:\/\/www.valyder.com\/es\/wp-json\/wp\/v2\/pages\/279\/revisions\/282"}],"wp:featuredmedia":[{"embeddable":true,"href":"https:\/\/www.valyder.com\/es\/wp-json\/wp\/v2\/media\/344"}],"wp:attachment":[{"href":"https:\/\/www.valyder.com\/es\/wp-json\/wp\/v2\/media?parent=279"}],"curies":[{"name":"wp","href":"https:\/\/api.w.org\/{rel}","templated":true}]}}