{"id":288,"date":"2017-03-06T19:49:30","date_gmt":"2017-03-06T18:49:30","guid":{"rendered":"https:\/\/www.valyder.com\/contractar\/"},"modified":"2017-04-25T16:56:02","modified_gmt":"2017-04-25T15:56:02","slug":"contratar","status":"publish","type":"page","link":"https:\/\/www.valyder.com\/es\/contratar\/","title":{"rendered":"C\u00f3mo contratar"},"content":{"rendered":"<h3>Elige c\u00f3mo contratar Valyder seg\u00fan tu conveniencia<\/h3>\n<ul>\n<li><strong>Como aplicaci\u00f3n aut\u00f3noma en tu propio servidor<\/strong>. Nosotros nos ocupamos de dejarlo todo perfectamente adaptado a tus particularidades y listo para usar. El c\u00f3digo fuente ser\u00e1 completamente de tu propiedad y dispondr\u00e1s de\u00a0nuestro soporte\u00a0siempre que lo necesites.<\/li>\n<li><strong>Como servicio contratable por el tiempo que desees<\/strong>. Usa Valyder por una cuota mensual sin preocuparte de servidores y mantenimiento. Lo adaptamos a tus particularidades y te garantizamos un funcionamiento perfecto de forma permanente.<\/li>\n<\/ul>\n<h3>\u00bfCuanto cuesta\u00a0Valyder?<\/h3>\n<p>El precio final de cada modalidad depender\u00e1 de las dimensiones de tu organizaci\u00f3n y sus caracter\u00edsticas particulares.<\/p>\n<p>Ll\u00e1manos al\u00a0<a href=\"tel:977 390 953\">977 390 953<\/a> o contacta con nosotros\u00a0a trav\u00e9s del siguiente formulario.\u00a0Te haremos la mejor propuesta posible para que empieces a usar Valyder\u00a0r\u00e1pidamente.<\/p>\n\n<div class=\"wpcf7 no-js\" id=\"wpcf7-f302-o1\" lang=\"ca\" dir=\"ltr\" data-wpcf7-id=\"302\">\n<div class=\"screen-reader-response\"><p role=\"status\" aria-live=\"polite\" aria-atomic=\"true\"><\/p> <ul><\/ul><\/div>\n<form action=\"\/es\/wp-json\/wp\/v2\/pages\/288#wpcf7-f302-o1\" method=\"post\" class=\"wpcf7-form init\" aria-label=\"Formulari de contacte\" novalidate=\"novalidate\" data-status=\"init\">\n<fieldset class=\"hidden-fields-container\"><input type=\"hidden\" name=\"_wpcf7\" value=\"302\" \/><input type=\"hidden\" name=\"_wpcf7_version\" value=\"6.1.5\" \/><input type=\"hidden\" name=\"_wpcf7_locale\" value=\"ca\" \/><input type=\"hidden\" name=\"_wpcf7_unit_tag\" value=\"wpcf7-f302-o1\" \/><input type=\"hidden\" name=\"_wpcf7_container_post\" value=\"0\" \/><input type=\"hidden\" name=\"_wpcf7_posted_data_hash\" value=\"\" \/><input type=\"hidden\" name=\"_wpcf7_recaptcha_response\" value=\"\" \/>\n<\/fieldset>\n<p><label> Nombre *<br \/>\n<span class=\"wpcf7-form-control-wrap\" data-name=\"nombre\"><input size=\"40\" maxlength=\"400\" class=\"wpcf7-form-control wpcf7-text wpcf7-validates-as-required\" aria-required=\"true\" aria-invalid=\"false\" value=\"\" type=\"text\" name=\"nombre\" \/><\/span> <\/label>\n<\/p>\n<p><label> Correo electr\u00f3nico *<br \/>\n<span class=\"wpcf7-form-control-wrap\" data-name=\"correo-e\"><input size=\"40\" maxlength=\"400\" class=\"wpcf7-form-control wpcf7-email wpcf7-validates-as-required wpcf7-text wpcf7-validates-as-email\" aria-required=\"true\" aria-invalid=\"false\" value=\"\" type=\"email\" name=\"correo-e\" \/><\/span> <\/label>\n<\/p>\n<p><label> Tel\u00e9fono de contacto *<br \/>\n<span class=\"wpcf7-form-control-wrap\" data-name=\"telefono\"><input size=\"40\" maxlength=\"400\" class=\"wpcf7-form-control wpcf7-tel wpcf7-validates-as-required wpcf7-text wpcf7-validates-as-tel\" aria-required=\"true\" aria-invalid=\"false\" value=\"\" type=\"tel\" name=\"telefono\" \/><\/span> <\/label>\n<\/p>\n<p><label> Organizaci\u00f3n *<br \/>\n<span class=\"wpcf7-form-control-wrap\" data-name=\"organizacion\"><input size=\"40\" maxlength=\"400\" class=\"wpcf7-form-control wpcf7-text wpcf7-validates-as-required\" aria-required=\"true\" aria-invalid=\"false\" value=\"\" type=\"text\" name=\"organizacion\" \/><\/span> <\/label>\n<\/p>\n<p><label> Comentarios<br \/>\n<span class=\"wpcf7-form-control-wrap\" data-name=\"comentarios\"><textarea cols=\"40\" rows=\"10\" maxlength=\"2000\" class=\"wpcf7-form-control wpcf7-textarea\" aria-invalid=\"false\" name=\"comentarios\"><\/textarea><\/span> <\/label>\n<\/p>\n<p><span class=\"wpcf7-form-control-wrap\" data-name=\"accept-this\"><span class=\"wpcf7-form-control wpcf7-acceptance\"><span class=\"wpcf7-list-item\"><input type=\"checkbox\" name=\"accept-this\" value=\"1\" aria-invalid=\"false\" \/><\/span><\/span><\/span> Acepto el <a href=\"\/es\/aspectos-legales\/\">tratamiento de datos personales<\/a>\n<\/p>\n<p><input class=\"wpcf7-form-control wpcf7-submit has-spinner\" type=\"submit\" value=\"Enviar\" \/>\n<\/p><p style=\"display: none !important;\" class=\"akismet-fields-container\" data-prefix=\"_wpcf7_ak_\"><label>&#916;<textarea name=\"_wpcf7_ak_hp_textarea\" cols=\"45\" rows=\"8\" maxlength=\"100\"><\/textarea><\/label><input type=\"hidden\" id=\"ak_js_1\" name=\"_wpcf7_ak_js\" value=\"3\"\/><script>document.getElementById( \"ak_js_1\" ).setAttribute( \"value\", ( new Date() ).getTime() );<\/script><\/p><div class=\"wpcf7-response-output\" aria-hidden=\"true\"><\/div>\n<\/form>\n<\/div>\n\n<p><script>\ndocument.addEventListener( 'wpcf7mailsent', function( event ) {\n    location = '\/es\/gracias-contacto\/';\n}, false );\n<\/script><\/p>\n","protected":false},"excerpt":{"rendered":"<p>Elige c\u00f3mo contratar Valyder seg\u00fan tu conveniencia Como aplicaci\u00f3n aut\u00f3noma en tu propio servidor. Nosotros nos ocupamos de dejarlo todo perfectamente adaptado a tus particularidades y listo para usar. El c\u00f3digo fuente ser\u00e1 completamente de tu propiedad y dispondr\u00e1s de\u00a0nuestro soporte\u00a0siempre que lo necesites. Como servicio contratable por el tiempo que desees. Usa Valyder por &hellip; <\/p>\n<p class=\"link-more\"><a href=\"https:\/\/www.valyder.com\/es\/contratar\/\" class=\"more-link\">Continue reading<span class=\"screen-reader-text\"> \u00abC\u00f3mo contratar\u00bb<\/span><\/a><\/p>\n","protected":false},"author":1,"featured_media":0,"parent":0,"menu_order":0,"comment_status":"closed","ping_status":"closed","template":"","meta":{"footnotes":""},"class_list":["post-288","page","type-page","status-publish","hentry"],"yoast_head":"<!-- This site is optimized with the Yoast SEO plugin v27.3 - https:\/\/yoast.com\/product\/yoast-seo-wordpress\/ -->\n<title>C\u00f3mo contratar &#8211; Valyder<\/title>\n<meta name=\"description\" content=\"Conoce las modalidades de contrataci\u00f3n de Valyder.\" \/>\n<meta name=\"robots\" content=\"index, follow, max-snippet:-1, max-image-preview:large, max-video-preview:-1\" \/>\n<link rel=\"canonical\" href=\"https:\/\/www.valyder.com\/es\/contratar\/\" \/>\n<meta property=\"og:locale\" content=\"es_ES\" \/>\n<meta property=\"og:type\" content=\"article\" \/>\n<meta property=\"og:title\" content=\"C\u00f3mo contratar &#8211; Valyder\" \/>\n<meta property=\"og:description\" content=\"Conoce las modalidades de contrataci\u00f3n de Valyder.\" \/>\n<meta property=\"og:url\" content=\"https:\/\/www.valyder.com\/es\/contratar\/\" \/>\n<meta property=\"og:site_name\" content=\"Valyder\" \/>\n<meta property=\"article:modified_time\" content=\"2017-04-25T15:56:02+00:00\" \/>\n<meta name=\"twitter:card\" content=\"summary_large_image\" \/>\n<meta name=\"twitter:site\" content=\"@valyder\" \/>\n<meta name=\"twitter:label1\" content=\"Tiempo de lectura\" \/>\n\t<meta name=\"twitter:data1\" content=\"1 minuto\" \/>\n<script type=\"application\/ld+json\" class=\"yoast-schema-graph\">{\"@context\":\"https:\\\/\\\/schema.org\",\"@graph\":[{\"@type\":\"WebPage\",\"@id\":\"https:\\\/\\\/www.valyder.com\\\/es\\\/contratar\\\/\",\"url\":\"https:\\\/\\\/www.valyder.com\\\/es\\\/contratar\\\/\",\"name\":\"C\u00f3mo contratar &#8211; Valyder\",\"isPartOf\":{\"@id\":\"https:\\\/\\\/www.valyder.com\\\/ca\\\/#website\"},\"datePublished\":\"2017-03-06T18:49:30+00:00\",\"dateModified\":\"2017-04-25T15:56:02+00:00\",\"description\":\"Conoce las modalidades de contrataci\u00f3n de Valyder.\",\"breadcrumb\":{\"@id\":\"https:\\\/\\\/www.valyder.com\\\/es\\\/contratar\\\/#breadcrumb\"},\"inLanguage\":\"es\",\"potentialAction\":[{\"@type\":\"ReadAction\",\"target\":[\"https:\\\/\\\/www.valyder.com\\\/es\\\/contratar\\\/\"]}]},{\"@type\":\"BreadcrumbList\",\"@id\":\"https:\\\/\\\/www.valyder.com\\\/es\\\/contratar\\\/#breadcrumb\",\"itemListElement\":[{\"@type\":\"ListItem\",\"position\":1,\"name\":\"Inici\",\"item\":\"https:\\\/\\\/www.valyder.com\\\/es\\\/\"},{\"@type\":\"ListItem\",\"position\":2,\"name\":\"C\u00f3mo contratar\"}]},{\"@type\":\"WebSite\",\"@id\":\"https:\\\/\\\/www.valyder.com\\\/ca\\\/#website\",\"url\":\"https:\\\/\\\/www.valyder.com\\\/ca\\\/\",\"name\":\"Valyder\",\"description\":\"Visado electr\u00f3nico para Colegios Profesionales\",\"publisher\":{\"@id\":\"https:\\\/\\\/www.valyder.com\\\/ca\\\/#organization\"},\"potentialAction\":[{\"@type\":\"SearchAction\",\"target\":{\"@type\":\"EntryPoint\",\"urlTemplate\":\"https:\\\/\\\/www.valyder.com\\\/ca\\\/?s={search_term_string}\"},\"query-input\":{\"@type\":\"PropertyValueSpecification\",\"valueRequired\":true,\"valueName\":\"search_term_string\"}}],\"inLanguage\":\"es\"},{\"@type\":\"Organization\",\"@id\":\"https:\\\/\\\/www.valyder.com\\\/ca\\\/#organization\",\"name\":\"Valyder\",\"url\":\"https:\\\/\\\/www.valyder.com\\\/ca\\\/\",\"logo\":{\"@type\":\"ImageObject\",\"inLanguage\":\"es\",\"@id\":\"https:\\\/\\\/www.valyder.com\\\/ca\\\/#\\\/schema\\\/logo\\\/image\\\/\",\"url\":\"https:\\\/\\\/www.valyder.com\\\/wp-content\\\/uploads\\\/2017\\\/03\\\/cropped-logo-2-1.png\",\"contentUrl\":\"https:\\\/\\\/www.valyder.com\\\/wp-content\\\/uploads\\\/2017\\\/03\\\/cropped-logo-2-1.png\",\"width\":250,\"height\":250,\"caption\":\"Valyder\"},\"image\":{\"@id\":\"https:\\\/\\\/www.valyder.com\\\/ca\\\/#\\\/schema\\\/logo\\\/image\\\/\"},\"sameAs\":[\"https:\\\/\\\/x.com\\\/valyder\"]}]}<\/script>\n<!-- \/ Yoast SEO plugin. -->","yoast_head_json":{"title":"C\u00f3mo contratar &#8211; Valyder","description":"Conoce las modalidades de contrataci\u00f3n de Valyder.","robots":{"index":"index","follow":"follow","max-snippet":"max-snippet:-1","max-image-preview":"max-image-preview:large","max-video-preview":"max-video-preview:-1"},"canonical":"https:\/\/www.valyder.com\/es\/contratar\/","og_locale":"es_ES","og_type":"article","og_title":"C\u00f3mo contratar &#8211; Valyder","og_description":"Conoce las modalidades de contrataci\u00f3n de Valyder.","og_url":"https:\/\/www.valyder.com\/es\/contratar\/","og_site_name":"Valyder","article_modified_time":"2017-04-25T15:56:02+00:00","twitter_card":"summary_large_image","twitter_site":"@valyder","twitter_misc":{"Tiempo de lectura":"1 minuto"},"schema":{"@context":"https:\/\/schema.org","@graph":[{"@type":"WebPage","@id":"https:\/\/www.valyder.com\/es\/contratar\/","url":"https:\/\/www.valyder.com\/es\/contratar\/","name":"C\u00f3mo contratar &#8211; Valyder","isPartOf":{"@id":"https:\/\/www.valyder.com\/ca\/#website"},"datePublished":"2017-03-06T18:49:30+00:00","dateModified":"2017-04-25T15:56:02+00:00","description":"Conoce las modalidades de contrataci\u00f3n de Valyder.","breadcrumb":{"@id":"https:\/\/www.valyder.com\/es\/contratar\/#breadcrumb"},"inLanguage":"es","potentialAction":[{"@type":"ReadAction","target":["https:\/\/www.valyder.com\/es\/contratar\/"]}]},{"@type":"BreadcrumbList","@id":"https:\/\/www.valyder.com\/es\/contratar\/#breadcrumb","itemListElement":[{"@type":"ListItem","position":1,"name":"Inici","item":"https:\/\/www.valyder.com\/es\/"},{"@type":"ListItem","position":2,"name":"C\u00f3mo contratar"}]},{"@type":"WebSite","@id":"https:\/\/www.valyder.com\/ca\/#website","url":"https:\/\/www.valyder.com\/ca\/","name":"Valyder","description":"Visado electr\u00f3nico para Colegios Profesionales","publisher":{"@id":"https:\/\/www.valyder.com\/ca\/#organization"},"potentialAction":[{"@type":"SearchAction","target":{"@type":"EntryPoint","urlTemplate":"https:\/\/www.valyder.com\/ca\/?s={search_term_string}"},"query-input":{"@type":"PropertyValueSpecification","valueRequired":true,"valueName":"search_term_string"}}],"inLanguage":"es"},{"@type":"Organization","@id":"https:\/\/www.valyder.com\/ca\/#organization","name":"Valyder","url":"https:\/\/www.valyder.com\/ca\/","logo":{"@type":"ImageObject","inLanguage":"es","@id":"https:\/\/www.valyder.com\/ca\/#\/schema\/logo\/image\/","url":"https:\/\/www.valyder.com\/wp-content\/uploads\/2017\/03\/cropped-logo-2-1.png","contentUrl":"https:\/\/www.valyder.com\/wp-content\/uploads\/2017\/03\/cropped-logo-2-1.png","width":250,"height":250,"caption":"Valyder"},"image":{"@id":"https:\/\/www.valyder.com\/ca\/#\/schema\/logo\/image\/"},"sameAs":["https:\/\/x.com\/valyder"]}]}},"_links":{"self":[{"href":"https:\/\/www.valyder.com\/es\/wp-json\/wp\/v2\/pages\/288","targetHints":{"allow":["GET"]}}],"collection":[{"href":"https:\/\/www.valyder.com\/es\/wp-json\/wp\/v2\/pages"}],"about":[{"href":"https:\/\/www.valyder.com\/es\/wp-json\/wp\/v2\/types\/page"}],"author":[{"embeddable":true,"href":"https:\/\/www.valyder.com\/es\/wp-json\/wp\/v2\/users\/1"}],"replies":[{"embeddable":true,"href":"https:\/\/www.valyder.com\/es\/wp-json\/wp\/v2\/comments?post=288"}],"version-history":[{"count":10,"href":"https:\/\/www.valyder.com\/es\/wp-json\/wp\/v2\/pages\/288\/revisions"}],"predecessor-version":[{"id":404,"href":"https:\/\/www.valyder.com\/es\/wp-json\/wp\/v2\/pages\/288\/revisions\/404"}],"wp:attachment":[{"href":"https:\/\/www.valyder.com\/es\/wp-json\/wp\/v2\/media?parent=288"}],"curies":[{"name":"wp","href":"https:\/\/api.w.org\/{rel}","templated":true}]}}