{"id":414,"date":"2018-06-28T17:10:40","date_gmt":"2018-06-28T16:10:40","guid":{"rendered":"https:\/\/www.valyder.com\/?page_id=414"},"modified":"2018-06-28T17:10:40","modified_gmt":"2018-06-28T16:10:40","slug":"politica-de-cookies","status":"publish","type":"page","link":"https:\/\/www.valyder.com\/es\/politica-de-cookies\/","title":{"rendered":"Pol\u00edtica de cookies"},"content":{"rendered":"<h3>Sobre el uso de las cookies en este sitio web<\/h3>\n<p>Una cookie es un peque\u00f1o fragmento de c\u00f3digo que los sitios web que visitas env\u00edan en su navegador. Su funci\u00f3n es diversa, por ejemplo:<\/p>\n<ul>\n<li>Hay galletas de preferencias, que sirven por ejemplo para recordar el idioma que has elegido para navegar.<\/li>\n<li>Hay galletas de procesos, que cuando accedes a un \u00e1rea privada memorizan algunos datos para tener en cuenta el d\u00eda que vuelvas. Y si est\u00e1s en una tienda en l\u00ednea, permiten rellenar el carrito de la compra a medida que vas eligiendo productos.<\/li>\n<li>Tambi\u00e9n hay <em> cookies <\/em> de seguridad, que sirven para impedir que alguien haga un uso fraudulento de tus credenciales de acceso.<\/li>\n<\/ul>\n<p>En estos casos las <em> cookies <\/em> consiguen que los sitios web sean m\u00e1s \u00fatiles para ti.<\/p>\n<p>En este lugar tambi\u00e9n utilizamos <em> cookies <\/em> de an\u00e1lisis, concretamente para que Google Analytics nos d\u00e9 datos sobre las visitas, siempre de forma an\u00f3nima, y \u200b\u200bpodamos mejorar los contenidos que ofrecemos.<\/p>\n<p>Para nosotros las <em> cookies <\/em> son un recurso para hacer que la web sea m\u00e1s efectivo, \u00fatil y pr\u00e1ctico para ti. Siempre respetamos tu intimidad y la de todas las personas que nos visitan, como debe ser.<\/p>\n<h3>Cookies que se utilizan<\/h3>\n<table>\n<tbody>\n<tr>\n<td><strong> Cookie <\/strong><\/td>\n<td><strong> Prop\u00f3sito <\/strong><\/td>\n<\/tr>\n<tr>\n<td>wordpress_logged_in_ [hash] \/ wordpress_ [hash]<\/td>\n<td>Identificaci\u00f3n del usuario<\/td>\n<\/tr>\n<tr>\n<td>wordpress_test_cookie<\/td>\n<td>Verifica el funcionamiento de las <em> cookies <\/em><\/td>\n<\/tr>\n<tr>\n<td>tk_ni \/ tk_ai \/ tk_qs<\/td>\n<td>M\u00e9tricas internas del usuario identificado<\/td>\n<\/tr>\n<tr>\n<td>wordpress-setting-xxxx \/ wordpress-setting-time-xxxx<\/td>\n<td>Personalizaci\u00f3n de la interfaz de administraci\u00f3n del sitio<\/td>\n<\/tr>\n<tr>\n<td>wordpress_sec_ [hash]<\/td>\n<td>Conexi\u00f3n del \u00e1rea administrativa con el servicio de WordPress<\/td>\n<\/tr>\n<tr>\n<td>viewed_cookie_policy<\/td>\n<td>Indica si se ha mostrado el aviso de <em> cookies <\/em><\/td>\n<\/tr>\n<tr>\n<td>moove_gdpr_popup<\/td>\n<td>Indica las preferencias de <em> cookies <\/em> del usuario actual<\/td>\n<\/tr>\n<tr>\n<td>gsScrollPos- [num]<\/td>\n<td>Cach\u00e9 de optimizaci\u00f3n de la visualizaci\u00f3n de los mapas interactivos<\/td>\n<\/tr>\n<tr>\n<td>UTMA \/ UTMB \/ utmc \/ utmt \/ utmz \/ _ga \/ _gat \/ _gac \/ _gid<\/td>\n<td>Usadas por Google Analytics para diferenciar usuarios. Recopilan datos sobre interacci\u00f3n con el sitio web<\/td>\n<\/tr>\n<tr>\n<td>AMP_TOKEN<\/td>\n<td>Identificaci\u00f3n de Google Analytics AMP Cliente ID<\/td>\n<\/tr>\n<\/tbody>\n<\/table>\n<p>&nbsp;<\/p>\n<h3>Puedes cambiar de opini\u00f3n y eliminar las <em> cookies <\/em> cuando t\u00fa quieras<\/h3>\n<p style=\"text-align: center;\"><a class=\"button\" href=\"#moove_gdpr_cookie_modal\"> Configurar tus preferencias <\/a><\/p>\n<p>Tambi\u00e9n puedes consultar y gestionar las <em> cookies <\/em> instaladas en tu equipo. Por ello, hay que cambiar la configuraci\u00f3n de tu navegador. Encontrar\u00e1s informaci\u00f3n detallada en los siguientes enlaces:<\/p>\n<ul>\n<li>Si navegas con Firefox: <a href=\"http:\/\/support.mozilla.org\/es\/products\/firefox\/privacy-and-security\/cookies\" target=\"_blank\" rel=\"noopener\"> http: \/\/support.mozilla.org\/es\/products\/firefox\/privacy-and-security\/cookies <\/a><\/li>\n<li>Si navegas con Chrome: <a href=\"http:\/\/support.google.com\/chrome\/bin\/answer.py?hl=es&amp;answer=95647\" target=\"_blank\" rel=\"noopener\"> http:\/\/support.google.com\/chrome\/bin\/answer.py?hl=es&amp;answer=95647 <\/a><\/li>\n<li>Si navegas con Internet Explorer: <a href=\"http:\/\/windows.microsoft.com\/es-es\/windows7\/how-to-manage-cookies-in-internet-explorer-9\" target=\"_ blank \" rel=\" noopener \"> http:\/\/windows.microsoft.com\/es-es\/windows7\/how-to-manage-cookies-in-internet-explorer-9 <\/a><\/li>\n<li>Si navegas con Safari: <a href=\"http:\/\/support.apple.com\/kb\/ph5042\" target=\"_blank\" rel=\"noopener\"> http:\/\/support.apple.com\/kb\/ ph5042 <\/a><\/li>\n<\/ul>\n","protected":false},"excerpt":{"rendered":"<p>Sobre el uso de las cookies en este sitio web Una cookie es un peque\u00f1o fragmento de c\u00f3digo que los sitios web que visitas env\u00edan en su navegador. Su funci\u00f3n es diversa, por ejemplo: Hay galletas de preferencias, que sirven por ejemplo para recordar el idioma que has elegido para navegar. Hay galletas de procesos, &hellip; <\/p>\n<p class=\"link-more\"><a href=\"https:\/\/www.valyder.com\/es\/politica-de-cookies\/\" class=\"more-link\">Continuar leyendo<span class=\"screen-reader-text\"> \u00abPol\u00edtica de cookies\u00bb<\/span><\/a><\/p>\n","protected":false},"author":1,"featured_media":0,"parent":0,"menu_order":0,"comment_status":"closed","ping_status":"closed","template":"","meta":{"footnotes":""},"class_list":["post-414","page","type-page","status-publish","hentry"],"yoast_head":"<!-- This site is optimized with the Yoast SEO plugin v27.3 - https:\/\/yoast.com\/product\/yoast-seo-wordpress\/ -->\n<title>Pol\u00edtica de cookies &#8211; Valyder<\/title>\n<meta name=\"robots\" content=\"index, follow, max-snippet:-1, max-image-preview:large, max-video-preview:-1\" \/>\n<link rel=\"canonical\" href=\"https:\/\/www.valyder.com\/es\/politica-de-cookies\/\" \/>\n<meta property=\"og:locale\" content=\"es_ES\" \/>\n<meta property=\"og:type\" content=\"article\" \/>\n<meta property=\"og:title\" content=\"Pol\u00edtica de cookies &#8211; Valyder\" \/>\n<meta property=\"og:description\" content=\"Sobre el uso de las cookies en este sitio web Una cookie es un peque\u00f1o fragmento de c\u00f3digo que los sitios web que visitas env\u00edan en su navegador. Su funci\u00f3n es diversa, por ejemplo: Hay galletas de preferencias, que sirven por ejemplo para recordar el idioma que has elegido para navegar. Hay galletas de procesos, &hellip; Continuar leyendo &quot;Pol\u00edtica de cookies&quot;\" \/>\n<meta property=\"og:url\" content=\"https:\/\/www.valyder.com\/es\/politica-de-cookies\/\" \/>\n<meta property=\"og:site_name\" content=\"Valyder\" \/>\n<meta name=\"twitter:card\" content=\"summary_large_image\" \/>\n<meta name=\"twitter:site\" content=\"@valyder\" \/>\n<meta name=\"twitter:label1\" content=\"Tiempo de lectura\" \/>\n\t<meta name=\"twitter:data1\" content=\"2 minutos\" \/>\n<script type=\"application\/ld+json\" class=\"yoast-schema-graph\">{\"@context\":\"https:\\\/\\\/schema.org\",\"@graph\":[{\"@type\":\"WebPage\",\"@id\":\"https:\\\/\\\/www.valyder.com\\\/es\\\/politica-de-cookies\\\/\",\"url\":\"https:\\\/\\\/www.valyder.com\\\/es\\\/politica-de-cookies\\\/\",\"name\":\"Pol\u00edtica de cookies &#8211; Valyder\",\"isPartOf\":{\"@id\":\"https:\\\/\\\/www.valyder.com\\\/ca\\\/#website\"},\"datePublished\":\"2018-06-28T16:10:40+00:00\",\"breadcrumb\":{\"@id\":\"https:\\\/\\\/www.valyder.com\\\/es\\\/politica-de-cookies\\\/#breadcrumb\"},\"inLanguage\":\"es\",\"potentialAction\":[{\"@type\":\"ReadAction\",\"target\":[\"https:\\\/\\\/www.valyder.com\\\/es\\\/politica-de-cookies\\\/\"]}]},{\"@type\":\"BreadcrumbList\",\"@id\":\"https:\\\/\\\/www.valyder.com\\\/es\\\/politica-de-cookies\\\/#breadcrumb\",\"itemListElement\":[{\"@type\":\"ListItem\",\"position\":1,\"name\":\"Inici\",\"item\":\"https:\\\/\\\/www.valyder.com\\\/es\\\/\"},{\"@type\":\"ListItem\",\"position\":2,\"name\":\"Pol\u00edtica de cookies\"}]},{\"@type\":\"WebSite\",\"@id\":\"https:\\\/\\\/www.valyder.com\\\/ca\\\/#website\",\"url\":\"https:\\\/\\\/www.valyder.com\\\/ca\\\/\",\"name\":\"Valyder\",\"description\":\"Visado electr\u00f3nico para Colegios Profesionales\",\"publisher\":{\"@id\":\"https:\\\/\\\/www.valyder.com\\\/ca\\\/#organization\"},\"potentialAction\":[{\"@type\":\"SearchAction\",\"target\":{\"@type\":\"EntryPoint\",\"urlTemplate\":\"https:\\\/\\\/www.valyder.com\\\/ca\\\/?s={search_term_string}\"},\"query-input\":{\"@type\":\"PropertyValueSpecification\",\"valueRequired\":true,\"valueName\":\"search_term_string\"}}],\"inLanguage\":\"es\"},{\"@type\":\"Organization\",\"@id\":\"https:\\\/\\\/www.valyder.com\\\/ca\\\/#organization\",\"name\":\"Valyder\",\"url\":\"https:\\\/\\\/www.valyder.com\\\/ca\\\/\",\"logo\":{\"@type\":\"ImageObject\",\"inLanguage\":\"es\",\"@id\":\"https:\\\/\\\/www.valyder.com\\\/ca\\\/#\\\/schema\\\/logo\\\/image\\\/\",\"url\":\"https:\\\/\\\/www.valyder.com\\\/wp-content\\\/uploads\\\/2017\\\/03\\\/cropped-logo-2-1.png\",\"contentUrl\":\"https:\\\/\\\/www.valyder.com\\\/wp-content\\\/uploads\\\/2017\\\/03\\\/cropped-logo-2-1.png\",\"width\":250,\"height\":250,\"caption\":\"Valyder\"},\"image\":{\"@id\":\"https:\\\/\\\/www.valyder.com\\\/ca\\\/#\\\/schema\\\/logo\\\/image\\\/\"},\"sameAs\":[\"https:\\\/\\\/x.com\\\/valyder\"]}]}<\/script>\n<!-- \/ Yoast SEO plugin. -->","yoast_head_json":{"title":"Pol\u00edtica de cookies &#8211; Valyder","robots":{"index":"index","follow":"follow","max-snippet":"max-snippet:-1","max-image-preview":"max-image-preview:large","max-video-preview":"max-video-preview:-1"},"canonical":"https:\/\/www.valyder.com\/es\/politica-de-cookies\/","og_locale":"es_ES","og_type":"article","og_title":"Pol\u00edtica de cookies &#8211; Valyder","og_description":"Sobre el uso de las cookies en este sitio web Una cookie es un peque\u00f1o fragmento de c\u00f3digo que los sitios web que visitas env\u00edan en su navegador. Su funci\u00f3n es diversa, por ejemplo: Hay galletas de preferencias, que sirven por ejemplo para recordar el idioma que has elegido para navegar. Hay galletas de procesos, &hellip; Continuar leyendo \"Pol\u00edtica de cookies\"","og_url":"https:\/\/www.valyder.com\/es\/politica-de-cookies\/","og_site_name":"Valyder","twitter_card":"summary_large_image","twitter_site":"@valyder","twitter_misc":{"Tiempo de lectura":"2 minutos"},"schema":{"@context":"https:\/\/schema.org","@graph":[{"@type":"WebPage","@id":"https:\/\/www.valyder.com\/es\/politica-de-cookies\/","url":"https:\/\/www.valyder.com\/es\/politica-de-cookies\/","name":"Pol\u00edtica de cookies &#8211; Valyder","isPartOf":{"@id":"https:\/\/www.valyder.com\/ca\/#website"},"datePublished":"2018-06-28T16:10:40+00:00","breadcrumb":{"@id":"https:\/\/www.valyder.com\/es\/politica-de-cookies\/#breadcrumb"},"inLanguage":"es","potentialAction":[{"@type":"ReadAction","target":["https:\/\/www.valyder.com\/es\/politica-de-cookies\/"]}]},{"@type":"BreadcrumbList","@id":"https:\/\/www.valyder.com\/es\/politica-de-cookies\/#breadcrumb","itemListElement":[{"@type":"ListItem","position":1,"name":"Inici","item":"https:\/\/www.valyder.com\/es\/"},{"@type":"ListItem","position":2,"name":"Pol\u00edtica de cookies"}]},{"@type":"WebSite","@id":"https:\/\/www.valyder.com\/ca\/#website","url":"https:\/\/www.valyder.com\/ca\/","name":"Valyder","description":"Visado electr\u00f3nico para Colegios Profesionales","publisher":{"@id":"https:\/\/www.valyder.com\/ca\/#organization"},"potentialAction":[{"@type":"SearchAction","target":{"@type":"EntryPoint","urlTemplate":"https:\/\/www.valyder.com\/ca\/?s={search_term_string}"},"query-input":{"@type":"PropertyValueSpecification","valueRequired":true,"valueName":"search_term_string"}}],"inLanguage":"es"},{"@type":"Organization","@id":"https:\/\/www.valyder.com\/ca\/#organization","name":"Valyder","url":"https:\/\/www.valyder.com\/ca\/","logo":{"@type":"ImageObject","inLanguage":"es","@id":"https:\/\/www.valyder.com\/ca\/#\/schema\/logo\/image\/","url":"https:\/\/www.valyder.com\/wp-content\/uploads\/2017\/03\/cropped-logo-2-1.png","contentUrl":"https:\/\/www.valyder.com\/wp-content\/uploads\/2017\/03\/cropped-logo-2-1.png","width":250,"height":250,"caption":"Valyder"},"image":{"@id":"https:\/\/www.valyder.com\/ca\/#\/schema\/logo\/image\/"},"sameAs":["https:\/\/x.com\/valyder"]}]}},"_links":{"self":[{"href":"https:\/\/www.valyder.com\/es\/wp-json\/wp\/v2\/pages\/414","targetHints":{"allow":["GET"]}}],"collection":[{"href":"https:\/\/www.valyder.com\/es\/wp-json\/wp\/v2\/pages"}],"about":[{"href":"https:\/\/www.valyder.com\/es\/wp-json\/wp\/v2\/types\/page"}],"author":[{"embeddable":true,"href":"https:\/\/www.valyder.com\/es\/wp-json\/wp\/v2\/users\/1"}],"replies":[{"embeddable":true,"href":"https:\/\/www.valyder.com\/es\/wp-json\/wp\/v2\/comments?post=414"}],"version-history":[{"count":1,"href":"https:\/\/www.valyder.com\/es\/wp-json\/wp\/v2\/pages\/414\/revisions"}],"predecessor-version":[{"id":415,"href":"https:\/\/www.valyder.com\/es\/wp-json\/wp\/v2\/pages\/414\/revisions\/415"}],"wp:attachment":[{"href":"https:\/\/www.valyder.com\/es\/wp-json\/wp\/v2\/media?parent=414"}],"curies":[{"name":"wp","href":"https:\/\/api.w.org\/{rel}","templated":true}]}}